{"id":22876,"date":"2024-10-21T14:54:11","date_gmt":"2024-10-21T14:54:11","guid":{"rendered":"https:\/\/online.123.clinic\/?post_type=product&#038;p=22876"},"modified":"2025-09-23T14:38:15","modified_gmt":"2025-09-23T14:38:15","slug":"injecoes-xl","status":"publish","type":"product","link":"https:\/\/online.123.clinic\/pt-pt\/product\/injecoes-xl\/","title":{"rendered":"Inje\u00e7\u00f5es de branqueamento da pele Plan XL \u2013 40 inje\u00e7\u00f5es otimizadas com 11 ingredientes \u2013 5 semanas \u2013 tudo inclu\u00eddo"},"content":{"rendered":"<p>\u2713 O plano \u00e9 feito para que receba os produtos na morada que desejar com assist\u00eancia permanente inclu\u00edda sempre que quiser<\/p>\n<p>\u2713 Os produtos n\u00e3o s\u00e3o medicamentos, mas sim classificados na categoria de suplementos alimentares. Sendo antioxidantes, o principal efeito \u00e9 o branqueamento da pele, mas t\u00eam mais de 15 benef\u00edcios comprovados para a sa\u00fade desde sempre, como o refor\u00e7o do sistema imunit\u00e1rio, a elasticidade da pele, o anti-envelhecimento, etc.<\/p>\n<p>\u2713 Ajuda a purificar a pele, o plano revela uma tez mais luminosa e radiante, ao mesmo tempo que combate a hiperpigmenta\u00e7\u00e3o para uma pele mais suave. Melhora a sa\u00fade da pele repondo os nutrientes e desintoxicando, ajudando a eliminar os radicais livres. Previne as rugas prematuras e os sinais de envelhecimento, garantindo uma apar\u00eancia jovem.<\/p>\n<p><strong>Descri\u00e7\u00e3o dos produtos e benef\u00edcios<\/strong><\/p>\n<p>\u2713 O plano inclui 20 ampolas injet\u00e1veis \u200b\u200bde 5 ml otimizadas para o branqueamento da pele contendo cada uma:<\/p>\n<ul>\n<li>1.000 mg de glutationa lipossomal para apoiar o bem-estar da pele, aumentando os n\u00edveis de antioxidantes e ajudando na desintoxica\u00e7\u00e3o<\/li>\n<li>300 mg de inibidores da melanina SLC24A5 para clarear manchas escuras, hiperpigmenta\u00e7\u00e3o e obter um tom de pele uniforme<\/li>\n<li>1000 mg de vitamina C lipossomal para estimular a produ\u00e7\u00e3o de colag\u00e9nio, reduzir o aparecimento de rugas e melhorar a elasticidade da pele<\/li>\n<li>300 mg de \u00e1cido alfalip\u00f3ico para revitalizar a pele, minimizando as linhas finas e promovendo uma tez mais jovem<\/li>\n<li>200 mg de Coenzima Q10 para revitalizar as c\u00e9lulas da pele, reduzir as rugas e melhorar a vitalidade geral da pele<\/li>\n<\/ul>\n<p>\u2713 O plano inclui mais 10 ampolas injet\u00e1veis \u200b\u200bde 5ml otimizadas para o branqueamento da pele, cada uma contendo:<\/p>\n<ul>\n<li>300 mg de N-acetil-L-ciste\u00edna, um poderoso antioxidante que protege a pele dos efeitos do envelhecimento, promove a hidrata\u00e7\u00e3o, reduz o acne e os problemas de pigmenta\u00e7\u00e3o<\/li>\n<li>200 mg de antioxidante de cardo mariano que promove uma pele clara e reduz a inflama\u00e7\u00e3o, contribuindo para uma pele mais radiante<\/li>\n<li>100 mg do oligoelemento sel\u00e9nio para estimular os mecanismos de defesa da pele e reduzir a inflama\u00e7\u00e3o. Com a glutationa fortalece a pele contra as agress\u00f5es externas<\/li>\n<li>300 mg de \u00e1cido alfalip\u00f3ico para revitalizar a pele, minimizando as linhas finas e promovendo uma tez mais jovem<\/li>\n<li>1000 mg de vitamina C lipossomal para combater os radicais livres, melhorar a s\u00edntese de colag\u00e9nio e ajudar a obter uma tez hidratada e uniforme<\/li>\n<li>100 mg de L-glicina essencial para manter a pele jovem e el\u00e1stica. Ajuda na produ\u00e7\u00e3o de colag\u00e9nio e repara a pele danificada, mantendo a tez brilhante e resistente<\/li>\n<\/ul>\n<p>\u2713 O plano inclui ent\u00e3o mais 10 ampolas injet\u00e1veis \u200b\u200bde 5ml otimizadas para o branqueamento da pele, cada uma contendo:<\/p>\n<ul>\n<li>300 mg de \u00e1cido alfa lip\u00f3ico para reduzir as rugas, neutralizar os radicais livres, melhorar o tom e a textura da pele, reter a hidrata\u00e7\u00e3o para um aspeto hidratado<\/li>\n<li>200 mg de antioxidante de cardo mariano que promove uma pele clara e um aspeto mais brilhante<\/li>\n<li>100 mg de Coenzima Q10 para reduzir as linhas finas e rugas, estimular a regenera\u00e7\u00e3o celular e proporcionar prote\u00e7\u00e3o antioxidante, melhorando a firmeza e elasticidade da pele<\/li>\n<li>1000 mg de extratos de colag\u00e9nio de origem vegetal para repor os n\u00edveis de colag\u00e9nio e essenciais para manter a elasticidade, for\u00e7a e elasticidade da pele<\/li>\n<li>1000 mg de vitamina C para regenera\u00e7\u00e3o natural, repara a pele danificada e inibe a produ\u00e7\u00e3o de melanina para uma pele mais brilhante e uniforme<\/li>\n<\/ul>\n<p><strong>Posologia, contra-indica\u00e7\u00f5es e uso<\/strong><\/p>\n<p>\u2713 Cada ampola deve ser tomada como solu\u00e7\u00e3o intravenosa. (nas veias) ou inje\u00e7\u00e3o IM (nos m\u00fasculos) com gotejamento ou seringas de acordo com a pr\u00e1tica do enfermeiro<\/p>\n<p>\u2713 Cada inje\u00e7\u00e3o (sob supervis\u00e3o m\u00e9dica e de acordo com os regulamentos locais) permite maximizar os efeitos branqueadores com a mais elevada taxa de absor\u00e7\u00e3o<\/p>\n<p>\u2713 Os produtos s\u00e3o adequados para qualquer pessoa, exceto pessoas com problemas de f\u00edgado, alergias a antioxidantes ou mulheres gr\u00e1vidas<\/p>\n<p><strong>Dura\u00e7\u00e3o do plano<\/strong><\/p>\n<p>\u2713 10 sess\u00f5es durante 5 semanas (2 sess\u00f5es por semana x2 com 1 sess\u00e3o com primeiro tipo de biber\u00e3o + 1 sess\u00e3o com segundo ou terceiro tipo de biber\u00e3o)<\/p>\n<p><strong>Resultados e objetivos<\/strong><\/p>\n<p>\u2713 Recomendado para fototipo de pele em torno de V<\/p>\n<p>\u2713 Dependendo do seu metabolismo e tipo de pele, o plano foi elaborado para durar um ano e perder cerca de dois n\u00edveis de tipo de pele<\/p>\n<p><strong>Benef\u00edcios do plano<\/strong><\/p>\n<p>\u2713 Poupa em m\u00e9dia 3.110$ a 6.650$ se o fizer em cl\u00ednicas como em Mumbai ou Istambul e mais noutros locais<\/p>\n<p>\u2713 \u00c9 uma solu\u00e7\u00e3o c\u00f3moda e econ\u00f3mica para quem n\u00e3o o pode fazer nas cl\u00ednicas e beneficia da assist\u00eancia 24 horas por dia, 7 dias por semana inclu\u00edda no plano<\/p>\n<p>\u2713 Enviado para todo o mundo com taxas de envio e seguimento inclu\u00eddas<\/p>\n","protected":false},"excerpt":{"rendered":"<p>\u2713 O plano \u00e9 feito para que receba os produtos na morada que desejar com assist\u00eancia permanente inclu\u00edda sempre que<\/p>\n","protected":false},"featured_media":21975,"template":"","meta":[],"pwb-brand":[],"product_brand":[],"product_cat":[129],"product_tag":[],"class_list":{"0":"post-22876","1":"product","2":"type-product","3":"status-publish","4":"has-post-thumbnail","6":"product_cat-injecao-de-clareamento-da-pele","8":"first","9":"instock","10":"shipping-taxable","11":"purchasable","12":"product-type-simple"},"jetpack_sharing_enabled":true,"brands":[],"_links":{"self":[{"href":"https:\/\/online.123.clinic\/pt-pt\/wp-json\/wp\/v2\/product\/22876","targetHints":{"allow":["GET"]}}],"collection":[{"href":"https:\/\/online.123.clinic\/pt-pt\/wp-json\/wp\/v2\/product"}],"about":[{"href":"https:\/\/online.123.clinic\/pt-pt\/wp-json\/wp\/v2\/types\/product"}],"version-history":[{"count":4,"href":"https:\/\/online.123.clinic\/pt-pt\/wp-json\/wp\/v2\/product\/22876\/revisions"}],"predecessor-version":[{"id":23419,"href":"https:\/\/online.123.clinic\/pt-pt\/wp-json\/wp\/v2\/product\/22876\/revisions\/23419"}],"wp:featuredmedia":[{"embeddable":true,"href":"https:\/\/online.123.clinic\/pt-pt\/wp-json\/wp\/v2\/media\/21975"}],"wp:attachment":[{"href":"https:\/\/online.123.clinic\/pt-pt\/wp-json\/wp\/v2\/media?parent=22876"}],"wp:term":[{"taxonomy":"pwb-brand","embeddable":true,"href":"https:\/\/online.123.clinic\/pt-pt\/wp-json\/wp\/v2\/pwb-brand?post=22876"},{"taxonomy":"product_brand","embeddable":true,"href":"https:\/\/online.123.clinic\/pt-pt\/wp-json\/wp\/v2\/product_brand?post=22876"},{"taxonomy":"product_cat","embeddable":true,"href":"https:\/\/online.123.clinic\/pt-pt\/wp-json\/wp\/v2\/product_cat?post=22876"},{"taxonomy":"product_tag","embeddable":true,"href":"https:\/\/online.123.clinic\/pt-pt\/wp-json\/wp\/v2\/product_tag?post=22876"}],"curies":[{"name":"wp","href":"https:\/\/api.w.org\/{rel}","templated":true}]}}