{"id":22870,"date":"2024-10-21T14:38:00","date_gmt":"2024-10-21T14:38:00","guid":{"rendered":"https:\/\/online.123.clinic\/?post_type=product&#038;p=22870"},"modified":"2025-06-02T12:01:31","modified_gmt":"2025-06-02T12:01:31","slug":"injecoes-plan-s","status":"publish","type":"product","link":"https:\/\/online.123.clinic\/pt-pt\/product\/injecoes-plan-s\/","title":{"rendered":"Inje\u00e7\u00f5es de branqueamento da pele Plan S \u2013 10 inje\u00e7\u00f5es otimizadas com 5 ingredientes \u2013 3 semanas \u2013 tudo inclu\u00eddo"},"content":{"rendered":"<p>\u2713 O plano \u00e9 feito para que receba os produtos na morada que desejar com assist\u00eancia permanente inclu\u00edda sempre que quiser<\/p>\n<p>\u2713 Os produtos n\u00e3o s\u00e3o medicamentos, mas sim classificados na categoria de suplementos alimentares. Sendo antioxidantes, o principal efeito \u00e9 o branqueamento da pele, mas t\u00eam mais de 15 benef\u00edcios comprovados para a sa\u00fade desde sempre, como o refor\u00e7o do sistema imunit\u00e1rio, a elasticidade da pele, o anti-envelhecimento, etc.<\/p>\n<p>\u2713 Ajuda a purificar a pele, o plano revela uma tez mais luminosa e radiante, ao mesmo tempo que combate a hiperpigmenta\u00e7\u00e3o para uma pele mais suave. Melhora a sa\u00fade da pele repondo os nutrientes e desintoxicando, ajudando a eliminar os radicais livres. Previne as rugas prematuras e os sinais de envelhecimento, garantindo uma apar\u00eancia jovem.<\/p>\n<p><strong>Descri\u00e7\u00e3o dos produtos e benef\u00edcios<\/strong><\/p>\n<p>\u2713 O plano inclui 10 ampolas injet\u00e1veis \u200b\u200bde 5 ml otimizadas para o branqueamento da pele contendo:<\/p>\n<ul>\n<li>1.000 mg de glutationa lipossomal para apoiar o bem-estar da pele, aumentando os n\u00edveis de antioxidantes e ajudando na desintoxica\u00e7\u00e3o<\/li>\n<li>300 mg de inibidores da melanina SLC24A5 para clarear manchas escuras, hiperpigmenta\u00e7\u00e3o e obter um tom de pele uniforme<\/li>\n<li>1000 mg de vitamina C lipossomal para estimular a produ\u00e7\u00e3o de colag\u00e9nio, reduzir o aparecimento de rugas e melhorar a elasticidade da pele<\/li>\n<li>300 mg de \u00e1cido alfa lip\u00f3ico para revitalizar a pele, minimizando as linhas finas e promovendo um brilho jovem<\/li>\n<li>200 mg de Coenzima Q10 para revitalizar as c\u00e9lulas da pele, reduzir as rugas e melhorar a vitalidade geral da pele<\/li>\n<\/ul>\n<p><strong>Dura\u00e7\u00e3o do plano<\/strong><\/p>\n<p>\u2713 3 sess\u00f5es durante 3 semanas (sess\u00e3o por semana com 3 inje\u00e7\u00f5es antes da utiliza\u00e7\u00e3o completa)<\/p>\n<p><strong>Resultados e objetivos<\/strong><\/p>\n<p>\u2713 Recomendado para fototipo de pele com cerca de III+<\/p>\n<p>\u2713 Dependendo do seu metabolismo e tipo de pele, o plano foi elaborado para durar um ano e perder cerca de um n\u00edvel de tipo de pele<\/p>\n<p><strong>Benef\u00edcios do plano<\/strong><\/p>\n<p>\u2713 Poupa em m\u00e9dia 750$ a 1640$ se o fizer em cl\u00ednicas como em Mumbai ou Istambul e mais noutros locais<\/p>\n<p>\u2713 \u00c9 uma solu\u00e7\u00e3o c\u00f3moda e econ\u00f3mica para quem n\u00e3o o pode fazer nas cl\u00ednicas e beneficia da assist\u00eancia 24 horas por dia, 7 dias por semana inclu\u00edda no plano<\/p>\n<p>\u2713 Enviado para todo o mundo com taxas de envio e seguimento inclu\u00eddas<\/p>\n<p>\u2713\u00a0 Estamos classificados como n\u00famero 1 em muitos pa\u00edses e os nossos produtos foram classificados como Excelente na Trustpilot<\/p>\n","protected":false},"excerpt":{"rendered":"<p>\u2713 O plano \u00e9 feito para que receba os produtos na morada que desejar com assist\u00eancia permanente inclu\u00edda sempre que<\/p>\n","protected":false},"featured_media":21939,"template":"","meta":[],"pwb-brand":[],"product_brand":[],"product_cat":[129],"product_tag":[],"class_list":{"0":"post-22870","1":"product","2":"type-product","3":"status-publish","4":"has-post-thumbnail","6":"product_cat-injecao-de-clareamento-da-pele","8":"first","9":"instock","10":"shipping-taxable","11":"purchasable","12":"product-type-simple"},"jetpack_sharing_enabled":true,"brands":[],"_links":{"self":[{"href":"https:\/\/online.123.clinic\/pt-pt\/wp-json\/wp\/v2\/product\/22870","targetHints":{"allow":["GET"]}}],"collection":[{"href":"https:\/\/online.123.clinic\/pt-pt\/wp-json\/wp\/v2\/product"}],"about":[{"href":"https:\/\/online.123.clinic\/pt-pt\/wp-json\/wp\/v2\/types\/product"}],"version-history":[{"count":5,"href":"https:\/\/online.123.clinic\/pt-pt\/wp-json\/wp\/v2\/product\/22870\/revisions"}],"predecessor-version":[{"id":23620,"href":"https:\/\/online.123.clinic\/pt-pt\/wp-json\/wp\/v2\/product\/22870\/revisions\/23620"}],"wp:featuredmedia":[{"embeddable":true,"href":"https:\/\/online.123.clinic\/pt-pt\/wp-json\/wp\/v2\/media\/21939"}],"wp:attachment":[{"href":"https:\/\/online.123.clinic\/pt-pt\/wp-json\/wp\/v2\/media?parent=22870"}],"wp:term":[{"taxonomy":"pwb-brand","embeddable":true,"href":"https:\/\/online.123.clinic\/pt-pt\/wp-json\/wp\/v2\/pwb-brand?post=22870"},{"taxonomy":"product_brand","embeddable":true,"href":"https:\/\/online.123.clinic\/pt-pt\/wp-json\/wp\/v2\/product_brand?post=22870"},{"taxonomy":"product_cat","embeddable":true,"href":"https:\/\/online.123.clinic\/pt-pt\/wp-json\/wp\/v2\/product_cat?post=22870"},{"taxonomy":"product_tag","embeddable":true,"href":"https:\/\/online.123.clinic\/pt-pt\/wp-json\/wp\/v2\/product_tag?post=22870"}],"curies":[{"name":"wp","href":"https:\/\/api.w.org\/{rel}","templated":true}]}}