{"id":22868,"date":"2024-10-21T14:35:20","date_gmt":"2024-10-21T14:35:20","guid":{"rendered":"https:\/\/online.123.clinic\/?post_type=product&#038;p=22868"},"modified":"2025-06-02T11:45:42","modified_gmt":"2025-06-02T11:45:42","slug":"injecoes-de-branqueamento-plan-xs","status":"publish","type":"product","link":"https:\/\/online.123.clinic\/pt-pt\/product\/injecoes-de-branqueamento-plan-xs\/","title":{"rendered":"Inje\u00e7\u00f5es de branqueamento da pele Plan XS \u2013 10 inje\u00e7\u00f5es otimizadas com 6 ingredientes \u2013 3 semanas \u2013 tudo inclu\u00eddo"},"content":{"rendered":"<p>\u2713 O plano inclui 10 ampolas de 5 ml otimizadas para o branqueamento da pele, contendo em cada inje\u00e7\u00e3o:<\/p>\n<ul>\n<li>300 mg de N-Acetil-L-Ciste\u00edna, um poderoso antioxidante para proteger a pele dos efeitos do envelhecimento, ajuda na hidrata\u00e7\u00e3o e \u00e9 vital para reduzir o acne e os problemas de pigmenta\u00e7\u00e3o.<\/li>\n<li>200 mg de Cardo Mariano, um antioxidante que promove uma pele limpa e alivia a inflama\u00e7\u00e3o, contribuindo para um aspeto calmo e radiante.<br \/>\n100 mg de Sel\u00e9nio, um mineral essencial para estimular os mecanismos de defesa da pele e reduzir a inflama\u00e7\u00e3o. Atua em sinergia com a glutationa para fortalecer a pele contra os agressores externos.<\/li>\n<li>300 mg de \u00c1cido Alfa Lip\u00f3ico para ajudar a combater os primeiros sinais de envelhecimento, diminuir os poros e equilibrar a produ\u00e7\u00e3o de oleosidade, mantendo a pele suave e limpa.<\/li>\n<li>1000 mg de Vitamina C Lipossomal para combater os radicais livres, aumentar a s\u00edntese de colag\u00e9nio e ajudar a alcan\u00e7ar uma tez hidratada e com um tom uniforme.<\/li>\n<li>100 mg de L-Glicina, essencial para manter uma pele jovem e el\u00e1stica. Auxilia na produ\u00e7\u00e3o de colag\u00e9nio e repara a pele danificada, mantendo a pele vibrante e resiliente.<\/li>\n<\/ul>\n<p>\u2713 Cada ampola \u00e9 constitu\u00edda por suplementos naturais para administra\u00e7\u00e3o intravenosa (nas veias) ou intramuscular (nos m\u00fasculos), com gotejamento ou seringas.<\/p>\n<p>\u2713 Cada inje\u00e7\u00e3o (sob supervis\u00e3o m\u00e9dica e de acordo com as normas locais) permite maximizar os efeitos branqueadores com a maior taxa de absor\u00e7\u00e3o.<\/p>\n<p>\u2713 Ajuda a purificar a pele e a fortalecer o sistema imunit\u00e1rio. O plano revela uma pele mais brilhante e radiante, ao mesmo tempo que combate a hiperpigmenta\u00e7\u00e3o, proporcionando uma pele mais suave. Melhora a sa\u00fade da pele, repondo os nutrientes e desintoxicando, ajudando a eliminar os radicais livres. Previne as rugas prematuras e os sinais de envelhecimento, garantindo uma apar\u00eancia jovem.<\/p>\n<p>\u2713 3 sess\u00f5es durante 3 semanas (1 sess\u00e3o por semana de 3 inje\u00e7\u00f5es at\u00e9 serem utilizadas as 10 ampolas)<\/p>\n<p>\u2713 Recomendado para fot\u00f3tipos de pele com cerca de II\/III<\/p>\n<p>\u2713 Poupa em m\u00e9dia 180 a 410 d\u00f3lares se fizer o procedimento em cl\u00ednicas como Mumbai ou Istambul<\/p>\n<p>\u2713 Assist\u00eancia permanente inclu\u00edda no plano<\/p>\n<p>\u2713 Portes de envio com rastreamento inclu\u00eddo no pre\u00e7o<\/p>\n<p>\u2713 Embalagens minimizadas e embalagens de cart\u00e3o reutiliz\u00e1veis<\/p>\n","protected":false},"excerpt":{"rendered":"<p>\u2713 O plano inclui 10 ampolas de 5 ml otimizadas para o branqueamento da pele, contendo em cada inje\u00e7\u00e3o: 300<\/p>\n","protected":false},"featured_media":21911,"template":"","meta":[],"pwb-brand":[],"product_brand":[],"product_cat":[129],"product_tag":[],"class_list":{"0":"post-22868","1":"product","2":"type-product","3":"status-publish","4":"has-post-thumbnail","6":"product_cat-injecao-de-clareamento-da-pele","8":"first","9":"instock","10":"shipping-taxable","11":"purchasable","12":"product-type-simple"},"jetpack_sharing_enabled":true,"brands":[],"_links":{"self":[{"href":"https:\/\/online.123.clinic\/pt-pt\/wp-json\/wp\/v2\/product\/22868","targetHints":{"allow":["GET"]}}],"collection":[{"href":"https:\/\/online.123.clinic\/pt-pt\/wp-json\/wp\/v2\/product"}],"about":[{"href":"https:\/\/online.123.clinic\/pt-pt\/wp-json\/wp\/v2\/types\/product"}],"version-history":[{"count":3,"href":"https:\/\/online.123.clinic\/pt-pt\/wp-json\/wp\/v2\/product\/22868\/revisions"}],"predecessor-version":[{"id":23612,"href":"https:\/\/online.123.clinic\/pt-pt\/wp-json\/wp\/v2\/product\/22868\/revisions\/23612"}],"wp:featuredmedia":[{"embeddable":true,"href":"https:\/\/online.123.clinic\/pt-pt\/wp-json\/wp\/v2\/media\/21911"}],"wp:attachment":[{"href":"https:\/\/online.123.clinic\/pt-pt\/wp-json\/wp\/v2\/media?parent=22868"}],"wp:term":[{"taxonomy":"pwb-brand","embeddable":true,"href":"https:\/\/online.123.clinic\/pt-pt\/wp-json\/wp\/v2\/pwb-brand?post=22868"},{"taxonomy":"product_brand","embeddable":true,"href":"https:\/\/online.123.clinic\/pt-pt\/wp-json\/wp\/v2\/product_brand?post=22868"},{"taxonomy":"product_cat","embeddable":true,"href":"https:\/\/online.123.clinic\/pt-pt\/wp-json\/wp\/v2\/product_cat?post=22868"},{"taxonomy":"product_tag","embeddable":true,"href":"https:\/\/online.123.clinic\/pt-pt\/wp-json\/wp\/v2\/product_tag?post=22868"}],"curies":[{"name":"wp","href":"https:\/\/api.w.org\/{rel}","templated":true}]}}