{"id":22844,"date":"2024-10-21T13:57:46","date_gmt":"2024-10-21T13:57:46","guid":{"rendered":"https:\/\/online.123.clinic\/?post_type=product&#038;p=22844"},"modified":"2024-11-11T14:10:53","modified_gmt":"2024-11-11T14:10:53","slug":"pt-plan-xs-60","status":"publish","type":"product","link":"https:\/\/online.123.clinic\/pt-pt\/product\/pt-plan-xs-60\/","title":{"rendered":"Fair60 Plan XS \u2013 60 comprimidos de branqueamento da pele \u2013 plano de 30 dias"},"content":{"rendered":"<p>\u2713 Cont\u00e9m 60 comprimidos (feito em c\u00e1psula mole para tomar por via oral) revestidos de 650 mg de suplementos naturais<\/p>\n<p>\u2713 Cada comprimido cont\u00e9m 500 mg de L-Glutationa + 50 mg de \u00c1cido Alfa Lip\u00f3ico + 40 mg de Vitamina C + 50 mg de Extrato de Semente de Uva + 10 mg de Vitamina E para tomar por via oral com um copo de \u00e1gua.<\/p>\n<p>\u2713 Valor nutricional de cada comprimido: 4,15 Kcal de energia \/ 0,126 gramas de prote\u00ednas \/ 0,060 g de hidratos de carbono \/ 0,375 g de gorduras \/ 0,067 g de \u00e1cidos gordos saturados \/ 0 mg de colesterol<\/p>\n<p>\u2713 Dosagem simples de 60 comprimidos durante 1 m\u00eas na propor\u00e7\u00e3o de 2 comprimidos por dia de manh\u00e3<\/p>\n<p>\u2713 Produtos naturais para reduzir os n\u00edveis naturais de melanina e evitar tratar a superf\u00edcie da pele<\/p>\n<p>\u2713 Combina\u00e7\u00e3o para maximizar os efeitos de branqueamento<\/p>\n<p>\u2713 Cada comprimido ajuda a purificar a pele, fortalece o sistema imunit\u00e1rio e tem muitos outros benef\u00edcios comprovados<\/p>\n<p>\u2713 Suporte permanente inclu\u00eddo<\/p>\n<p>\u2713 Portes de envio com rastreamento inclu\u00eddo no pre\u00e7o<\/p>\n<p>\u2713 Cada remessa cont\u00e9m voluntariamente a quantidade m\u00ednima de embalagem e a caixa \u00e9 reutiliz\u00e1vel<\/p>\n","protected":false},"excerpt":{"rendered":"<p>\u2713 Cont\u00e9m 60 comprimidos (feito em c\u00e1psula mole para tomar por via oral) revestidos de 650 mg de suplementos naturais<\/p>\n","protected":false},"featured_media":22232,"template":"","meta":[],"pwb-brand":[],"product_brand":[],"product_cat":[154],"product_tag":[],"class_list":{"0":"post-22844","1":"product","2":"type-product","3":"status-publish","4":"has-post-thumbnail","6":"product_cat-comprimidos-clareamento-da-pele","8":"first","9":"instock","10":"shipping-taxable","11":"purchasable","12":"product-type-simple"},"jetpack_sharing_enabled":true,"brands":[],"_links":{"self":[{"href":"https:\/\/online.123.clinic\/pt-pt\/wp-json\/wp\/v2\/product\/22844","targetHints":{"allow":["GET"]}}],"collection":[{"href":"https:\/\/online.123.clinic\/pt-pt\/wp-json\/wp\/v2\/product"}],"about":[{"href":"https:\/\/online.123.clinic\/pt-pt\/wp-json\/wp\/v2\/types\/product"}],"version-history":[{"count":2,"href":"https:\/\/online.123.clinic\/pt-pt\/wp-json\/wp\/v2\/product\/22844\/revisions"}],"predecessor-version":[{"id":22956,"href":"https:\/\/online.123.clinic\/pt-pt\/wp-json\/wp\/v2\/product\/22844\/revisions\/22956"}],"wp:featuredmedia":[{"embeddable":true,"href":"https:\/\/online.123.clinic\/pt-pt\/wp-json\/wp\/v2\/media\/22232"}],"wp:attachment":[{"href":"https:\/\/online.123.clinic\/pt-pt\/wp-json\/wp\/v2\/media?parent=22844"}],"wp:term":[{"taxonomy":"pwb-brand","embeddable":true,"href":"https:\/\/online.123.clinic\/pt-pt\/wp-json\/wp\/v2\/pwb-brand?post=22844"},{"taxonomy":"product_brand","embeddable":true,"href":"https:\/\/online.123.clinic\/pt-pt\/wp-json\/wp\/v2\/product_brand?post=22844"},{"taxonomy":"product_cat","embeddable":true,"href":"https:\/\/online.123.clinic\/pt-pt\/wp-json\/wp\/v2\/product_cat?post=22844"},{"taxonomy":"product_tag","embeddable":true,"href":"https:\/\/online.123.clinic\/pt-pt\/wp-json\/wp\/v2\/product_tag?post=22844"}],"curies":[{"name":"wp","href":"https:\/\/api.w.org\/{rel}","templated":true}]}}