{"id":19457,"date":"2021-10-12T15:51:09","date_gmt":"2021-10-12T15:51:09","guid":{"rendered":"https:\/\/www.online.123.clinic\/sobre-nos\/"},"modified":"2025-12-10T14:24:37","modified_gmt":"2025-12-10T14:24:37","slug":"sobre-nos","status":"publish","type":"page","link":"https:\/\/online.123.clinic\/pt-pt\/sobre-nos\/","title":{"rendered":"Sobre n\u00f3s"},"content":{"rendered":"\t\t<div data-elementor-type=\"wp-page\" data-elementor-id=\"19457\" class=\"elementor elementor-19457 elementor-4400\">\n\t\t\t\t\t\t<section class=\"elementor-section elementor-top-section elementor-element elementor-element-3c548bca elementor-reverse-tablet elementor-reverse-mobile elementor-section-boxed elementor-section-height-default elementor-section-height-default wd-section-disabled\" data-id=\"3c548bca\" data-element_type=\"section\" data-e-type=\"section\">\n\t\t\t\t\t\t<div class=\"elementor-container elementor-column-gap-default\">\n\t\t\t\t\t<div class=\"elementor-column elementor-col-50 elementor-top-column elementor-element elementor-element-1d354ed7\" data-id=\"1d354ed7\" data-element_type=\"column\" data-e-type=\"column\">\n\t\t\t<div class=\"elementor-widget-wrap elementor-element-populated\">\n\t\t\t\t\t\t<div class=\"elementor-element elementor-element-3b8f1c6 elementor-widget elementor-widget-wd_image_or_svg\" data-id=\"3b8f1c6\" data-element_type=\"widget\" data-e-type=\"widget\" data-widget_type=\"wd_image_or_svg.default\">\n\t\t\t\t<div class=\"elementor-widget-container\">\n\t\t\t\t\t\n\t\t<div class=\"wd-image text-left\">\n\t\t\t\t\t\t\t\t<img fetchpriority=\"high\" decoding=\"async\" width=\"1920\" height=\"1033\" src=\"https:\/\/i0.wp.com\/online.123.clinic\/wp-content\/uploads\/2023\/10\/skin-whitening-123-clinic.png?fit=1920%2C1033&amp;ssl=1\" class=\"attachment-full size-full\" alt=\"\" srcset=\"https:\/\/i0.wp.com\/online.123.clinic\/wp-content\/uploads\/2023\/10\/skin-whitening-123-clinic.png?w=1920&amp;ssl=1 1920w, https:\/\/i0.wp.com\/online.123.clinic\/wp-content\/uploads\/2023\/10\/skin-whitening-123-clinic.png?resize=150%2C81&amp;ssl=1 150w, https:\/\/i0.wp.com\/online.123.clinic\/wp-content\/uploads\/2023\/10\/skin-whitening-123-clinic.png?resize=700%2C377&amp;ssl=1 700w, https:\/\/i0.wp.com\/online.123.clinic\/wp-content\/uploads\/2023\/10\/skin-whitening-123-clinic.png?resize=400%2C215&amp;ssl=1 400w, https:\/\/i0.wp.com\/online.123.clinic\/wp-content\/uploads\/2023\/10\/skin-whitening-123-clinic.png?resize=1300%2C699&amp;ssl=1 1300w, https:\/\/i0.wp.com\/online.123.clinic\/wp-content\/uploads\/2023\/10\/skin-whitening-123-clinic.png?resize=768%2C413&amp;ssl=1 768w, https:\/\/i0.wp.com\/online.123.clinic\/wp-content\/uploads\/2023\/10\/skin-whitening-123-clinic.png?resize=1536%2C826&amp;ssl=1 1536w, https:\/\/i0.wp.com\/online.123.clinic\/wp-content\/uploads\/2023\/10\/skin-whitening-123-clinic.png?resize=860%2C463&amp;ssl=1 860w\" sizes=\"(max-width: 1000px) 100vw, 1000px\" \/>\t\t\t\t\t<\/div>\n\n\t\t\t\t\t\t<\/div>\n\t\t\t\t<\/div>\n\t\t\t\t\t<\/div>\n\t\t<\/div>\n\t\t\t\t<div class=\"elementor-column elementor-col-50 elementor-top-column elementor-element elementor-element-7a9daa7\" data-id=\"7a9daa7\" data-element_type=\"column\" data-e-type=\"column\">\n\t\t\t<div class=\"elementor-widget-wrap elementor-element-populated\">\n\t\t\t\t\t\t<div class=\"elementor-element elementor-element-18566191 elementor-widget elementor-widget-wd_title\" data-id=\"18566191\" data-element_type=\"widget\" data-e-type=\"widget\" data-widget_type=\"wd_title.default\">\n\t\t\t\t<div class=\"elementor-widget-container\">\n\t\t\t\t\t\t\t<div class=\"title-wrapper set-mb-s reset-last-child wd-title-color-primary wd-title-style-default wd-title-size-large text-left\">\n\n\t\t\t\n\t\t\t<div class=\"liner-continer\">\n\t\t\t\t<h4 class=\"woodmart-title-container title wd-fontsize-xxl\">Sobre o nosso laborat\u00f3rio em linha<\/h4> \n\t\t\t\t\t\t\t<\/div>\n\n\t\t\t\t\t<\/div>\n\t\t\t\t\t\t<\/div>\n\t\t\t\t<\/div>\n\t\t\t\t<div class=\"elementor-element elementor-element-cf34ae6 elementor-widget elementor-widget-wd_text_block\" data-id=\"cf34ae6\" data-element_type=\"widget\" data-e-type=\"widget\" data-widget_type=\"wd_text_block.default\">\n\t\t\t\t<div class=\"elementor-widget-container\">\n\t\t\t\t\t\t\t<div class=\"wd-text-block reset-last-child text-left\">\n\t\t\t\n\t\t\t<p>A 123.Clinic Online \u00e9 um laborat\u00f3rio especializado em clareamento da pele, oferecendo suplementos premium e solu\u00e7\u00f5es injet\u00e1veis com entrega para todo o mundo. Nossos produtos s\u00e3o utilizados internacionalmente, inclusive em cl\u00ednicas em diversos pa\u00edses, e oferecem uma op\u00e7\u00e3o para quem precisa de uma continuidade segura, estruturada e domiciliar do seu tratamento.<\/p><p>Esta loja online \u00e9 especialmente \u00fatil quando as cl\u00ednicas locais n\u00e3o oferecem mais servi\u00e7os de clareamento da pele, quando o acesso \u00e9 limitado em seu pa\u00eds ou quando voc\u00ea prefere seguir seu plano remotamente, em casa.<\/p>\n\t\t\t\t\t<\/div>\n\t\t\t\t\t\t<\/div>\n\t\t\t\t<\/div>\n\t\t\t\t\t<\/div>\n\t\t<\/div>\n\t\t\t\t\t<\/div>\n\t\t<\/section>\n\t\t\t\t<section class=\"elementor-section elementor-top-section elementor-element elementor-element-ae7f701 elementor-reverse-tablet elementor-reverse-mobile elementor-section-boxed elementor-section-height-default elementor-section-height-default wd-section-disabled\" data-id=\"ae7f701\" data-element_type=\"section\" data-e-type=\"section\">\n\t\t\t\t\t\t<div class=\"elementor-container elementor-column-gap-default\">\n\t\t\t\t\t<div class=\"elementor-column elementor-col-100 elementor-top-column elementor-element elementor-element-63ffdb8\" data-id=\"63ffdb8\" data-element_type=\"column\" data-e-type=\"column\">\n\t\t\t<div class=\"elementor-widget-wrap elementor-element-populated\">\n\t\t\t\t\t\t<div class=\"elementor-element elementor-element-25aea95 elementor-widget elementor-widget-wd_text_block\" data-id=\"25aea95\" data-element_type=\"widget\" data-e-type=\"widget\" data-widget_type=\"wd_text_block.default\">\n\t\t\t\t<div class=\"elementor-widget-container\">\n\t\t\t\t\t\t\t<div class=\"wd-text-block reset-last-child text-left\">\n\t\t\t\n\t\t\t<p>Muitos de nossos clientes iniciaram o tratamento no exterior e precisam apenas de acompanhamento consistente, doses adicionais ou um plano completo entregue discretamente. Nosso foco \u00e9 exclusivamente em solu\u00e7\u00f5es para clareamento da pele, n\u00e3o em medicamentos ou servi\u00e7os m\u00e9dicos. Nosso papel \u00e9 fornecer produtos de alta qualidade, instru\u00e7\u00f5es claras e orienta\u00e7\u00e3o personalizada sempre que necess\u00e1rio. Se desejar, voc\u00ea pode nos enviar uma foto antes de fazer o pedido. Analisamos cada caso individualmente e respondemos pessoalmente para ajud\u00e1-lo(a) a escolher o plano mais adequado e a entender como a suplementa\u00e7\u00e3o para clareamento da pele funciona. Acreditamos em: - F\u00f3rmulas naturais e seguras em vez de alternativas qu\u00edmicas agressivas  - Produtos que oferecem benef\u00edcios adicionais para a pele e o bem-estar - Reduzir a produ\u00e7\u00e3o de melanina internamente, em vez de tratar apenas a superf\u00edcie - Tornar o clareamento da pele de n\u00edvel profissional acess\u00edvel a todos que precisam<\/p>\n\t\t\t\t\t<\/div>\n\t\t\t\t\t\t<\/div>\n\t\t\t\t<\/div>\n\t\t\t\t\t<\/div>\n\t\t<\/div>\n\t\t\t\t\t<\/div>\n\t\t<\/section>\n\t\t\t\t<\/div>\n\t\t","protected":false},"excerpt":{"rendered":"<p>Sobre o nosso laborat\u00f3rio em linha A 123.Clinic Online \u00e9 um laborat\u00f3rio especializado em clareamento da pele, oferecendo suplementos premium<\/p>\n","protected":false},"author":1,"featured_media":0,"parent":0,"menu_order":0,"comment_status":"closed","ping_status":"closed","template":"","meta":{"footnotes":""},"class_list":["post-19457","page","type-page","status-publish","hentry"],"jetpack_sharing_enabled":true,"_links":{"self":[{"href":"https:\/\/online.123.clinic\/pt-pt\/wp-json\/wp\/v2\/pages\/19457","targetHints":{"allow":["GET"]}}],"collection":[{"href":"https:\/\/online.123.clinic\/pt-pt\/wp-json\/wp\/v2\/pages"}],"about":[{"href":"https:\/\/online.123.clinic\/pt-pt\/wp-json\/wp\/v2\/types\/page"}],"author":[{"embeddable":true,"href":"https:\/\/online.123.clinic\/pt-pt\/wp-json\/wp\/v2\/users\/1"}],"replies":[{"embeddable":true,"href":"https:\/\/online.123.clinic\/pt-pt\/wp-json\/wp\/v2\/comments?post=19457"}],"version-history":[{"count":12,"href":"https:\/\/online.123.clinic\/pt-pt\/wp-json\/wp\/v2\/pages\/19457\/revisions"}],"predecessor-version":[{"id":23853,"href":"https:\/\/online.123.clinic\/pt-pt\/wp-json\/wp\/v2\/pages\/19457\/revisions\/23853"}],"wp:attachment":[{"href":"https:\/\/online.123.clinic\/pt-pt\/wp-json\/wp\/v2\/media?parent=19457"}],"curies":[{"name":"wp","href":"https:\/\/api.w.org\/{rel}","templated":true}]}}