{"id":19300,"date":"2023-10-09T10:23:10","date_gmt":"2023-10-09T10:23:10","guid":{"rendered":"https:\/\/www.online.123.clinic\/politica-de-privacidade\/"},"modified":"2024-03-05T09:39:05","modified_gmt":"2024-03-05T09:39:05","slug":"dados-privados","status":"publish","type":"page","link":"https:\/\/online.123.clinic\/pt-pt\/dados-privados\/","title":{"rendered":"Pol\u00edtica de privacidade"},"content":{"rendered":"\r\n<h1 class=\"wp-block-heading\">Quem somos<\/h1>\r\n<p>O endere\u00e7o do nosso site \u00e9: https:\/\/www.online.123.clinic. Nosso site de informa\u00e7\u00f5es \u00e9 <a href=\"https:\/\/www.123.clinic\/pt\/tratamentos\/clareamento-da-pele-em-casa\">https:\/\/www.123.clinic\/pt\/tratamentos\/clareamento-da-pele-em-casa<\/a><\/p>\r\n<h2>Biscoitos<\/h2>\r\n<p>Se voc\u00ea visitar nossa p\u00e1gina de login, definiremos um cookie tempor\u00e1rio para determinar se o seu navegador aceita cookies. Este cookie n\u00e3o cont\u00e9m dados pessoais e \u00e9 descartado quando voc\u00ea fecha o navegador.<\/p>\r\n<p>Quando voc\u00ea fizer login, tamb\u00e9m configuraremos v\u00e1rios cookies para salvar suas informa\u00e7\u00f5es de login e suas op\u00e7\u00f5es de exibi\u00e7\u00e3o na tela. Os cookies de login duram dois dias e os cookies de op\u00e7\u00f5es de tela duram um ano. Se voc\u00ea selecionar &#8220;Lembrar-me&#8221;, seu login persistir\u00e1 por duas semanas. Se voc\u00ea sair da sua conta, os cookies de login ser\u00e3o removidos.<\/p>\r\n<h3>Com quem partilhamos os seus dados<\/h3>\r\n<p>N\u00e3o compartilhamos dados e nunca compartilharemos dados. N\u00e3o usamos cookies para fins de marketing.<\/p>\r\n<h4>Durante quanto tempo conservamos os seus dados<\/h4>\r\n<p>Para os usu\u00e1rios que se cadastram em nosso site (se houver), tamb\u00e9m armazenamos as informa\u00e7\u00f5es pessoais fornecidas em seu perfil de usu\u00e1rio. Todos os usu\u00e1rios podem ver, editar ou excluir suas informa\u00e7\u00f5es pessoais a qualquer momento (exceto que n\u00e3o podem alterar seu nome de usu\u00e1rio). Os administradores do site tamb\u00e9m podem ver e editar essas informa\u00e7\u00f5es.<\/p>\r\n<h2>Que direitos tem sobre os seus dados<\/h2>\r\n<p>Se voc\u00ea tiver uma conta neste site ou tiver deixado coment\u00e1rios, poder\u00e1 solicitar o recebimento de um arquivo exportado com os dados pessoais que mantemos sobre voc\u00ea, incluindo quaisquer dados que voc\u00ea nos forneceu. Voc\u00ea tamb\u00e9m pode solicitar que apaguemos quaisquer dados pessoais que mantemos sobre voc\u00ea. Isto n\u00e3o inclui quaisquer dados que somos obrigados a manter para fins administrativos, legais ou de seguran\u00e7a.<\/p>\r\n","protected":false},"excerpt":{"rendered":"<p>Quem somos O endere\u00e7o do nosso site \u00e9: https:\/\/www.online.123.clinic. Nosso site de informa\u00e7\u00f5es \u00e9 https:\/\/www.123.clinic\/pt\/tratamentos\/clareamento-da-pele-em-casa Biscoitos Se voc\u00ea visitar nossa<\/p>\n","protected":false},"author":1,"featured_media":0,"parent":0,"menu_order":0,"comment_status":"closed","ping_status":"closed","template":"","meta":{"footnotes":""},"class_list":["post-19300","page","type-page","status-publish","hentry"],"jetpack_sharing_enabled":true,"_links":{"self":[{"href":"https:\/\/online.123.clinic\/pt-pt\/wp-json\/wp\/v2\/pages\/19300","targetHints":{"allow":["GET"]}}],"collection":[{"href":"https:\/\/online.123.clinic\/pt-pt\/wp-json\/wp\/v2\/pages"}],"about":[{"href":"https:\/\/online.123.clinic\/pt-pt\/wp-json\/wp\/v2\/types\/page"}],"author":[{"embeddable":true,"href":"https:\/\/online.123.clinic\/pt-pt\/wp-json\/wp\/v2\/users\/1"}],"replies":[{"embeddable":true,"href":"https:\/\/online.123.clinic\/pt-pt\/wp-json\/wp\/v2\/comments?post=19300"}],"version-history":[{"count":4,"href":"https:\/\/online.123.clinic\/pt-pt\/wp-json\/wp\/v2\/pages\/19300\/revisions"}],"predecessor-version":[{"id":20677,"href":"https:\/\/online.123.clinic\/pt-pt\/wp-json\/wp\/v2\/pages\/19300\/revisions\/20677"}],"wp:attachment":[{"href":"https:\/\/online.123.clinic\/pt-pt\/wp-json\/wp\/v2\/media?parent=19300"}],"curies":[{"name":"wp","href":"https:\/\/api.w.org\/{rel}","templated":true}]}}