{"id":22128,"date":"2024-10-09T18:52:44","date_gmt":"2024-10-09T18:52:44","guid":{"rendered":"https:\/\/online.123.clinic\/?post_type=product&#038;p=22128"},"modified":"2025-09-23T14:37:05","modified_gmt":"2025-09-23T14:37:05","slug":"it-iniezioni-piano-xl","status":"publish","type":"product","link":"https:\/\/online.123.clinic\/it\/product\/it-iniezioni-piano-xl\/","title":{"rendered":"Iniezioni schiarenti per la pelle \u2013 Piano XL \u2013 40 iniezioni ottimizzate con 11 ingredienti \u2013 5 settimane \u2013 Tutto incluso"},"content":{"rendered":"<p>\u2713 Il piano \u00e8 fatto in modo che tu riceva i prodotti all&#8217;indirizzo che preferisci con assistenza permanente inclusa quando vuoi<\/p>\n<p>\u2713 I prodotti non sono medicinali ma classificati nella categoria degli integratori alimentari. Essendo antiossidanti, l&#8217;effetto principale \u00e8 lo sbiancamento della pelle ma hanno pi\u00f9 di 15 comprovati benefici per la salute da sempre come rafforzamento del sistema immunitario, elasticit\u00e0 della pelle, anti-invecchiamento ecc.<\/p>\n<p>\u2713 Aiuta a purificare la pelle, il piano svela una carnagione pi\u00f9 luminosa e radiosa mentre mira all&#8217;iperpigmentazione per una pelle pi\u00f9 liscia. Migliora la salute della pelle reintegrando i nutrienti e disintossicando, aiutando a eliminare i radicali liberi. Previene le rughe premature e i segni dell&#8217;invecchiamento, garantendo un aspetto giovanile.<\/p>\n<p><strong>Descrizione e vantaggi dei prodotti<\/strong><\/p>\n<p>\u2713 Il piano comprende 20 fiale iniettabili da 5 ml ottimizzate per lo sbiancamento della pelle, ciascuna contenente:<\/p>\n<ul>\n<li>1.000 mg di glutatione liposomiale per sostenere il benessere della pelle aumentando i livelli di antiossidanti e favorendo la disintossicazione<\/li>\n<li>300 mg di inibitori della melanina SLC24A5 per schiarire le macchie scure, l&#8217;iperpigmentazione e ottenere un tono uniforme della pelle<\/li>\n<li>1000 mg di vitamina C liposomiale per stimolare la produzione di collagene, ridurre la comparsa delle rughe e migliorare l&#8217;elasticit\u00e0 della pelle<\/li>\n<li>300 mg di acido alfa lipoico per rivitalizzare la pelle minimizzando le linee sottili e promuovendo un aspetto giovanile<\/li>\n<li>200 mg di coenzima Q10 per rivitalizzare le cellule della pelle, ridurre le rughe e migliorare la vitalit\u00e0 generale della pelle<\/li>\n<\/ul>\n<p>\u2713 Il piano include altre 10 fiale iniettabili da 5 ml ottimizzate per lo sbiancamento della pelle, ciascuna contenente anche:<\/p>\n<ul>\n<li>300 mg di N-acetil-L-cisteina, un potente antiossidante che protegge la pelle dagli effetti dell&#8217;invecchiamento, favorisce l&#8217;idratazione, riduce i problemi di acne e pigmentazione<\/li>\n<li>200 mg di antiossidante di cardo mariano che favorisce la pelle chiara e riduce l&#8217;infiammazione, contribuendo a rendere la pelle pi\u00f9 luminosa<\/li>\n<li>100 mg dell&#8217;oligoelemento selenio per stimolare i meccanismi di difesa della pelle e ridurre l&#8217;infiammazione. Con il glutatione rinforza la pelle contro le aggressioni esterne<\/li>\n<li>300 mg di acido alfa lipoico per rivitalizzare la pelle minimizzando le rughe sottili e promuovendo una carnagione pi\u00f9 giovane<\/li>\n<li>1000 mg di vitamina C liposomiale per combattere i radicali liberi, migliorare la sintesi del collagene e aiutare a ottenere una carnagione idratata e uniforme<\/li>\n<li>100 mg di L-glicina essenziale per mantenere la pelle giovane ed elastica. Aiuta la produzione di collagene e ripara la pelle danneggiata, mantenendo la carnagione luminosa ed elastica<\/li>\n<\/ul>\n<p>\u2713 Il piano comprende poi altre 10 fiale iniettabili da 5 ml ottimizzate per lo sbiancamento della pellec, ciascuna contenente anche:<\/p>\n<ul>\n<li>300 mg di acido alfa lipoico per ridurre le rughe, neutralizzare i radicali liberi, migliorare il tono e la consistenza della pelle, trattenere l&#8217;umidit\u00e0 per un aspetto idratato<\/li>\n<li>200 mg di antiossidante di cardo mariano che favorisce la pelle chiara e un aspetto pi\u00f9 luminoso della carnagione<\/li>\n<li>100 mg di coenzima Q10 per ridurre le linee sottili e le rughe, stimolare la rigenerazione cellulare e fornire protezione antiossidante, migliorando la compattezza e l&#8217;elasticit\u00e0 della pelle<\/li>\n<li>1000 mg di estratti di collagene di origine vegetale per ricostituire i livelli di collagene ed essenziali per mantenere l&#8217;elasticit\u00e0, la forza e la morbidezza della pelle<\/li>\n<li>1000 mg di vitamina C per la rigenerazione naturale, riparano la pelle danneggiata e inibiscono la produzione di melanina per una pelle pi\u00f9 luminosa e uniforme<\/li>\n<\/ul>\n<p><strong>Dosaggio, controindicazioni e utilizzo<\/strong><\/p>\n<p>\u2713 Ogni fiala deve essere assunta come flebo. (nelle vene) o iniezione intramuscolare (nei muscoli) con flebo o siringhe secondo la pratica dell&#8217;infermiera<\/p>\n<p>\u2713 Ogni iniezione (sotto supervisione medica e secondo le normative locali) consente di massimizzare gli effetti sbiancanti con il pi\u00f9 alto tasso di assorbimento<\/p>\n<p>\u2713 I prodotti sono adatti a tutti, tranne a coloro che hanno problemi al fegato, allergie agli antiossidanti o donne incinte<\/p>\n<p><strong>Durata del piano<\/strong><\/p>\n<p>\u2713 10 sedute per 5 settimane (2 x 2 sedute a settimana con 1 seduta con il primo tipo di flacone + 1 seduta con il secondo o il terzo tipo di flacone) a 20 settimane (1 seduta a settimana con 1 seduta con il primo tipo di flacone + 1 seduta con il secondo o il terzo tipo di flacone)<\/p>\n<p><strong>Risultati e obiettivi<\/strong><\/p>\n<p>\u2713 Consigliato per fototipo di pelle intorno a V<\/p>\n<p>\u2713 A seconda del metabolismo e del tipo di pelle, il piano \u00e8 progettato per durare un anno e perdere circa due livelli di tipo di pelle<\/p>\n<p><strong>Vantaggi del piano<\/strong><\/p>\n<p>\u2713 Risparmi in media 3.110 $ per 6.650$ se lo fai in cliniche come Mumbai o Istanbul e altrove<\/p>\n<p>\u2713 \u00c8 una soluzione comoda e conveniente per coloro che non possono farlo in clinica, beneficiando al contempo di assistenza 24 ore su 24, 7 giorni su 7 inclusa nel piano<\/p>\n<p>\u2713 Spedito in tutto il mondo con spese di spedizione e tracciamento inclusi<\/p>\n<p>\u2713\u00a0\u00a0<img decoding=\"async\" class=\"alignnone wp-image-21497\" src=\"https:\/\/i0.wp.com\/online.123.clinic\/wp-content\/uploads\/2023\/10\/trustpilot.png?resize=53%2C34&amp;ssl=1\" sizes=\"(max-width: 53px) 100vw, 53px\" srcset=\"https:\/\/i0.wp.com\/online.123.clinic\/wp-content\/uploads\/2023\/10\/trustpilot.png?resize=400%2C259&amp;ssl=1 400w, https:\/\/i0.wp.com\/online.123.clinic\/wp-content\/uploads\/2023\/10\/trustpilot.png?resize=150%2C97&amp;ssl=1 150w, https:\/\/i0.wp.com\/online.123.clinic\/wp-content\/uploads\/2023\/10\/trustpilot.png?w=563&amp;ssl=1 563w\" alt=\"\" width=\"53\" height=\"34\" data-recalc-dims=\"1\" \/>\u00a0 Siamo classificati come numero 1 in molti paesi e i nostri prodotti sono classificati come Eccellenti su <a href=\"https:\/\/www.trustpilot.com\/review\/123.clinic?languages=it\" target=\"_blank\" rel=\"noopener\"><strong>Trustpilot<\/strong><\/a><\/p>\n<p>&nbsp;<\/p>\n","protected":false},"excerpt":{"rendered":"<p>\u2713 Il piano \u00e8 fatto in modo che tu riceva i prodotti all&#8217;indirizzo che preferisci con assistenza permanente inclusa quando<\/p>\n","protected":false},"featured_media":21974,"template":"","meta":[],"pwb-brand":[],"product_brand":[],"product_cat":[127],"product_tag":[],"class_list":{"0":"post-22128","1":"product","2":"type-product","3":"status-publish","4":"has-post-thumbnail","6":"product_cat-iniezione-sbiancante-per-la-pelle","8":"first","9":"instock","10":"shipping-taxable","11":"purchasable","12":"product-type-simple"},"jetpack_sharing_enabled":true,"brands":[],"_links":{"self":[{"href":"https:\/\/online.123.clinic\/it\/wp-json\/wp\/v2\/product\/22128","targetHints":{"allow":["GET"]}}],"collection":[{"href":"https:\/\/online.123.clinic\/it\/wp-json\/wp\/v2\/product"}],"about":[{"href":"https:\/\/online.123.clinic\/it\/wp-json\/wp\/v2\/types\/product"}],"version-history":[{"count":8,"href":"https:\/\/online.123.clinic\/it\/wp-json\/wp\/v2\/product\/22128\/revisions"}],"predecessor-version":[{"id":23492,"href":"https:\/\/online.123.clinic\/it\/wp-json\/wp\/v2\/product\/22128\/revisions\/23492"}],"wp:featuredmedia":[{"embeddable":true,"href":"https:\/\/online.123.clinic\/it\/wp-json\/wp\/v2\/media\/21974"}],"wp:attachment":[{"href":"https:\/\/online.123.clinic\/it\/wp-json\/wp\/v2\/media?parent=22128"}],"wp:term":[{"taxonomy":"pwb-brand","embeddable":true,"href":"https:\/\/online.123.clinic\/it\/wp-json\/wp\/v2\/pwb-brand?post=22128"},{"taxonomy":"product_brand","embeddable":true,"href":"https:\/\/online.123.clinic\/it\/wp-json\/wp\/v2\/product_brand?post=22128"},{"taxonomy":"product_cat","embeddable":true,"href":"https:\/\/online.123.clinic\/it\/wp-json\/wp\/v2\/product_cat?post=22128"},{"taxonomy":"product_tag","embeddable":true,"href":"https:\/\/online.123.clinic\/it\/wp-json\/wp\/v2\/product_tag?post=22128"}],"curies":[{"name":"wp","href":"https:\/\/api.w.org\/{rel}","templated":true}]}}