{"id":22120,"date":"2024-10-09T16:58:17","date_gmt":"2024-10-09T16:58:17","guid":{"rendered":"https:\/\/online.123.clinic\/?post_type=product&#038;p=22120"},"modified":"2025-06-02T11:59:00","modified_gmt":"2025-06-02T11:59:00","slug":"it-iniezioni-piano-s","status":"publish","type":"product","link":"https:\/\/online.123.clinic\/it\/product\/it-iniezioni-piano-s\/","title":{"rendered":"Iniezioni schiarenti per la pelle \u2013 Piano S \u2013 10 iniezioni ottimizzate con 5 ingredienti \u2013 3 settimane \u2013 Tutto incluso"},"content":{"rendered":"<p>\u2713 Il piano \u00e8 fatto in modo che tu riceva i prodotti all&#8217;indirizzo che preferisci con assistenza permanente inclusa quando vuoi<\/p>\n<p>\u2713 I prodotti non sono medicinali ma classificati nella categoria degli integratori alimentari. Essendo antiossidanti, l&#8217;effetto principale \u00e8 lo sbiancamento della pelle ma hanno pi\u00f9 di 15 comprovati benefici per la salute da sempre come potenziamento del sistema immunitario, elasticit\u00e0 della pelle, anti-invecchiamento ecc.<\/p>\n<p>\u2713 Aiuta a purificare la pelle, il piano svela una carnagione pi\u00f9 luminosa e radiosa mentre prende di mira l&#8217;iperpigmentazione per una pelle pi\u00f9 liscia. Migliora la salute della pelle reintegrando i nutrienti e disintossicando, aiutando a eliminare i radicali liberi. Previene le rughe premature e i segni dell&#8217;invecchiamento, garantendo un aspetto giovanile.<\/p>\n<p><strong>Descrizione e vantaggi dei prodotti<\/strong><\/p>\n<p>\u2713 Il piano comprende 10 fiale iniettabili da 5 ml ottimizzate per lo sbiancamento della pelle, ciascuna contenente:<\/p>\n<ul>\n<li>1.000 mg di glutatione liposomiale per sostenere il benessere della pelle aumentando i livelli di antiossidanti e favorendo la disintossicazione<\/li>\n<li>300 mg di inibitori della melanina SLC24A5 per schiarire le macchie scure, l&#8217;iperpigmentazione e ottenere un tono uniforme della pelle<\/li>\n<li>1000 mg di vitamina C liposomiale per stimolare la produzione di collagene, ridurre la comparsa delle rughe e migliorare l&#8217;elasticit\u00e0 della pelle<\/li>\n<li>300 mg di acido alfa lipoico per rivitalizzare la pelle minimizzando le linee sottili e promuovendo un aspetto giovanile<\/li>\n<li>200 mg di coenzima Q10 per rivitalizzare le cellule della pelle, ridurre le rughe e migliorare la vitalit\u00e0 generale della pelle<\/li>\n<\/ul>\n<p><strong>Dosaggio, controindicazioni e utilizzo<\/strong><\/p>\n<p>\u2713 Ogni fiala deve essere assunta per via endovenosa. (nelle vene) o iniezione intramuscolare (nei muscoli) con flebo o siringhe secondo la pratica dell&#8217;infermiere<\/p>\n<p>\u2713 Ogni iniezione (sotto supervisione medica e secondo le normative locali) consente di massimizzare gli effetti sbiancanti con il pi\u00f9 alto tasso di assorbimento<\/p>\n<p>\u2713 I prodotti sono adatti a tutti, tranne a coloro che hanno problemi al fegato, allergie agli antiossidanti o donne incinte<\/p>\n<p><strong>Durata del piano<\/strong><\/p>\n<p>\u2713 3 sedute per 3 settimane (1 seduta a settimana con 3 iniezioni prima dell&#8217;uso completo)<\/p>\n<p><strong>Risultati e obiettivi<\/strong><\/p>\n<p>\u2713 Consigliato per fototipo di pelle intorno a III+<\/p>\n<p>\u2713 A seconda del metabolismo e del tipo di pelle, il piano \u00e8 progettato per durare un anno e perdere circa un livello di tipo di pelle<\/p>\n<p><strong>Vantaggi del piano<\/strong><\/p>\n<p>\u2713 Risparmi in media da 750 $ a 1640 $ se lo fai in cliniche come a Mumbai o Istanbul e altrove<\/p>\n<p>\u2713 \u00c8 una soluzione comoda ed economica per coloro che non possono fallo nelle cliniche beneficiando dell&#8217;assistenza 24 ore su 24, 7 giorni su 7 inclusa nel piano<\/p>\n<p>\u2713 Spedito in tutto il mondo con spese di spedizione e tracciamento inclusi<\/p>\n<p>\u2713\u00a0\u00a0<img decoding=\"async\" class=\"alignnone wp-image-21497\" src=\"https:\/\/i0.wp.com\/online.123.clinic\/wp-content\/uploads\/2023\/10\/trustpilot.png?resize=53%2C34&amp;ssl=1\" sizes=\"(max-width: 53px) 100vw, 53px\" srcset=\"https:\/\/i0.wp.com\/online.123.clinic\/wp-content\/uploads\/2023\/10\/trustpilot.png?resize=400%2C259&amp;ssl=1 400w, https:\/\/i0.wp.com\/online.123.clinic\/wp-content\/uploads\/2023\/10\/trustpilot.png?resize=150%2C97&amp;ssl=1 150w, https:\/\/i0.wp.com\/online.123.clinic\/wp-content\/uploads\/2023\/10\/trustpilot.png?w=563&amp;ssl=1 563w\" alt=\"\" width=\"53\" height=\"34\" data-recalc-dims=\"1\" \/>\u00a0 Siamo classificati al primo posto in molti paesi e i nostri prodotti sono classificati come Eccellenti su <a href=\"https:\/\/www.trustpilot.com\/review\/123.clinic?languages=it\" target=\"_blank\" rel=\"noopener\"><strong>Trustpilot<\/strong><\/a><\/p>\n","protected":false},"excerpt":{"rendered":"<p>\u2713 Il piano \u00e8 fatto in modo che tu riceva i prodotti all&#8217;indirizzo che preferisci con assistenza permanente inclusa quando<\/p>\n","protected":false},"featured_media":21938,"template":"","meta":[],"pwb-brand":[],"product_brand":[],"product_cat":[127],"product_tag":[],"class_list":{"0":"post-22120","1":"product","2":"type-product","3":"status-publish","4":"has-post-thumbnail","6":"product_cat-iniezione-sbiancante-per-la-pelle","8":"first","9":"instock","10":"shipping-taxable","11":"purchasable","12":"product-type-simple"},"jetpack_sharing_enabled":true,"brands":[],"_links":{"self":[{"href":"https:\/\/online.123.clinic\/it\/wp-json\/wp\/v2\/product\/22120","targetHints":{"allow":["GET"]}}],"collection":[{"href":"https:\/\/online.123.clinic\/it\/wp-json\/wp\/v2\/product"}],"about":[{"href":"https:\/\/online.123.clinic\/it\/wp-json\/wp\/v2\/types\/product"}],"version-history":[{"count":6,"href":"https:\/\/online.123.clinic\/it\/wp-json\/wp\/v2\/product\/22120\/revisions"}],"predecessor-version":[{"id":23618,"href":"https:\/\/online.123.clinic\/it\/wp-json\/wp\/v2\/product\/22120\/revisions\/23618"}],"wp:featuredmedia":[{"embeddable":true,"href":"https:\/\/online.123.clinic\/it\/wp-json\/wp\/v2\/media\/21938"}],"wp:attachment":[{"href":"https:\/\/online.123.clinic\/it\/wp-json\/wp\/v2\/media?parent=22120"}],"wp:term":[{"taxonomy":"pwb-brand","embeddable":true,"href":"https:\/\/online.123.clinic\/it\/wp-json\/wp\/v2\/pwb-brand?post=22120"},{"taxonomy":"product_brand","embeddable":true,"href":"https:\/\/online.123.clinic\/it\/wp-json\/wp\/v2\/product_brand?post=22120"},{"taxonomy":"product_cat","embeddable":true,"href":"https:\/\/online.123.clinic\/it\/wp-json\/wp\/v2\/product_cat?post=22120"},{"taxonomy":"product_tag","embeddable":true,"href":"https:\/\/online.123.clinic\/it\/wp-json\/wp\/v2\/product_tag?post=22120"}],"curies":[{"name":"wp","href":"https:\/\/api.w.org\/{rel}","templated":true}]}}