{"id":22037,"date":"2024-10-09T10:13:46","date_gmt":"2024-10-09T10:13:46","guid":{"rendered":"https:\/\/online.123.clinic\/?post_type=product&#038;p=22037"},"modified":"2025-06-02T12:05:25","modified_gmt":"2025-06-02T12:05:25","slug":"fr-injections-plan-m","status":"publish","type":"product","link":"https:\/\/online.123.clinic\/fr\/product\/fr-injections-plan-m\/","title":{"rendered":"Injections pour blanchiment de la peau Plan M \u2013 20 injections optimis\u00e9es avec 7 ingr\u00e9dients \u2013 5 semaines \u2013 tout inclus"},"content":{"rendered":"<p>\u2713 Le plan est fait pour que vous receviez les produits \u00e0 l&rsquo;adresse de votre choix avec une assistance permanente incluse quand vous le souhaitez<\/p>\n<p>\u2713 Les produits ne sont pas des m\u00e9dicaments mais class\u00e9s dans la cat\u00e9gorie des compl\u00e9ments alimentaires. \u00c9tant des antioxydants, l&rsquo;effet principal est le blanchiment de la peau mais ils ont plus de 15 bienfaits pour la sant\u00e9 prouv\u00e9s depuis toujours tels que le renforcement du syst\u00e8me immunitaire, l&rsquo;\u00e9lasticit\u00e9 de la peau, l&rsquo;anti-\u00e2ge, etc.<\/p>\n<p>\u2713 Aide \u00e0 purifier la peau, le plan d\u00e9voile un teint plus lumineux et plus radieux tout en ciblant l&rsquo;hyperpigmentation pour une peau plus lisse. Il am\u00e9liore la sant\u00e9 de la peau en reconstituant les\u00a0 \u00a0nutriments et en d\u00e9toxifiant, aidant \u00e0 \u00e9liminer les radicaux libres. Il pr\u00e9vient les rides pr\u00e9matur\u00e9es et les signes de vieillissement, assurant une apparence jeune.<\/p>\n<p>\u2713 <strong>Au total votre plan comprend<\/strong>:<\/p>\n<ul>\n<li>10.000 mg de glutathion<\/li>\n<li>3.000 mg d&rsquo;inhibiteurs de m\u00e9lanine<\/li>\n<li>20.000 mg de vitamine C<\/li>\n<li>6.000 mg d&rsquo;acide alpha-lipo\u00efque<\/li>\n<li>2.000 mg de coenzyme Q10<\/li>\n<li>3.000 mg de N-ac\u00e9tyl-L-cyst\u00e9ine<\/li>\n<li>2.000 mg d&rsquo;antioxydant de chardon-Marie<\/li>\n<li>1.000 mg d&rsquo;oligo-\u00e9l\u00e9ment de s\u00e9l\u00e9nium<\/li>\n<li>1.000 mg de L-glycine essentielle<\/li>\n<\/ul>\n<p><strong>\u00a0Description et avantages des produits<\/strong><\/p>\n<p><img data-recalc-dims=\"1\" fetchpriority=\"high\" decoding=\"async\" class=\"alignnone wp-image-23285\" src=\"https:\/\/i0.wp.com\/online.123.clinic\/wp-content\/uploads\/2024\/10\/composition.png?resize=591%2C96&#038;ssl=1\" alt=\"\" width=\"591\" height=\"96\" srcset=\"https:\/\/i0.wp.com\/online.123.clinic\/wp-content\/uploads\/2024\/10\/composition.png?resize=400%2C65&amp;ssl=1 400w, https:\/\/i0.wp.com\/online.123.clinic\/wp-content\/uploads\/2024\/10\/composition.png?resize=768%2C125&amp;ssl=1 768w, https:\/\/i0.wp.com\/online.123.clinic\/wp-content\/uploads\/2024\/10\/composition.png?resize=700%2C114&amp;ssl=1 700w, https:\/\/i0.wp.com\/online.123.clinic\/wp-content\/uploads\/2024\/10\/composition.png?resize=150%2C24&amp;ssl=1 150w, https:\/\/i0.wp.com\/online.123.clinic\/wp-content\/uploads\/2024\/10\/composition.png?w=1057&amp;ssl=1 1057w\" sizes=\"(max-width: 591px) 100vw, 591px\" \/><\/p>\n<p>\u2713 Le plan comprend 10 ampoules injectables de 5 ml optimis\u00e9es pour le blanchiment de la peau contenant :<\/p>\n<ul>\n<li>1\u00a0000 mg de glutathion liposomal pour favoriser le bien-\u00eatre de la peau en augmentant les niveaux d&rsquo;antioxydants et en aidant \u00e0 la d\u00e9toxification<\/li>\n<li>300 mg d&rsquo;inhibiteurs de m\u00e9lanine SLC24A5 pour \u00e9claircir les taches brunes, l&rsquo;hyperpigmentation et avoir un teint uniforme<\/li>\n<li>1000 mg de vitamine C liposomale pour stimuler la production de collag\u00e8ne, diminuer l&rsquo;apparence des rides et am\u00e9liorer l&rsquo;\u00e9lasticit\u00e9 de la peau<\/li>\n<li>300 mg d&rsquo;acide alpha-lipo\u00efque pour revitaliser la peau en minimisant les ridules et en favorisant un teint plus jeune<\/li>\n<li>200 mg de coenzyme Q10 pour revitaliser les cellules de la peau, r\u00e9duire les rides et am\u00e9liorer la vitalit\u00e9 globale de la peau<\/li>\n<\/ul>\n<p>\u2713 Le plan comprend 10 autres ampoules injectables de 5 ml optimis\u00e9es pour le blanchiment de la peau contenant :<\/p>\n<ul>\n<li>300 mg de N-ac\u00e9tyl-L-cyst\u00e9ine, puissant antioxydant qui prot\u00e8ge votre peau des effets du vieillissement, favorise l&rsquo;hydratation, r\u00e9duire l&rsquo;acn\u00e9 et les probl\u00e8mes de pigmentation<\/li>\n<li>200 mg d&rsquo;antioxydant de chardon-Marie qui favorise une peau claire et att\u00e9nue l&rsquo;inflammation, contribuant \u00e0 une peau plus radieuse<\/li>\n<li>100 mg d&rsquo;oligo-\u00e9l\u00e9ment de s\u00e9l\u00e9nium pour stimuler les m\u00e9canismes de d\u00e9fense de la peau et r\u00e9duire l&rsquo;inflammation. Avec le glutathion il renforce votre peau des agressions ext\u00e9rieures<\/li>\n<li>300 mg d&rsquo;acide alpha-lipo\u00efque pour revitaliser la peau en minimisant les ridules et en favorisant un teint plus jeune<\/li>\n<li>1000 mg de vitamine C liposomale pour lutter contre les radicaux libres, am\u00e9liorer la synth\u00e8se du collag\u00e8ne et aider \u00e0 obtenir un teint hydrat\u00e9 et uniforme<\/li>\n<li>100 mg de L-glycine essentielle pour maintenir une peau jeune et \u00e9lastique. Il aide \u00e0 la production de collag\u00e8ne et r\u00e9pare la peau endommag\u00e9e, gardant votre teint \u00e9clatant et r\u00e9silient<\/li>\n<\/ul>\n<p><strong>\u00a0Dosage, contre-indications et utilisation<\/strong><\/p>\n<p>\u2713 Chaque ampoule doit \u00eatre prise en I.V. (dans les veines) ou I.M. (dans les muscles) par perfusion ou seringues selon les pratiques de l&rsquo;infirmi\u00e8re<\/p>\n<p>\u2713 Chaque injection (sous surveillance m\u00e9dicale et selon les r\u00e9glementations locales) permet de maximiser les effets blanchissants avec le taux d&rsquo;absorption le plus \u00e9lev\u00e9<\/p>\n<p>\u2713 Les produits conviennent \u00e0 tout le monde sauf aux personnes souffrant de probl\u00e8mes h\u00e9patiques, allergiques aux antioxydants ou aux femmes enceintes<\/p>\n<p><strong>\u00a0Dur\u00e9e du programme<\/strong><\/p>\n<p>\u2713 10 s\u00e9ances pendant 5 semaines (2 s\u00e9ances par semaine avec 2 injections par s\u00e9ance)<\/p>\n<p><strong>\u00a0R\u00e9sultats et objectifs<\/strong><\/p>\n<p>\u2713 Recommand\u00e9 pour un phototype de peau autour de IV<\/p>\n<p>\u2713 Selon votre m\u00e9tabolisme et votre type de peau, le programme est con\u00e7u pour durer un an et perdre environ un niveau de type de peau<\/p>\n<p><strong>\u00a0Avantages du Plan<\/strong><\/p>\n<p>\u2713 Vous \u00e9conomisez en moyenne entre 1 480 $ et 3 310 $ si vous le faites dans des cliniques comme \u00e0 Mumbai ou Istanbul et bien plus encore ailleurs<\/p>\n<p>\u2713 C&rsquo;est une solution pratique et \u00e9conomique solution pour ceux qui ne peuvent pas le faire en clinique tout en b\u00e9n\u00e9ficiant d&rsquo;une assistance 24h\/24 et 7j\/7 incluse dans le plan<\/p>\n<p>\u2713 Exp\u00e9di\u00e9 dans le monde entier avec frais de livraison et suivi inclus<\/p>\n<p>\u2713 Nous sommes class\u00e9s num\u00e9ro 1 dans de nombreux pays et nos produits sont class\u00e9s Excellent sur Trustpilot<\/p>\n<p>\u2713\u00a0 <img decoding=\"async\" class=\"alignnone wp-image-21497\" src=\"https:\/\/i0.wp.com\/online.123.clinic\/wp-content\/uploads\/2023\/10\/trustpilot.png?resize=53%2C34&amp;ssl=1\" sizes=\"(max-width: 53px) 100vw, 53px\" srcset=\"https:\/\/i0.wp.com\/online.123.clinic\/wp-content\/uploads\/2023\/10\/trustpilot.png?resize=400%2C259&amp;ssl=1 400w, https:\/\/i0.wp.com\/online.123.clinic\/wp-content\/uploads\/2023\/10\/trustpilot.png?resize=150%2C97&amp;ssl=1 150w, https:\/\/i0.wp.com\/online.123.clinic\/wp-content\/uploads\/2023\/10\/trustpilot.png?w=563&amp;ssl=1 563w\" alt=\"\" width=\"53\" height=\"34\" data-recalc-dims=\"1\" \/> Nous sommes class\u00e9s num\u00e9ro 1 dans de nombreux pays et nos produits sont class\u00e9s <strong>Excellent<\/strong><\/p>\n","protected":false},"excerpt":{"rendered":"<p>\u2713 Le plan est fait pour que vous receviez les produits \u00e0 l&rsquo;adresse de votre choix avec une assistance permanente<\/p>\n","protected":false},"featured_media":21946,"template":"","meta":[],"pwb-brand":[],"product_brand":[],"product_cat":[122],"product_tag":[],"class_list":{"0":"post-22037","1":"product","2":"type-product","3":"status-publish","4":"has-post-thumbnail","6":"product_cat-injection-de-blanchiment-de-peau","8":"first","9":"instock","10":"shipping-taxable","11":"purchasable","12":"product-type-simple"},"jetpack_sharing_enabled":true,"brands":[],"_links":{"self":[{"href":"https:\/\/online.123.clinic\/fr\/wp-json\/wp\/v2\/product\/22037","targetHints":{"allow":["GET"]}}],"collection":[{"href":"https:\/\/online.123.clinic\/fr\/wp-json\/wp\/v2\/product"}],"about":[{"href":"https:\/\/online.123.clinic\/fr\/wp-json\/wp\/v2\/types\/product"}],"version-history":[{"count":13,"href":"https:\/\/online.123.clinic\/fr\/wp-json\/wp\/v2\/product\/22037\/revisions"}],"predecessor-version":[{"id":23582,"href":"https:\/\/online.123.clinic\/fr\/wp-json\/wp\/v2\/product\/22037\/revisions\/23582"}],"wp:featuredmedia":[{"embeddable":true,"href":"https:\/\/online.123.clinic\/fr\/wp-json\/wp\/v2\/media\/21946"}],"wp:attachment":[{"href":"https:\/\/online.123.clinic\/fr\/wp-json\/wp\/v2\/media?parent=22037"}],"wp:term":[{"taxonomy":"pwb-brand","embeddable":true,"href":"https:\/\/online.123.clinic\/fr\/wp-json\/wp\/v2\/pwb-brand?post=22037"},{"taxonomy":"product_brand","embeddable":true,"href":"https:\/\/online.123.clinic\/fr\/wp-json\/wp\/v2\/product_brand?post=22037"},{"taxonomy":"product_cat","embeddable":true,"href":"https:\/\/online.123.clinic\/fr\/wp-json\/wp\/v2\/product_cat?post=22037"},{"taxonomy":"product_tag","embeddable":true,"href":"https:\/\/online.123.clinic\/fr\/wp-json\/wp\/v2\/product_tag?post=22037"}],"curies":[{"name":"wp","href":"https:\/\/api.w.org\/{rel}","templated":true}]}}