{"id":22014,"date":"2024-10-09T09:20:55","date_gmt":"2024-10-09T09:20:55","guid":{"rendered":"https:\/\/online.123.clinic\/?post_type=product&#038;p=22014"},"modified":"2025-06-02T10:57:42","modified_gmt":"2025-06-02T10:57:42","slug":"fr-injections-planxs","status":"publish","type":"product","link":"https:\/\/online.123.clinic\/fr\/product\/fr-injections-planxs\/","title":{"rendered":"Injections pour blanchiment de la peau Plan XS \u2013 10 injections optimis\u00e9es avec 6 ingr\u00e9dients \u2013 3 semaines \u2013 tout inclus"},"content":{"rendered":"<p>\u2713 Le plan comprend 10 ampoules injectables de 5 ml optimis\u00e9es pour le blanchiment de la peau. Chaque injection contient :<\/p>\n<ul>\n<li>300 mg de N-ac\u00e9tyl-L-cyst\u00e9ine, un puissant antioxydant qui prot\u00e8ge votre peau des effets du vieillissement, favorise l&rsquo;hydratation et est essentiel pour r\u00e9duire l&rsquo;acn\u00e9 et les probl\u00e8mes de pigmentation<\/li>\n<li>200 mg de chardon-Marie, un antioxydant qui favorise une peau nette et soulage l&rsquo;inflammation, contribuant ainsi \u00e0 une apparence apais\u00e9e et radieuse<\/li>\n<li>100 mg de s\u00e9l\u00e9nium, un oligo-\u00e9l\u00e9ment qui stimule les m\u00e9canismes de d\u00e9fense de la peau et r\u00e9duit l&rsquo;inflammation. Agit en synergie avec le glutathion pour renforcer votre peau contre les agressions ext\u00e9rieures<\/li>\n<li>300 mg d&rsquo;acide alpha-lipo\u00efque qui aide \u00e0 lutter contre les premiers signes de l&rsquo;\u00e2ge, \u00e0 r\u00e9duire les pores et \u00e0 \u00e9quilibrer la production de s\u00e9bum, pour une peau lisse et nette<\/li>\n<li>1000 mg de vitamine C liposomale qui combat les radicaux libres, stimule la synth\u00e8se du collag\u00e8ne et contribue \u00e0 un teint hydrat\u00e9 et unifi\u00e9<\/li>\n<li>100 mg de L-glycine essentielle pour pr\u00e9server la jeunesse et l&rsquo;\u00e9lasticit\u00e9 de la peau. Il favorise la production de collag\u00e8ne et r\u00e9pare la peau ab\u00eem\u00e9e, pr\u00e9servant ainsi l&rsquo;\u00e9clat et la r\u00e9silience de votre teint.\u2713 Chaque ampoule est compos\u00e9e de compl\u00e9ments naturels \u00e0 administrer par perfusion intraveineuse ou intramusculaire, avec un goutte-\u00e0-goutte ou des seringues.<\/li>\n<\/ul>\n<p>\u2713 Chaque injection (sous surveillance m\u00e9dicale et conform\u00e9ment \u00e0 la r\u00e9glementation locale) optimise les effets blanchissants et favorise une absorption optimale.<\/p>\n<p>\u2713 Aide \u00e0 purifier la peau et \u00e0 renforcer le syst\u00e8me immunitaire. Ce programme r\u00e9v\u00e8le un teint plus lumineux et plus \u00e9clatant tout en ciblant l&rsquo;hyperpigmentation pour une peau plus lisse. Il am\u00e9liore la sant\u00e9 de la peau en la nourrissant et en la d\u00e9toxifiant, contribuant ainsi \u00e0 \u00e9liminer les radicaux libres. Il pr\u00e9vient les rides pr\u00e9matur\u00e9es et les signes de l&rsquo;\u00e2ge, pour une apparence plus jeune.<\/p>\n<p>\u2713 3 s\u00e9ances pendant 3 semaines (1 s\u00e9ance par semaine de 3 injections jusqu&rsquo;\u00e0 \u00e9puisement des 10 ampoules)<\/p>\n<p>\u2713 Recommand\u00e9 pour les phototypes II\/III<\/p>\n<p>\u2713 Vous \u00e9conomisez en moyenne entre 180 et 410 dollars en optant pour une clinique comme celle de Mumbai ou d&rsquo;Istanbul.<\/p>\n<p>\u2713\u00a0\u00a0<img decoding=\"async\" class=\"alignnone wp-image-21497\" src=\"https:\/\/i0.wp.com\/online.123.clinic\/wp-content\/uploads\/2023\/10\/trustpilot.png?resize=53%2C34&amp;ssl=1\" sizes=\"(max-width: 53px) 100vw, 53px\" srcset=\"https:\/\/i0.wp.com\/online.123.clinic\/wp-content\/uploads\/2023\/10\/trustpilot.png?resize=400%2C259&amp;ssl=1 400w, https:\/\/i0.wp.com\/online.123.clinic\/wp-content\/uploads\/2023\/10\/trustpilot.png?resize=150%2C97&amp;ssl=1 150w, https:\/\/i0.wp.com\/online.123.clinic\/wp-content\/uploads\/2023\/10\/trustpilot.png?w=563&amp;ssl=1 563w\" alt=\"\" width=\"53\" height=\"34\" data-recalc-dims=\"1\" \/> Nous sommes les num\u00e9ros 1 dans plusieurs pays et nos produits not\u00e9s \u00ab\u00a0Excellent\u00a0\u00bb<\/p>\n<p>\u2713 Assistance permanente incluse dans le plan<\/p>\n<p>\u2713 Frais d&rsquo;exp\u00e9dition avec suivi inclus dans le prix<\/p>\n<p>\u2713 Emballages minimis\u00e9s et colis en carton r\u00e9utilisable<\/p>\n","protected":false},"excerpt":{"rendered":"<p>\u2713 Le plan comprend 10 ampoules injectables de 5 ml optimis\u00e9es pour le blanchiment de la peau. Chaque injection contient<\/p>\n","protected":false},"featured_media":22015,"template":"","meta":[],"pwb-brand":[],"product_brand":[],"product_cat":[122],"product_tag":[],"class_list":{"0":"post-22014","1":"product","2":"type-product","3":"status-publish","4":"has-post-thumbnail","6":"product_cat-injection-de-blanchiment-de-peau","8":"first","9":"instock","10":"shipping-taxable","11":"purchasable","12":"product-type-simple"},"jetpack_sharing_enabled":true,"brands":[],"_links":{"self":[{"href":"https:\/\/online.123.clinic\/fr\/wp-json\/wp\/v2\/product\/22014","targetHints":{"allow":["GET"]}}],"collection":[{"href":"https:\/\/online.123.clinic\/fr\/wp-json\/wp\/v2\/product"}],"about":[{"href":"https:\/\/online.123.clinic\/fr\/wp-json\/wp\/v2\/types\/product"}],"version-history":[{"count":8,"href":"https:\/\/online.123.clinic\/fr\/wp-json\/wp\/v2\/product\/22014\/revisions"}],"predecessor-version":[{"id":23599,"href":"https:\/\/online.123.clinic\/fr\/wp-json\/wp\/v2\/product\/22014\/revisions\/23599"}],"wp:featuredmedia":[{"embeddable":true,"href":"https:\/\/online.123.clinic\/fr\/wp-json\/wp\/v2\/media\/22015"}],"wp:attachment":[{"href":"https:\/\/online.123.clinic\/fr\/wp-json\/wp\/v2\/media?parent=22014"}],"wp:term":[{"taxonomy":"pwb-brand","embeddable":true,"href":"https:\/\/online.123.clinic\/fr\/wp-json\/wp\/v2\/pwb-brand?post=22014"},{"taxonomy":"product_brand","embeddable":true,"href":"https:\/\/online.123.clinic\/fr\/wp-json\/wp\/v2\/product_brand?post=22014"},{"taxonomy":"product_cat","embeddable":true,"href":"https:\/\/online.123.clinic\/fr\/wp-json\/wp\/v2\/product_cat?post=22014"},{"taxonomy":"product_tag","embeddable":true,"href":"https:\/\/online.123.clinic\/fr\/wp-json\/wp\/v2\/product_tag?post=22014"}],"curies":[{"name":"wp","href":"https:\/\/api.w.org\/{rel}","templated":true}]}}