{"id":19504,"date":"2023-10-09T23:54:36","date_gmt":"2023-10-09T23:54:36","guid":{"rendered":"https:\/\/www.online.123.clinic\/informations-sur-la-livraison\/"},"modified":"2024-10-14T13:20:47","modified_gmt":"2024-10-14T13:20:47","slug":"choisir-mon-plan","status":"publish","type":"page","link":"https:\/\/online.123.clinic\/fr\/choisir-mon-plan\/","title":{"rendered":"Comment choisir mon plan?"},"content":{"rendered":"\t\t<div data-elementor-type=\"wp-page\" data-elementor-id=\"19504\" class=\"elementor elementor-19504 elementor-15634\">\n\t\t\t\t<div class=\"elementor-element elementor-element-5cc9f2b2 e-flex e-con-boxed wd-section-disabled e-con e-parent\" data-id=\"5cc9f2b2\" data-element_type=\"container\" data-e-type=\"container\">\n\t\t\t\t\t<div class=\"e-con-inner\">\n\t\t\t\t\t<\/div>\n\t\t\t\t<\/div>\n\t\t<div class=\"elementor-element elementor-element-b901519 e-flex e-con-boxed wd-section-disabled e-con e-parent\" data-id=\"b901519\" data-element_type=\"container\" data-e-type=\"container\">\n\t\t\t\t\t<div class=\"e-con-inner\">\n\t\t\t\t<div class=\"elementor-element elementor-element-2727432 elementor-widget elementor-widget-wd_text_block\" data-id=\"2727432\" data-element_type=\"widget\" data-e-type=\"widget\" data-widget_type=\"wd_text_block.default\">\n\t\t\t\t<div class=\"elementor-widget-container\">\n\t\t\t\t\t\t\t<div class=\"wd-text-block reset-last-child text-left\">\n\t\t\t\n\t\t\t<p>Vous voyez diff\u00e9rents produits, quantit\u00e9s ou plans mais vous ne savez pas ce qui vous convient? Pas de soucis, nous sommes l\u00e0 pour vous aider !<\/p><p>Si vous souhaitez nous contacter directement, c'est ici sur Whatsapp :<\/p><p>Sinon, v\u00e9rifiez vous-m\u00eame votre phototype de peau du type I au type VI et sur le plan qui va avec, soit par comprim\u00e9s oraux, soit par injections.<\/p>\n\t\t\t\t\t<\/div>\n\t\t\t\t\t\t<\/div>\n\t\t\t\t<\/div>\n\t\t\t\t<div class=\"elementor-element elementor-element-97ebb10 elementor-widget elementor-widget-wd_text_block\" data-id=\"97ebb10\" data-element_type=\"widget\" data-e-type=\"widget\" data-widget_type=\"wd_text_block.default\">\n\t\t\t\t<div class=\"elementor-widget-container\">\n\t\t\t\t\t\t\t<div class=\"wd-text-block reset-last-child text-left\">\n\t\t\t\n\t\t\t<p><strong>Type de peau I<\/strong>\u00a0: teint toujours p\u00e2le, ivoire, vous ne pouvez pas rester plus de quelques minutes au soleil sans br\u00fbler. Les injections ne sont pas recommand\u00e9es et les comprim\u00e9s blanchissants pour la peau sont n\u00e9cessaires en petite quantit\u00e9, l'objectif principal n'\u00e9tant pas de blanchir la peau mais de renforcer l'immunit\u00e9 de la peau.<\/p><p>Plans recommand\u00e9s\u00a0: <a href=\"https:\/\/online.123.clinic\/fr\/product\/fr-plan-s-120\/\" target=\"_blank\" rel=\"noopener\"><span style=\"text-decoration: underline;\"><strong>Plan S avec comprim\u00e9s<\/strong><\/span><\/a> ou <a href=\"https:\/\/online.123.clinic\/fr\/product\/fr-plan-m-240\/\" target=\"_blank\" rel=\"noopener\"><span style=\"text-decoration: underline;\"><strong>Plan M avec comprim\u00e9s<\/strong><\/span><\/a><\/p><p><strong>Type de peau II<\/strong> : teint clair standard ayant besoin d'une protection solaire de 30 \u00e0 50 %, mais ne pouvant bronzer. Les injections aideraient, mais les comprim\u00e9s blanchissants pour la peau pourraient suffire.<\/p><p>Plans recommand\u00e9s\u00a0: <a href=\"https:\/\/online.123.clinic\/fr\/product\/fr-plan-m-240\/\" target=\"_blank\" rel=\"noopener\"><span style=\"text-decoration: underline;\"><strong>Plan M avec comprim\u00e9s<\/strong><\/span><\/a> - <a href=\"https:\/\/online.123.clinic\/fr\/product\/fr-plan-l-270\/\" target=\"_blank\" rel=\"noopener\"><span style=\"text-decoration: underline;\"><strong>Plan L avec comprim\u00e9s<\/strong><\/span><\/a> ou <a href=\"https:\/\/online.123.clinic\/fr\/product\/fr-injections-planxs\/\" target=\"_blank\" rel=\"noopener\"><span style=\"text-decoration: underline;\"><strong>Plan XS avec injections<\/strong><\/span><\/a> - <a href=\"https:\/\/online.123.clinic\/fr\/product\/fr-injections-plan-s\/\" target=\"_blank\" rel=\"noopener\"><span style=\"text-decoration: underline;\"><strong>Plan S avec injections<\/strong><\/span><\/a><\/p><p><strong>Type de peau III<\/strong> : peau de type miel, dor\u00e9e ou brune, vous pouvez bronzer mais ne pas br\u00fbler au soleil. Les injections ne sont pas obligatoires mais vous en auriez besoin.<\/p><p>Plans recommand\u00e9s\u00a0: <a href=\"https:\/\/online.123.clinic\/fr\/product\/fr-plan-l-270\/\" target=\"_blank\" rel=\"noopener\"><span style=\"text-decoration: underline;\"><strong>Plan L avec comprim\u00e9s<\/strong><\/span><\/a> ou <a href=\"https:\/\/online.123.clinic\/fr\/product\/fr-injections-plan-m\/\" target=\"_blank\" rel=\"noopener\"><span style=\"text-decoration: underline;\"><strong>Plan M avec injections<\/strong><\/span><\/a><\/p><p><strong>Type de peau IV<\/strong> : votre peau bronze facilement sans br\u00fbler et est souvent consid\u00e9r\u00e9e comme moyennement brune.<\/p><p>Plans recommand\u00e9es : <a href=\"https:\/\/online.123.clinic\/fr\/product\/fr-plan-l-270\/\" target=\"_blank\" rel=\"noopener\"><span style=\"text-decoration: underline;\"><strong>Plan L avec comprim\u00e9s<\/strong><\/span><\/a> - <a href=\"https:\/\/online.123.clinic\/fr\/product\/fr-plan-xl-360\/\" target=\"_blank\" rel=\"noopener\"><span style=\"text-decoration: underline;\"><strong>Plan XL avec comprim\u00e9s<\/strong><\/span><\/a> ou <a href=\"https:\/\/online.123.clinic\/fr\/product\/fr-injections-plan-m\/\" target=\"_blank\" rel=\"noopener\"><span style=\"text-decoration: underline;\"><strong>Plan M avec injections<\/strong><\/span><\/a> - <a href=\"https:\/\/online.123.clinic\/fr\/product\/fr-injections-plan-l\/\" target=\"_blank\" rel=\"noopener\"><span style=\"text-decoration: underline;\"><strong>Plan L avec injections<\/strong><\/span><\/a><\/p><p><strong>Type de peau V<\/strong> : vous bronzez facilement et rapidement sans br\u00fbler. Votre couleur de peau brun fonc\u00e9 n\u00e9cessite des injections ou beaucoup de comprim\u00e9s.<\/p><p>Plans recommand\u00e9s : <a href=\"https:\/\/online.123.clinic\/fr\/product\/fr-plan-xl-360\/\" target=\"_blank\" rel=\"noopener\"><span style=\"text-decoration: underline;\"><strong>Plan XL avec comprim\u00e9s<\/strong><\/span><\/a> - <a href=\"https:\/\/online.123.clinic\/fr\/product\/fr-plan-2xl-600\/\" target=\"_blank\" rel=\"noopener\"><span style=\"text-decoration: underline;\"><strong>Plan 2XL avec comprim\u00e9s<\/strong><\/span><\/a> ou\u00a0 <a href=\"https:\/\/online.123.clinic\/fr\/product\/fr-injections-plan-l\/\" target=\"_blank\" rel=\"noopener\"><span style=\"text-decoration: underline;\"><strong>Plan L avec injections<\/strong><\/span><\/a> - <a href=\"https:\/\/online.123.clinic\/fr\/product\/fr-injections-plan-xl\/\" target=\"_blank\" rel=\"noopener\"><span style=\"text-decoration: underline;\"><strong>Plan XL avec injections<\/strong><\/span><\/a><\/p><p><strong>Type de peau VI<\/strong> : vous bronzez facilement et rapidement sans br\u00fbler. Votre couleur de peau fonc\u00e9e n\u00e9cessite des injections ou beaucoup de comprim\u00e9s blanchissants.<\/p><p>Plans recommand\u00e9s : <a href=\"https:\/\/online.123.clinic\/fr\/product\/fr-plan-xl-360\/\" target=\"_blank\" rel=\"noopener\"><span style=\"text-decoration: underline;\"><strong>Plan XL avec comprim\u00e9s<\/strong><\/span><\/a> - <a href=\"https:\/\/online.123.clinic\/fr\/product\/fr-plan-2xl-600\/\" target=\"_blank\" rel=\"noopener\"><span style=\"text-decoration: underline;\"><strong>Plan 2XL avec comprim\u00e9s<\/strong><\/span><\/a> ou <a href=\"https:\/\/online.123.clinic\/fr\/product\/fr-injections-plan-xl\/\" target=\"_blank\" rel=\"noopener\"><span style=\"text-decoration: underline;\"><strong>Plan XL avec injections<\/strong><\/span><\/a> - <a href=\"https:\/\/online.123.clinic\/fr\/product\/fr-injections-plan-2xl\/\" target=\"_blank\" rel=\"noopener\"><span style=\"text-decoration: underline;\"><strong>Plan 2XL avec injections<\/strong><\/span><\/a><\/p>\n\t\t\t\t\t<\/div>\n\t\t\t\t\t\t<\/div>\n\t\t\t\t<\/div>\n\t\t\t\t<div class=\"elementor-element elementor-element-180333d elementor-widget elementor-widget-wd_text_block\" data-id=\"180333d\" data-element_type=\"widget\" data-e-type=\"widget\" data-widget_type=\"wd_text_block.default\">\n\t\t\t\t<div class=\"elementor-widget-container\">\n\t\t\t\t\t\t\t<div class=\"wd-text-block reset-last-child text-left\">\n\t\t\t\n\t\t\t\n\t\t\t\t\t<\/div>\n\t\t\t\t\t\t<\/div>\n\t\t\t\t<\/div>\n\t\t\t\t\t<\/div>\n\t\t\t\t<\/div>\n\t\t<div class=\"elementor-element elementor-element-7b1a8c2 e-flex e-con-boxed wd-section-disabled e-con e-parent\" data-id=\"7b1a8c2\" data-element_type=\"container\" data-e-type=\"container\">\n\t\t\t\t\t<div class=\"e-con-inner\">\n\t\t\t\t<div class=\"elementor-element elementor-element-83a45a0 elementor-widget elementor-widget-wd_image_or_svg\" data-id=\"83a45a0\" data-element_type=\"widget\" data-e-type=\"widget\" data-widget_type=\"wd_image_or_svg.default\">\n\t\t\t\t<div class=\"elementor-widget-container\">\n\t\t\t\t\t\n\t\t<div class=\"wd-image text-left\">\n\t\t\t\t\t\t\t\t<img fetchpriority=\"high\" decoding=\"async\" width=\"1073\" height=\"409\" src=\"https:\/\/i0.wp.com\/online.123.clinic\/wp-content\/uploads\/2024\/10\/Filtzpatrick2.png?fit=1073%2C409&amp;ssl=1\" class=\"attachment-full size-full\" alt=\"\" srcset=\"https:\/\/i0.wp.com\/online.123.clinic\/wp-content\/uploads\/2024\/10\/Filtzpatrick2.png?w=1073&amp;ssl=1 1073w, https:\/\/i0.wp.com\/online.123.clinic\/wp-content\/uploads\/2024\/10\/Filtzpatrick2.png?resize=400%2C152&amp;ssl=1 400w, https:\/\/i0.wp.com\/online.123.clinic\/wp-content\/uploads\/2024\/10\/Filtzpatrick2.png?resize=768%2C293&amp;ssl=1 768w, https:\/\/i0.wp.com\/online.123.clinic\/wp-content\/uploads\/2024\/10\/Filtzpatrick2.png?resize=700%2C267&amp;ssl=1 700w, https:\/\/i0.wp.com\/online.123.clinic\/wp-content\/uploads\/2024\/10\/Filtzpatrick2.png?resize=150%2C57&amp;ssl=1 150w\" sizes=\"(max-width: 1000px) 100vw, 1000px\" \/>\t\t\t\t\t<\/div>\n\n\t\t\t\t\t\t<\/div>\n\t\t\t\t<\/div>\n\t\t\t\t\t<\/div>\n\t\t\t\t<\/div>\n\t\t<div class=\"elementor-element elementor-element-1f354c0 e-flex e-con-boxed wd-section-disabled e-con e-parent\" data-id=\"1f354c0\" data-element_type=\"container\" data-e-type=\"container\">\n\t\t\t\t\t<div class=\"e-con-inner\">\n\t\t\t\t\t<\/div>\n\t\t\t\t<\/div>\n\t\t\t\t<\/div>\n\t\t","protected":false},"excerpt":{"rendered":"<p>Vous voyez diff\u00e9rents produits, quantit\u00e9s ou plans mais vous ne savez pas ce qui vous convient? Pas de soucis, nous<\/p>\n","protected":false},"author":1,"featured_media":0,"parent":0,"menu_order":0,"comment_status":"closed","ping_status":"closed","template":"","meta":{"footnotes":""},"class_list":["post-19504","page","type-page","status-publish","hentry"],"jetpack_sharing_enabled":true,"_links":{"self":[{"href":"https:\/\/online.123.clinic\/fr\/wp-json\/wp\/v2\/pages\/19504","targetHints":{"allow":["GET"]}}],"collection":[{"href":"https:\/\/online.123.clinic\/fr\/wp-json\/wp\/v2\/pages"}],"about":[{"href":"https:\/\/online.123.clinic\/fr\/wp-json\/wp\/v2\/types\/page"}],"author":[{"embeddable":true,"href":"https:\/\/online.123.clinic\/fr\/wp-json\/wp\/v2\/users\/1"}],"replies":[{"embeddable":true,"href":"https:\/\/online.123.clinic\/fr\/wp-json\/wp\/v2\/comments?post=19504"}],"version-history":[{"count":39,"href":"https:\/\/online.123.clinic\/fr\/wp-json\/wp\/v2\/pages\/19504\/revisions"}],"predecessor-version":[{"id":22752,"href":"https:\/\/online.123.clinic\/fr\/wp-json\/wp\/v2\/pages\/19504\/revisions\/22752"}],"wp:attachment":[{"href":"https:\/\/online.123.clinic\/fr\/wp-json\/wp\/v2\/media?parent=19504"}],"curies":[{"name":"wp","href":"https:\/\/api.w.org\/{rel}","templated":true}]}}