{"id":19474,"date":"2023-10-09T23:50:39","date_gmt":"2023-10-09T23:50:39","guid":{"rendered":"https:\/\/www.online.123.clinic\/suivi-des-commandes\/"},"modified":"2023-11-13T18:08:37","modified_gmt":"2023-11-13T18:08:37","slug":"order-tracking","status":"publish","type":"page","link":"https:\/\/online.123.clinic\/fr\/order-tracking\/","title":{"rendered":"Suivi des commandes"},"content":{"rendered":"\t\t<div data-elementor-type=\"wp-page\" data-elementor-id=\"19474\" class=\"elementor elementor-19474 elementor-15625\">\n\t\t\t\t\t\t<section class=\"elementor-section elementor-top-section elementor-element elementor-element-42e82e0b elementor-section-boxed elementor-section-height-default elementor-section-height-default wd-section-disabled\" data-id=\"42e82e0b\" data-element_type=\"section\" data-e-type=\"section\" data-settings=\"{&quot;background_background&quot;:&quot;classic&quot;}\">\n\t\t\t\t\t\t<div class=\"elementor-container elementor-column-gap-default\">\n\t\t\t\t\t<div class=\"elementor-column elementor-col-100 elementor-top-column elementor-element elementor-element-13d5eef3\" data-id=\"13d5eef3\" data-element_type=\"column\" data-e-type=\"column\">\n\t\t\t<div class=\"elementor-widget-wrap elementor-element-populated\">\n\t\t\t\t\t\t<div class=\"elementor-element elementor-element-61bd7ff elementor-widget elementor-widget-wd_button\" data-id=\"61bd7ff\" data-element_type=\"widget\" data-e-type=\"widget\" data-widget_type=\"wd_button.default\">\n\t\t\t\t<div class=\"elementor-widget-container\">\n\t\t\t\t\t\t\t<div class=\"wd-button-wrapper text-center\" >\n\t\t\t<a class=\"btn btn-style-default btn-style-rectangle btn-size-default btn-color-primary btn-icon-pos-right\"  href=\"https:\/\/www.post.lu\/en\/particuliers\/colis-courrier\/track-and-trace#\/search\" target=\"_blank\">\n\t\t\t\t<span class=\"wd-btn-text\" data-elementor-setting-key=\"text\">\n\t\t\t\t\tCliquez ici pour suivre\t\t\t\t<\/span>\n\n\t\t\t\t\t\t\t<\/a>\n\t\t<\/div>\n\t\t\t\t\t\t<\/div>\n\t\t\t\t<\/div>\n\t\t\t\t\t<\/div>\n\t\t<\/div>\n\t\t\t\t\t<\/div>\n\t\t<\/section>\n\t\t\t\t<section class=\"elementor-section elementor-top-section elementor-element elementor-element-5c7e8e92 elementor-section-boxed elementor-section-height-default elementor-section-height-default wd-section-disabled\" data-id=\"5c7e8e92\" data-element_type=\"section\" data-e-type=\"section\">\n\t\t\t\t\t\t<div class=\"elementor-container elementor-column-gap-default\">\n\t\t\t\t\t<div class=\"elementor-column elementor-col-100 elementor-top-column elementor-element elementor-element-658579d0\" data-id=\"658579d0\" data-element_type=\"column\" data-e-type=\"column\">\n\t\t\t<div class=\"elementor-widget-wrap elementor-element-populated\">\n\t\t\t\t\t\t<section class=\"elementor-section elementor-inner-section elementor-element elementor-element-21a069cf elementor-section-boxed elementor-section-height-default elementor-section-height-default wd-section-disabled\" data-id=\"21a069cf\" data-element_type=\"section\" data-e-type=\"section\">\n\t\t\t\t\t\t<div class=\"elementor-container elementor-column-gap-default\">\n\t\t\t\t\t<div class=\"elementor-column elementor-col-33 elementor-inner-column elementor-element elementor-element-40012f0e\" data-id=\"40012f0e\" data-element_type=\"column\" data-e-type=\"column\" data-settings=\"{&quot;background_background&quot;:&quot;classic&quot;}\">\n\t\t\t<div class=\"elementor-widget-wrap elementor-element-populated\">\n\t\t\t\t\t\t<div class=\"elementor-element elementor-element-7698cba1 elementor-widget elementor-widget-wd_title\" data-id=\"7698cba1\" data-element_type=\"widget\" data-e-type=\"widget\" data-widget_type=\"wd_title.default\">\n\t\t\t\t<div class=\"elementor-widget-container\">\n\t\t\t\t\t\t\t<div class=\"title-wrapper set-mb-s reset-last-child wd-title-color-default wd-title-style-default wd-title-size-medium text-left\">\n\n\t\t\t\n\t\t\t<div class=\"liner-continer\">\n\t\t\t\t<h4 class=\"woodmart-title-container title wd-fontsize-xl\">Ma commande<\/h4> \n\t\t\t\t\t\t\t<\/div>\n\n\t\t\t\t\t<\/div>\n\t\t\t\t\t\t<\/div>\n\t\t\t\t<\/div>\n\t\t\t\t<div class=\"elementor-element elementor-element-2aff8c8e elementor-widget elementor-widget-wd_infobox\" data-id=\"2aff8c8e\" data-element_type=\"widget\" data-e-type=\"widget\" data-widget_type=\"wd_infobox.default\">\n\t\t\t\t<div class=\"elementor-widget-container\">\n\t\t\t\t\t\t\t<div class=\"info-box-wrapper\">\n\t\t\t<div class=\"wd-info-box text-left box-icon-align-left box-style-base color-scheme- wd-items-top cursor-pointer\" onclick=\"window.location.href='#'\" style=\"\">\n\t\t\t\t\t\t\t\t\t<div class=\"box-icon-wrapper  box-with-icon box-icon-simple\">\n\t\t\t\t\t\t<div class=\"info-box-icon\">\n\t\t\t\t\t\t\t\t\t\t\t\t\t\t\t<span class=\"info-svg-wrapper info-icon\" style=\"width:64px; height:64px;\"><svg id=\"svg-7093\" xmlns=\"http:\/\/www.w3.org\/2000\/svg\" width=\"64\" height=\"64\" viewBox=\"0 0 64 64\" fill=\"none\"><rect width=\"64\" height=\"64\" fill=\"white\"><\/rect><rect width=\"31\" height=\"64\" fill=\"#D5E1EE\"><\/rect><path d=\"M10 6H15V0H17V6H22V10H10V6Z\" fill=\"#0F2E53\"><\/path><path d=\"M15 64V38H17V41H19V43H17V64H15Z\" fill=\"#0F2E53\"><\/path><path d=\"M13 12H11V16H13V12Z\" fill=\"#4488DA\"><\/path><path d=\"M13 18H11V20H13V18Z\" fill=\"#4488DA\"><\/path><path d=\"M15 12H17V19H15V12Z\" fill=\"#4488DA\"><\/path><path d=\"M17 21H15V23H17V21Z\" fill=\"#4488DA\"><\/path><path d=\"M19 12H21V16H19V12Z\" fill=\"#4488DA\"><\/path><path d=\"M21 18H19V20H21V18Z\" fill=\"#4488DA\"><\/path><path d=\"M1 34L30 21V23L1 36V34Z\" fill=\"white\"><\/path><path d=\"M1 39L30 26V28L1 41V39Z\" fill=\"white\"><\/path><rect x=\"36\" y=\"38\" width=\"23\" height=\"12\" fill=\"#F0F0F0\"><\/rect><path d=\"M39 33H56V36C56 37.1046 55.1046 38 54 38H41C39.8954 38 39 37.1046 39 36V33Z\" fill=\"#F0F0F0\"><\/path><path d=\"M42 33H39V36C39 37.1045 39.8955 38 41 38H54C55.1045 38 56 37.1045 56 36H44C42.8955 36 42 35.1045 42 34V33Z\" fill=\"#DEDEDE\"><\/path><rect x=\"36\" y=\"38\" width=\"23\" height=\"4\" fill=\"#234875\"><\/rect><rect x=\"44\" y=\"44\" width=\"7\" height=\"2\" fill=\"#0F2E53\"><\/rect><path fill-rule=\"evenodd\" clip-rule=\"evenodd\" d=\"M49 29.9033C54.6426 29.168 59 24.3428 59 18.5C59 12.1484 53.8516 7 47.5 7C41.1484 7 36 12.1484 36 18.5C36 24.3428 40.3574 29.168 46 29.9033V31H49V29.9033ZM57 18.5C57 23.7471 52.7471 28 47.5 28C42.2529 28 38 23.7471 38 18.5C38 13.2529 42.2529 9 47.5 9C52.7471 9 57 13.2529 57 18.5Z\" fill=\"#0F2E53\"><\/path><path d=\"M41.8429 20.6209L48.914 13.5499L50.3282 14.9641L43.2571 22.0352L41.8429 20.6209Z\" fill=\"#4488DA\"><\/path><path d=\"M42.55 24.1565L49.6211 17.0854L51.0353 18.4996L43.9642 25.5707L42.55 24.1565Z\" fill=\"#4488DA\"><\/path><path d=\"M49.6211 12.8428L51.0353 11.4286L52.4495 12.8428L51.0353 14.257L49.6211 12.8428Z\" fill=\"#4488DA\"><\/path><\/svg><\/span>\t\t\t\t\t\t\t\t\t\t\t\t\t<\/div>\n\t\t\t\t\t<\/div>\n\t\t\t\t\n\t\t\t\t<div class=\"info-box-content\">\n\t\t\t\t\t\n\t\t\t\t\t\t\t\t\t\t\t<h4\t\t\t\t\t\tclass=\"info-box-title title box-title-style-default wd-fontsize-m\" data-elementor-setting-key=\"title\">\n\t\t\t\t\t\t\t\tLivraison gratuite incluse\t\t\t\t\t\t<\/h4>\n\t\t\t\t\t\n\t\t\t\t\t<div class=\"info-box-inner set-cont-mb-s reset-last-child\"data-elementor-setting-key=\"content\"><p>Les commandes incluent les frais d'exp\u00e9dition dans le monde entier avec suivi.<\/p>\n<\/div>\n\t\n\t\t\t\t\t\t\t\t\t<\/div>\n\t\t\t<\/div>\n\t\t<\/div>\n\t\t\t\t\t\t<\/div>\n\t\t\t\t<\/div>\n\t\t\t\t<div class=\"elementor-element elementor-element-4fff09a0 elementor-widget elementor-widget-wd_infobox\" data-id=\"4fff09a0\" data-element_type=\"widget\" data-e-type=\"widget\" data-widget_type=\"wd_infobox.default\">\n\t\t\t\t<div class=\"elementor-widget-container\">\n\t\t\t\t\t\t\t<div class=\"info-box-wrapper\">\n\t\t\t<div class=\"wd-info-box text-left box-icon-align-left box-style-base color-scheme- wd-items-top cursor-pointer\" onclick=\"window.location.href='#'\" style=\"\">\n\t\t\t\t\t\t\t\t\t<div class=\"box-icon-wrapper  box-with-icon box-icon-simple\">\n\t\t\t\t\t\t<div class=\"info-box-icon\">\n\t\t\t\t\t\t\t\t\t\t\t\t\t\t\t<span class=\"info-svg-wrapper info-icon\" style=\"width:64px; height:64px;\"><svg id=\"svg-5780\" xmlns=\"http:\/\/www.w3.org\/2000\/svg\" xmlns:xlink=\"http:\/\/www.w3.org\/1999\/xlink\" id=\"&#x421;&#x43B;&#x43E;&#x439;_1\" x=\"0px\" y=\"0px\" viewBox=\"0 0 32 32\" style=\"enable-background:new 0 0 32 32;\" xml:space=\"preserve\"> <path id=\"retail-247\" style=\"fill:#F4A51C;\" d=\"M30.4,26.6c-2.4-1.4-5.1-2.4-7.8-3l0.2-0.3c0.1-0.1,0.2-0.3,0.1-0.4l-0.5-2 c0.2-0.3,0.4-0.5,0.5-0.8c2-0.7,3-1.8,3.2-3.5c0.9-0.1,1.6-0.8,1.6-1.7v-4c0-0.9-0.7-1.7-1.6-1.7C26,6,24.6,0,16,0 c-1.8,0-3.6,0.4-5.3,1.1C7.5-1,3.2-0.1,1.1,3.1s-1.2,7.5,2,9.6c0.4,0.2,0.7,0.4,1.1,0.6v1.5c0,0.9,0.8,1.7,1.8,1.7h0.8 c0.3,0,0.6-0.1,0.8-0.2c0.3,1.6,1,3.2,1.9,4.5l-0.5,2c0,0.1,0,0.3,0.1,0.4l0.2,0.3c-2.7,0.6-5.4,1.6-7.8,3C0.6,27,0,28.1,0,29.2v2.3 C0,31.7,0.2,32,0.5,32c0,0,0,0,0.1,0h30.9c0.3,0,0.5-0.2,0.5-0.5c0,0,0,0,0-0.1v-2.3C32,28.1,31.4,27.1,30.4,26.6z M16,25.3l1.3,2.9 h-2.6L16,25.3z M14.3,29.3h3.4l0.3,1.6h-4L14.3,29.3z M21.6,21.9l0.2,1l-0.5,0.7c0,0-0.1,0.1-0.1,0.1l-2.2,3.1l-0.7,1l-1.4-3.2 c1.8-0.2,3.4-1.1,4.6-2.4C21.5,22,21.5,21.9,21.6,21.9L21.6,21.9z M23.7,18.6c0.3-0.7,0.5-1.5,0.7-2.3c0.2,0.1,0.4,0.2,0.7,0.2 C24.9,17.4,24.4,18.1,23.7,18.6L23.7,18.6z M26.6,10.8v4c0,0.4-0.3,0.6-0.6,0.6h-0.8c-0.4,0-0.6-0.3-0.6-0.6v-4 c0-0.4,0.3-0.6,0.6-0.6H26C26.3,10.1,26.6,10.4,26.6,10.8L26.6,10.8z M16,1.1c3.3,0,8.8,1.1,9.1,8.1c-0.2,0-0.4,0.1-0.6,0.2 c-0.7-4.1-4.2-7.2-8.4-7.2c-1.2,0-2.4,0.3-3.4,0.7c-0.3-0.4-0.6-0.7-0.9-1C13,1.3,14.5,1.1,16,1.1z M1.1,6.9c0-3.2,2.6-5.9,5.9-5.9 c2,0,3.8,1,4.9,2.6c0,0,0,0.1,0.1,0.1c0.6,0.9,0.9,1.8,0.9,2.9c0,0,0,0,0,0c0,0.1,0,0.1,0,0.2c0,0.1,0,0.2,0,0.3c0,0,0,0,0,0 c0,0.1,0,0.2,0,0.3v0c-0.2,2.6-2.3,4.8-4.9,5.2c0,0-0.1,0-0.1,0c-3.2,0.5-6.2-1.8-6.6-5C1.1,7.5,1.1,7.2,1.1,6.9L1.1,6.9z M7.4,14.8 c0,0.4-0.3,0.6-0.6,0.6H6c-0.4,0-0.6-0.3-0.6-0.6v-1.1c0.2,0,0.3,0.1,0.5,0.1c0.5,0.1,1,0.1,1.6,0.1L7.4,14.8L7.4,14.8z M8.5,13.7 c2.9-0.7,5-3.2,5.3-6.1v0c0-0.1,0-0.2,0-0.3c0,0,0,0,0,0c0-0.1,0-0.2,0-0.3c0-0.1,0-0.1,0-0.2c0,0,0,0,0-0.1c0,0,0-0.1,0-0.1V6.5 l0-0.1c0,0,0,0,0,0c-0.1-0.7-0.2-1.3-0.5-2l0,0c0,0,0-0.1-0.1-0.1c0,0,0-0.1,0-0.1c0,0,0,0,0,0c0-0.1-0.1-0.2-0.1-0.3 C14,3.4,15,3.2,16,3.2c4.1,0,7.5,3.4,7.5,7.5v3.7c0,1.7-0.4,3.3-1.2,4.7c-1.9,0.5-3.8,0.7-5.7,0.6c-0.3,0-0.5,0.2-0.5,0.5 c0,0,0,0,0,0.1c0,0.3,0.2,0.5,0.5,0.5c0,0,0,0,0.1,0c1.6,0,3.2-0.1,4.8-0.4c0,0-0.1,0.1-0.1,0.1c-0.3,0.3-0.5,0.7-0.8,1 c-1.1,1.1-2.6,1.8-4.2,2c-0.1,0-0.2,0-0.2,0c-0.1,0-0.2,0-0.2,0c-0.9-0.1-1.8-0.3-2.6-0.8c-0.9-0.6-1.7-1.3-2.4-2.1 c-0.1,0-0.1-0.1-0.2-0.2l0,0c-1.3-1.7-2-3.8-2-6L8.5,13.7L8.5,13.7L8.5,13.7z M15.2,24.5l-1.4,3.2l-0.7-1l-2.2-3.1c0,0,0,0-0.1,0 l-0.6-0.8l0.2-1c0.1,0.1,0.1,0.1,0.2,0.2C11.8,23.4,13.4,24.2,15.2,24.5L15.2,24.5z M1.1,29.2c0-0.7,0.4-1.3,1-1.6 c2.5-1.5,5.2-2.5,8-3l3.2,4.4l-0.4,2H1.1V29.2L1.1,29.2z M30.9,30.9H19.1l-0.4-2l3.2-4.4c2.8,0.5,5.5,1.6,8,3c0.6,0.3,1,1,1,1.7 L30.9,30.9L30.9,30.9L30.9,30.9z M7.5,8h2.1v1.1c0,0.3,0.3,0.5,0.6,0.5c0.3,0,0.5-0.2,0.5-0.5V8h0.5c0.3,0,0.5-0.2,0.5-0.5 c0,0,0,0,0-0.1c0-0.3-0.2-0.5-0.5-0.5c0,0,0,0-0.1,0h-0.5V4.3c0-0.2-0.2-0.4-0.4-0.5c-0.2-0.1-0.4,0-0.6,0.2L7,7.1 C6.9,7.3,6.9,7.5,7,7.7C7.1,7.9,7.3,8,7.5,8z M9.6,5.8v1.2h-1L9.6,5.8z M6.4,8.6H4.2L6.1,7c0.5-0.6,0.7-1.4,0.4-2.1 C6.2,4.2,5.6,3.7,4.8,3.7c-1.2,0-2.1,1-2.1,2.1c0,0.3,0.2,0.5,0.5,0.5c0.3,0,0.5-0.2,0.5-0.5c0-0.6,0.5-1.1,1.1-1.1 c0.3,0,0.6,0.2,0.7,0.5C5.6,5.6,5.6,6,5.3,6.2L2.9,8.3C2.7,8.5,2.6,8.8,2.7,9.1c0.1,0.3,0.4,0.5,0.7,0.5h2.9c0.3,0,0.5-0.1,0.5-0.4 c0,0,0-0.1,0-0.1C7,8.8,6.7,8.6,6.4,8.6C6.4,8.6,6.4,8.6,6.4,8.6L6.4,8.6z\"><\/path> <\/svg><\/span>\t\t\t\t\t\t\t\t\t\t\t\t\t<\/div>\n\t\t\t\t\t<\/div>\n\t\t\t\t\n\t\t\t\t<div class=\"info-box-content\">\n\t\t\t\t\t\n\t\t\t\t\t\t\t\t\t\t\t<h4\t\t\t\t\t\tclass=\"info-box-title title box-title-style-default wd-fontsize-m\" data-elementor-setting-key=\"title\">\n\t\t\t\t\t\t\t\tAssistance 24\/7 incluse\t\t\t\t\t\t<\/h4>\n\t\t\t\t\t\n\t\t\t\t\t<div class=\"info-box-inner set-cont-mb-s reset-last-child\"data-elementor-setting-key=\"content\"><p>Nous sommes toujours disponibles pour vous<\/p>\n<\/div>\n\t\n\t\t\t\t\t\t\t\t\t<\/div>\n\t\t\t<\/div>\n\t\t<\/div>\n\t\t\t\t\t\t<\/div>\n\t\t\t\t<\/div>\n\t\t\t\t<div class=\"elementor-element elementor-element-4137b8c9 elementor-widget elementor-widget-wd_infobox\" data-id=\"4137b8c9\" data-element_type=\"widget\" data-e-type=\"widget\" data-widget_type=\"wd_infobox.default\">\n\t\t\t\t<div class=\"elementor-widget-container\">\n\t\t\t\t\t\t\t<div class=\"info-box-wrapper\">\n\t\t\t<div class=\"wd-info-box text-left box-icon-align-left box-style-base color-scheme- wd-items-top cursor-pointer\" onclick=\"window.location.href='#'\" style=\"\">\n\t\t\t\t\t\t\t\t\t<div class=\"box-icon-wrapper  box-with-icon box-icon-simple\">\n\t\t\t\t\t\t<div class=\"info-box-icon\">\n\t\t\t\t\t\t\t\t\t\t\t\t\t\t\t<span class=\"info-svg-wrapper info-icon\" style=\"width:64px; height:64px;\"><svg id=\"svg-2941\" xmlns=\"http:\/\/www.w3.org\/2000\/svg\" width=\"64\" height=\"64\" viewBox=\"0 0 64 64\" fill=\"none\"><rect width=\"64\" height=\"64\" fill=\"white\"><\/rect><rect x=\"3\" y=\"30\" width=\"50\" height=\"30\" rx=\"2\" transform=\"rotate(-30 3 30)\" fill=\"#4488DA\"><\/rect><rect x=\"3.15527\" y=\"28.9131\" width=\"48\" height=\"30\" rx=\"2\" transform=\"rotate(-15 3.15527 28.9131)\" fill=\"#D5E1EE\"><\/rect><rect x=\"4.70898\" y=\"34.708\" width=\"48\" height=\"7\" transform=\"rotate(-15 4.70898 34.708)\" fill=\"#0F2E53\"><\/rect><\/svg><\/span>\t\t\t\t\t\t\t\t\t\t\t\t\t<\/div>\n\t\t\t\t\t<\/div>\n\t\t\t\t\n\t\t\t\t<div class=\"info-box-content\">\n\t\t\t\t\t\n\t\t\t\t\t\t\t\t\t\t\t<h4\t\t\t\t\t\tclass=\"info-box-title title box-title-style-default wd-fontsize-m\" data-elementor-setting-key=\"title\">\n\t\t\t\t\t\t\t\tModes de paiement\t\t\t\t\t\t<\/h4>\n\t\t\t\t\t\n\t\t\t\t\t<div class=\"info-box-inner set-cont-mb-s reset-last-child\"data-elementor-setting-key=\"content\"><p>Vous pouvez payer par carte de cr\u00e9dit\/d\u00e9bit, par virement bancaire ou par d'autres moyens.<\/p>\n<\/div>\n\t\n\t\t\t\t\t\t\t\t\t<\/div>\n\t\t\t<\/div>\n\t\t<\/div>\n\t\t\t\t\t\t<\/div>\n\t\t\t\t<\/div>\n\t\t\t\t\t<\/div>\n\t\t<\/div>\n\t\t\t\t<div class=\"elementor-column elementor-col-33 elementor-inner-column elementor-element elementor-element-4c40bec\" data-id=\"4c40bec\" data-element_type=\"column\" data-e-type=\"column\">\n\t\t\t<div class=\"elementor-widget-wrap\">\n\t\t\t\t\t\t\t<\/div>\n\t\t<\/div>\n\t\t\t\t<div class=\"elementor-column elementor-col-33 elementor-inner-column elementor-element elementor-element-35e163cc\" data-id=\"35e163cc\" data-element_type=\"column\" data-e-type=\"column\" data-settings=\"{&quot;background_background&quot;:&quot;classic&quot;}\">\n\t\t\t<div class=\"elementor-widget-wrap elementor-element-populated\">\n\t\t\t\t\t\t<div class=\"elementor-element elementor-element-34eaada3 elementor-widget elementor-widget-wd_title\" data-id=\"34eaada3\" data-element_type=\"widget\" data-e-type=\"widget\" data-widget_type=\"wd_title.default\">\n\t\t\t\t<div class=\"elementor-widget-container\">\n\t\t\t\t\t\t\t<div class=\"title-wrapper set-mb-s reset-last-child wd-title-color-default wd-title-style-default wd-title-size-medium text-left\">\n\n\t\t\t\n\t\t\t<div class=\"liner-continer\">\n\t\t\t\t<h4 class=\"woodmart-title-container title wd-fontsize-xl\">Obtenez des r\u00e9ponses \u00e0 toutes les questions que vous vous posez<\/h4> \n\t\t\t\t\t\t\t<\/div>\n\n\t\t\t\t\t\t\t<div class=\"title-after_title set-cont-mb-s reset-last-child wd-fontsize-s\">\n\t\t\t\t\t<p>Nous r\u00e9pondrons ici \u00e0 toutes les questions que vous vous posez sur nos ventes en ligne. Du lundi au dimanche de 08:00 \u00e0 21:00 UTC +2<\/p>\t\t\t\t<\/div>\n\t\t\t\t\t<\/div>\n\t\t\t\t\t\t<\/div>\n\t\t\t\t<\/div>\n\t\t\t\t<div class=\"elementor-element elementor-element-69cb7875 elementor-widget elementor-widget-wd_button\" data-id=\"69cb7875\" data-element_type=\"widget\" data-e-type=\"widget\" data-widget_type=\"wd_button.default\">\n\t\t\t\t<div class=\"elementor-widget-container\">\n\t\t\t\t\t\t\t<div class=\"wd-button-wrapper text-left\" >\n\t\t\t<a class=\"btn btn-style-default btn-style-rectangle btn-size-default btn-color-primary btn-icon-pos-right\"  href=\"https:\/\/www.123.clinic\/en\/contact-us\" target=\"_blank\">\n\t\t\t\t<span class=\"wd-btn-text\" data-elementor-setting-key=\"text\">\n\t\t\t\t\tCONTACTER NOTRE LABORATOIRE\t\t\t\t<\/span>\n\n\t\t\t\t\t\t\t<\/a>\n\t\t<\/div>\n\t\t\t\t\t\t<\/div>\n\t\t\t\t<\/div>\n\t\t\t\t<div class=\"elementor-element elementor-element-e56d7a5 e-grid-align-left elementor-shape-rounded elementor-grid-0 elementor-widget elementor-widget-social-icons\" data-id=\"e56d7a5\" data-element_type=\"widget\" data-e-type=\"widget\" data-widget_type=\"social-icons.default\">\n\t\t\t\t<div class=\"elementor-widget-container\">\n\t\t\t\t\t\t\t<div class=\"elementor-social-icons-wrapper elementor-grid\">\n\t\t\t\t\t\t\t<span class=\"elementor-grid-item\">\n\t\t\t\t\t<a class=\"elementor-icon elementor-social-icon elementor-social-icon-whatsapp elementor-repeater-item-12aa810\" href=\"https:\/\/api.whatsapp.com\/send\/?phone=352691174407&#038;text&#038;type=phone_number&#038;app_absent=0\" target=\"_blank\">\n\t\t\t\t\t\t<span class=\"elementor-screen-only\">Whatsapp<\/span>\n\t\t\t\t\t\t<i aria-hidden=\"true\" class=\"fab fa-whatsapp\"><\/i>\t\t\t\t\t<\/a>\n\t\t\t\t<\/span>\n\t\t\t\t\t<\/div>\n\t\t\t\t\t\t<\/div>\n\t\t\t\t<\/div>\n\t\t\t\t\t<\/div>\n\t\t<\/div>\n\t\t\t\t\t<\/div>\n\t\t<\/section>\n\t\t\t\t\t<\/div>\n\t\t<\/div>\n\t\t\t\t\t<\/div>\n\t\t<\/section>\n\t\t\t\t<\/div>\n\t\t","protected":false},"excerpt":{"rendered":"<p>Cliquez ici pour suivre Ma commande Livraison gratuite incluse Les commandes incluent les frais d&rsquo;exp\u00e9dition dans le monde entier avec<\/p>\n","protected":false},"author":1,"featured_media":0,"parent":0,"menu_order":0,"comment_status":"closed","ping_status":"closed","template":"","meta":{"footnotes":""},"class_list":["post-19474","page","type-page","status-publish","hentry"],"jetpack_sharing_enabled":true,"_links":{"self":[{"href":"https:\/\/online.123.clinic\/fr\/wp-json\/wp\/v2\/pages\/19474","targetHints":{"allow":["GET"]}}],"collection":[{"href":"https:\/\/online.123.clinic\/fr\/wp-json\/wp\/v2\/pages"}],"about":[{"href":"https:\/\/online.123.clinic\/fr\/wp-json\/wp\/v2\/types\/page"}],"author":[{"embeddable":true,"href":"https:\/\/online.123.clinic\/fr\/wp-json\/wp\/v2\/users\/1"}],"replies":[{"embeddable":true,"href":"https:\/\/online.123.clinic\/fr\/wp-json\/wp\/v2\/comments?post=19474"}],"version-history":[{"count":0,"href":"https:\/\/online.123.clinic\/fr\/wp-json\/wp\/v2\/pages\/19474\/revisions"}],"wp:attachment":[{"href":"https:\/\/online.123.clinic\/fr\/wp-json\/wp\/v2\/media?parent=19474"}],"curies":[{"name":"wp","href":"https:\/\/api.w.org\/{rel}","templated":true}]}}