{"id":19433,"date":"2021-10-12T15:51:09","date_gmt":"2021-10-12T15:51:09","guid":{"rendered":"https:\/\/www.online.123.clinic\/a-propos-de-nous\/"},"modified":"2025-12-09T14:45:30","modified_gmt":"2025-12-09T14:45:30","slug":"a-propos-de-nous","status":"publish","type":"page","link":"https:\/\/online.123.clinic\/fr\/a-propos-de-nous\/","title":{"rendered":"A propos de nous"},"content":{"rendered":"\t\t<div data-elementor-type=\"wp-page\" data-elementor-id=\"19433\" class=\"elementor elementor-19433 elementor-4400\">\n\t\t\t\t\t\t<section class=\"elementor-section elementor-top-section elementor-element elementor-element-3c548bca elementor-reverse-tablet elementor-reverse-mobile elementor-section-boxed elementor-section-height-default elementor-section-height-default wd-section-disabled\" data-id=\"3c548bca\" data-element_type=\"section\" data-e-type=\"section\">\n\t\t\t\t\t\t<div class=\"elementor-container elementor-column-gap-default\">\n\t\t\t\t\t<div class=\"elementor-column elementor-col-50 elementor-top-column elementor-element elementor-element-1d354ed7\" data-id=\"1d354ed7\" data-element_type=\"column\" data-e-type=\"column\">\n\t\t\t<div class=\"elementor-widget-wrap elementor-element-populated\">\n\t\t\t\t\t\t<div class=\"elementor-element elementor-element-3b8f1c6 elementor-widget elementor-widget-wd_image_or_svg\" data-id=\"3b8f1c6\" data-element_type=\"widget\" data-e-type=\"widget\" data-widget_type=\"wd_image_or_svg.default\">\n\t\t\t\t<div class=\"elementor-widget-container\">\n\t\t\t\t\t\n\t\t<div class=\"wd-image text-left\">\n\t\t\t\t\t\t\t\t<img fetchpriority=\"high\" decoding=\"async\" width=\"1920\" height=\"1033\" src=\"https:\/\/i0.wp.com\/online.123.clinic\/wp-content\/uploads\/2023\/10\/skin-whitening-123-clinic.png?fit=1920%2C1033&amp;ssl=1\" class=\"attachment-full size-full\" alt=\"\" srcset=\"https:\/\/i0.wp.com\/online.123.clinic\/wp-content\/uploads\/2023\/10\/skin-whitening-123-clinic.png?w=1920&amp;ssl=1 1920w, https:\/\/i0.wp.com\/online.123.clinic\/wp-content\/uploads\/2023\/10\/skin-whitening-123-clinic.png?resize=150%2C81&amp;ssl=1 150w, https:\/\/i0.wp.com\/online.123.clinic\/wp-content\/uploads\/2023\/10\/skin-whitening-123-clinic.png?resize=700%2C377&amp;ssl=1 700w, https:\/\/i0.wp.com\/online.123.clinic\/wp-content\/uploads\/2023\/10\/skin-whitening-123-clinic.png?resize=400%2C215&amp;ssl=1 400w, https:\/\/i0.wp.com\/online.123.clinic\/wp-content\/uploads\/2023\/10\/skin-whitening-123-clinic.png?resize=1300%2C699&amp;ssl=1 1300w, https:\/\/i0.wp.com\/online.123.clinic\/wp-content\/uploads\/2023\/10\/skin-whitening-123-clinic.png?resize=768%2C413&amp;ssl=1 768w, https:\/\/i0.wp.com\/online.123.clinic\/wp-content\/uploads\/2023\/10\/skin-whitening-123-clinic.png?resize=1536%2C826&amp;ssl=1 1536w, https:\/\/i0.wp.com\/online.123.clinic\/wp-content\/uploads\/2023\/10\/skin-whitening-123-clinic.png?resize=860%2C463&amp;ssl=1 860w\" sizes=\"(max-width: 1000px) 100vw, 1000px\" \/>\t\t\t\t\t<\/div>\n\n\t\t\t\t\t\t<\/div>\n\t\t\t\t<\/div>\n\t\t\t\t\t<\/div>\n\t\t<\/div>\n\t\t\t\t<div class=\"elementor-column elementor-col-50 elementor-top-column elementor-element elementor-element-7a9daa7\" data-id=\"7a9daa7\" data-element_type=\"column\" data-e-type=\"column\">\n\t\t\t<div class=\"elementor-widget-wrap elementor-element-populated\">\n\t\t\t\t\t\t<div class=\"elementor-element elementor-element-18566191 elementor-widget elementor-widget-wd_title\" data-id=\"18566191\" data-element_type=\"widget\" data-e-type=\"widget\" data-widget_type=\"wd_title.default\">\n\t\t\t\t<div class=\"elementor-widget-container\">\n\t\t\t\t\t\t\t<div class=\"title-wrapper set-mb-s reset-last-child wd-title-color-primary wd-title-style-default wd-title-size-large text-left\">\n\n\t\t\t\n\t\t\t<div class=\"liner-continer\">\n\t\t\t\t<h4 class=\"woodmart-title-container title wd-fontsize-xxl\">\u00c0 propos de notre laboratoire<\/h4> \n\t\t\t\t\t\t\t<\/div>\n\n\t\t\t\t\t<\/div>\n\t\t\t\t\t\t<\/div>\n\t\t\t\t<\/div>\n\t\t\t\t<div class=\"elementor-element elementor-element-cf34ae6 elementor-widget elementor-widget-wd_text_block\" data-id=\"cf34ae6\" data-element_type=\"widget\" data-e-type=\"widget\" data-widget_type=\"wd_text_block.default\">\n\t\t\t\t<div class=\"elementor-widget-container\">\n\t\t\t\t\t\t\t<div class=\"wd-text-block reset-last-child text-left\">\n\t\t\t\n\t\t\t<p data-start=\"1372\" data-end=\"1796\">Ce laboratoire en ligne est particuli\u00e8rement utile lorsque les cliniques locales ne proposent plus de traitements \u00e9claircissants, lorsque l\u2019acc\u00e8s est limit\u00e9 dans votre pays, ou lorsque vous pr\u00e9f\u00e9rez suivre votre plan \u00e0 distance, chez vous.<br data-start=\"1611\" data-end=\"1614\" \/>Beaucoup de nos utilisateurs ont commenc\u00e9 leur traitement \u00e0 l\u2019\u00e9tranger et ont simplement besoin d\u2019un suivi r\u00e9gulier, de doses suppl\u00e9mentaires ou d\u2019un plan complet livr\u00e9 discr\u00e8tement.<\/p><p><span style=\"font-size: 16px;\">Nous nous consacrons exclusivement aux solutions \u00e9claircissantes, et non aux m\u00e9dicaments ni aux services m\u00e9dicaux.<\/span><\/p><p data-start=\"1798\" data-end=\"2050\">Notre r\u00f4le est de fournir des produits de haute qualit\u00e9, des instructions claires et un accompagnement personnalis\u00e9 lorsque n\u00e9cessaire.<\/p>\n\t\t\t\t\t<\/div>\n\t\t\t\t\t\t<\/div>\n\t\t\t\t<\/div>\n\t\t\t\t\t<\/div>\n\t\t<\/div>\n\t\t\t\t\t<\/div>\n\t\t<\/section>\n\t\t\t\t<section class=\"elementor-section elementor-top-section elementor-element elementor-element-ae7f701 elementor-reverse-tablet elementor-reverse-mobile elementor-section-boxed elementor-section-height-default elementor-section-height-default wd-section-disabled\" data-id=\"ae7f701\" data-element_type=\"section\" data-e-type=\"section\">\n\t\t\t\t\t\t<div class=\"elementor-container elementor-column-gap-default\">\n\t\t\t\t\t<div class=\"elementor-column elementor-col-100 elementor-top-column elementor-element elementor-element-63ffdb8\" data-id=\"63ffdb8\" data-element_type=\"column\" data-e-type=\"column\">\n\t\t\t<div class=\"elementor-widget-wrap elementor-element-populated\">\n\t\t\t\t\t\t<div class=\"elementor-element elementor-element-25aea95 elementor-widget elementor-widget-wd_text_block\" data-id=\"25aea95\" data-element_type=\"widget\" data-e-type=\"widget\" data-widget_type=\"wd_text_block.default\">\n\t\t\t\t<div class=\"elementor-widget-container\">\n\t\t\t\t\t\t\t<div class=\"wd-text-block reset-last-child text-left\">\n\t\t\t\n\t\t\t<p data-start=\"2052\" data-end=\"2316\">Si vous le souhaitez, vous pouvez nous envoyer une photo avant de commander. Nous \u00e9tudions chaque cas individuellement et r\u00e9pondons personnellement pour vous aider \u00e0 choisir le plan le plus adapt\u00e9 et comprendre comment fonctionne la suppl\u00e9mentation \u00e9claircissante.<\/p><p data-start=\"2318\" data-end=\"2335\"><b>Nous croyons en :<\/b><\/p><p><b>\n<\/b><\/p><ul data-start=\"2337\" data-end=\"2705\"><b>\n<\/b><li data-start=\"2337\" data-end=\"2426\"><b>\n<\/b><p data-start=\"2339\" data-end=\"2426\"><b>Des formulations naturelles et s\u00fbres plut\u00f4t que des alternatives chimiques agressives<\/b><\/p><b>\n<\/b><\/li><b>\n<\/b><li data-start=\"2427\" data-end=\"2510\"><b>\n<\/b><p data-start=\"2429\" data-end=\"2510\"><b>Des produits offrant des b\u00e9n\u00e9fices suppl\u00e9mentaires pour la peau et le bien-\u00eatre<\/b><\/p><b>\n<\/b><\/li><b>\n<\/b><li data-start=\"2511\" data-end=\"2598\"><b>\n<\/b><p data-start=\"2513\" data-end=\"2598\"><b>Une r\u00e9duction interne du taux de m\u00e9lanine plut\u00f4t qu\u2019un simple traitement de surface<\/b><\/p><b>\n<\/b><\/li><b>\n<\/b><li data-start=\"2599\" data-end=\"2705\"><b>\n<\/b><p data-start=\"2601\" data-end=\"2705\"><b>Rendre accessibles des solutions \u00e9claircissantes de niveau professionnel \u00e0 tous ceux qui en ont besoin<\/b><\/p><\/li><\/ul>\n\t\t\t\t\t<\/div>\n\t\t\t\t\t\t<\/div>\n\t\t\t\t<\/div>\n\t\t\t\t\t<\/div>\n\t\t<\/div>\n\t\t\t\t\t<\/div>\n\t\t<\/section>\n\t\t\t\t<\/div>\n\t\t","protected":false},"excerpt":{"rendered":"<p>\u00c0 propos de notre laboratoire Ce laboratoire en ligne est particuli\u00e8rement utile lorsque les cliniques locales ne proposent plus de<\/p>\n","protected":false},"author":1,"featured_media":0,"parent":0,"menu_order":0,"comment_status":"closed","ping_status":"closed","template":"","meta":{"footnotes":""},"class_list":["post-19433","page","type-page","status-publish","hentry"],"jetpack_sharing_enabled":true,"_links":{"self":[{"href":"https:\/\/online.123.clinic\/fr\/wp-json\/wp\/v2\/pages\/19433","targetHints":{"allow":["GET"]}}],"collection":[{"href":"https:\/\/online.123.clinic\/fr\/wp-json\/wp\/v2\/pages"}],"about":[{"href":"https:\/\/online.123.clinic\/fr\/wp-json\/wp\/v2\/types\/page"}],"author":[{"embeddable":true,"href":"https:\/\/online.123.clinic\/fr\/wp-json\/wp\/v2\/users\/1"}],"replies":[{"embeddable":true,"href":"https:\/\/online.123.clinic\/fr\/wp-json\/wp\/v2\/comments?post=19433"}],"version-history":[{"count":7,"href":"https:\/\/online.123.clinic\/fr\/wp-json\/wp\/v2\/pages\/19433\/revisions"}],"predecessor-version":[{"id":23790,"href":"https:\/\/online.123.clinic\/fr\/wp-json\/wp\/v2\/pages\/19433\/revisions\/23790"}],"wp:attachment":[{"href":"https:\/\/online.123.clinic\/fr\/wp-json\/wp\/v2\/media?parent=19433"}],"curies":[{"name":"wp","href":"https:\/\/api.w.org\/{rel}","templated":true}]}}