{"id":19301,"date":"2023-10-09T10:23:10","date_gmt":"2023-10-09T10:23:10","guid":{"rendered":"https:\/\/www.online.123.clinic\/politique-de-confidentialite\/"},"modified":"2024-11-14T19:42:13","modified_gmt":"2024-11-14T19:42:13","slug":"photos-avant-apres","status":"publish","type":"page","link":"https:\/\/online.123.clinic\/fr\/photos-avant-apres\/","title":{"rendered":"Photos avant apr\u00e8s blanchiment de peau"},"content":{"rendered":"\t\t<div data-elementor-type=\"wp-page\" data-elementor-id=\"19301\" class=\"elementor elementor-19301 elementor-3\">\n\t\t\t\t<div class=\"elementor-element elementor-element-7dbc3e3c e-flex e-con-boxed wd-section-disabled e-con e-parent\" data-id=\"7dbc3e3c\" data-element_type=\"container\" data-e-type=\"container\">\n\t\t\t\t\t<div class=\"e-con-inner\">\n\t\t\t\t<div class=\"elementor-element elementor-element-535e2507 color-scheme-inherit text-left elementor-widget elementor-widget-text-editor\" data-id=\"535e2507\" data-element_type=\"widget\" data-e-type=\"widget\" data-widget_type=\"text-editor.default\">\n\t\t\t\t<div class=\"elementor-widget-container\">\n\t\t\t\t\t\t\t\t\t<h1>Photos avant apr\u00e8s de blanchiment de peau<\/h1><p>Le but n&rsquo;est pas de mettre en ligne des photos d&rsquo;utilisateurs ayant utilis\u00e9 nos produits. Ce n&rsquo;est pas seulement une question de confidentialit\u00e9, mais surtout parce que le m\u00e9tabolisme de chacun \u00e9tant diff\u00e9rent, cela ne signifierait rien du tout. C&rsquo;est pourquoi en g\u00e9n\u00e9ral, sur Internet, on ne voit pas beaucoup de photos avant apr\u00e8s, sauf celles de c\u00e9l\u00e9brit\u00e9s (qui \u00ab\u00a0n&rsquo;ont pas le choix\u00a0\u00bb). Il est impossible de publier en ligne une photo de chaque utilisateur avec les indicateurs de m\u00e9tabolisme et les objectifs de chaque individu. C&rsquo;est pourquoi nous avons d\u00e9cid\u00e9 de commenter les photos avant apr\u00e8s des c\u00e9l\u00e9brit\u00e9s et d&rsquo;analyser le type de traitement qu&rsquo;elles utilisent.<\/p><h2>Photos avant et apr\u00e8s avoir utilis\u00e9 des programmes de blanchiment intense de la peau<\/h2><p>Par plans de blanchiment intense de la peau, nous entendons n\u00e9cessairement des injections et des utilisateurs ayant perdu plusieurs phototypes de peau ou avec plus de +50% de r\u00e9sultats de peau plus \u00e9clatants.<\/p><p><img fetchpriority=\"high\" decoding=\"async\" data-recalc-dims=\"1\" class=\"alignnone size-medium wp-image-22958\" src=\"https:\/\/i0.wp.com\/online.123.clinic\/wp-content\/uploads\/2024\/11\/online-123-clinic.png?resize=306%2C300&#038;ssl=1\" alt=\"skin whitening before after photo\" width=\"306\" height=\"300\" srcset=\"https:\/\/i0.wp.com\/online.123.clinic\/wp-content\/uploads\/2024\/11\/online-123-clinic.png?w=473&amp;ssl=1 473w, https:\/\/i0.wp.com\/online.123.clinic\/wp-content\/uploads\/2024\/11\/online-123-clinic.png?resize=306%2C300&amp;ssl=1 306w, https:\/\/i0.wp.com\/online.123.clinic\/wp-content\/uploads\/2024\/11\/online-123-clinic.png?resize=150%2C147&amp;ssl=1 150w\" sizes=\"(max-width: 306px) 100vw, 306px\" \/>\u00a0<img decoding=\"async\" data-recalc-dims=\"1\" class=\"alignnone size-medium wp-image-22966\" src=\"https:\/\/i0.wp.com\/online.123.clinic\/wp-content\/uploads\/2024\/11\/skin-whitening-before-after-photo.png?resize=400%2C195&#038;ssl=1\" alt=\"skin whitening before after photo\" width=\"400\" height=\"195\" srcset=\"https:\/\/i0.wp.com\/online.123.clinic\/wp-content\/uploads\/2024\/11\/skin-whitening-before-after-photo.png?w=564&amp;ssl=1 564w, https:\/\/i0.wp.com\/online.123.clinic\/wp-content\/uploads\/2024\/11\/skin-whitening-before-after-photo.png?resize=400%2C195&amp;ssl=1 400w, https:\/\/i0.wp.com\/online.123.clinic\/wp-content\/uploads\/2024\/11\/skin-whitening-before-after-photo.png?resize=150%2C73&amp;ssl=1 150w\" sizes=\"(max-width: 400px) 100vw, 400px\" \/><\/p><p>\u00a0<img decoding=\"async\" data-recalc-dims=\"1\" class=\"alignnone size-medium wp-image-22982\" src=\"https:\/\/i0.wp.com\/online.123.clinic\/wp-content\/uploads\/2024\/11\/skin-whitening-before-after-photo-2.png?resize=400%2C247&#038;ssl=1\" alt=\"skin whitening before after photo\" width=\"400\" height=\"247\" srcset=\"https:\/\/i0.wp.com\/online.123.clinic\/wp-content\/uploads\/2024\/11\/skin-whitening-before-after-photo-2.png?w=588&amp;ssl=1 588w, https:\/\/i0.wp.com\/online.123.clinic\/wp-content\/uploads\/2024\/11\/skin-whitening-before-after-photo-2.png?resize=400%2C247&amp;ssl=1 400w, https:\/\/i0.wp.com\/online.123.clinic\/wp-content\/uploads\/2024\/11\/skin-whitening-before-after-photo-2.png?resize=150%2C93&amp;ssl=1 150w\" sizes=\"(max-width: 400px) 100vw, 400px\" \/><\/p><p>Ces c\u00e9l\u00e9brit\u00e9s sont bien connues et elles ont toutes commenc\u00e9 avec le niveau le plus \u00e9lev\u00e9 de couleurs de peau, donc avec un phototype V ou VI. La premi\u00e8re a perdu environ 4 phototypes tandis que la deuxi\u00e8me 5 et la troisi\u00e8me 4.<\/p><p>Ils ont sans doute utilis\u00e9 un premier plan de traitement et un plan d&rsquo;entretien. Il peut \u00eatre similaire au <a href=\"https:\/\/online.123.clinic\/fr\/product\/fr-injections-plan-2xl\/\" target=\"_blank\" rel=\"noopener\"><strong>plan d&rsquo;injection de blanchiment de la peau 2XL<\/strong><\/a>.<\/p><h2>Photos avant apr\u00e8s pour des phototypes inf\u00e9rieurs au type V<\/h2><p><img loading=\"lazy\" decoding=\"async\" data-recalc-dims=\"1\" class=\"alignnone size-medium wp-image-22995\" src=\"https:\/\/i0.wp.com\/online.123.clinic\/wp-content\/uploads\/2024\/11\/Before-after-photos-having-used-average-skin-whitening-plans.png?resize=339%2C300&#038;ssl=1\" alt=\"Before after photos having used average skin whitening plans\" width=\"339\" height=\"300\" srcset=\"https:\/\/i0.wp.com\/online.123.clinic\/wp-content\/uploads\/2024\/11\/Before-after-photos-having-used-average-skin-whitening-plans.png?w=566&amp;ssl=1 566w, https:\/\/i0.wp.com\/online.123.clinic\/wp-content\/uploads\/2024\/11\/Before-after-photos-having-used-average-skin-whitening-plans.png?resize=339%2C300&amp;ssl=1 339w, https:\/\/i0.wp.com\/online.123.clinic\/wp-content\/uploads\/2024\/11\/Before-after-photos-having-used-average-skin-whitening-plans.png?resize=150%2C133&amp;ssl=1 150w\" sizes=\"(max-width: 339px) 100vw, 339px\" \/><\/p><p>Il a peut-\u00eatre utilis\u00e9 des injections pour perdre environ 2 niveaux de couleur de peau, mais aurait pu utiliser des <a href=\"https:\/\/online.123.clinic\/fr\/product\/fr-plan-xl-360\/\" target=\"_blank\" rel=\"noopener\"><strong>comprim\u00e9s de blanchiment de la peau quotidiens<\/strong><\/a>.<\/p><p><img loading=\"lazy\" decoding=\"async\" data-recalc-dims=\"1\" class=\"alignnone size-medium wp-image-23003\" src=\"https:\/\/i0.wp.com\/online.123.clinic\/wp-content\/uploads\/2024\/11\/Capture-decran-2024-11-08-120437.png?resize=344%2C300&#038;ssl=1\" alt=\"\" width=\"344\" height=\"300\" srcset=\"https:\/\/i0.wp.com\/online.123.clinic\/wp-content\/uploads\/2024\/11\/Capture-decran-2024-11-08-120437.png?w=391&amp;ssl=1 391w, https:\/\/i0.wp.com\/online.123.clinic\/wp-content\/uploads\/2024\/11\/Capture-decran-2024-11-08-120437.png?resize=344%2C300&amp;ssl=1 344w, https:\/\/i0.wp.com\/online.123.clinic\/wp-content\/uploads\/2024\/11\/Capture-decran-2024-11-08-120437.png?resize=150%2C131&amp;ssl=1 150w\" sizes=\"(max-width: 344px) 100vw, 344px\" \/><\/p><p>D&rsquo;un phototype de peau V- elle est pass\u00e9e \u00e0 un II+. Elle aurait pu utiliser un plan similaire \u00e0 <a href=\"https:\/\/online.123.clinic\/fr\/product\/fr-injections-plan-xl\/\" target=\"_blank\" rel=\"noopener\"><strong>un plan d&rsquo;injection XL<\/strong><\/a>.<\/p><p><img loading=\"lazy\" decoding=\"async\" data-recalc-dims=\"1\" class=\"alignnone size-medium wp-image-23011\" src=\"https:\/\/i0.wp.com\/online.123.clinic\/wp-content\/uploads\/2024\/11\/Capture-decran-2024-11-08-120956.png?resize=400%2C200&#038;ssl=1\" alt=\"Before after photos having used average skin whitening plans\" width=\"400\" height=\"200\" srcset=\"https:\/\/i0.wp.com\/online.123.clinic\/wp-content\/uploads\/2024\/11\/Capture-decran-2024-11-08-120956.png?w=739&amp;ssl=1 739w, https:\/\/i0.wp.com\/online.123.clinic\/wp-content\/uploads\/2024\/11\/Capture-decran-2024-11-08-120956.png?resize=400%2C200&amp;ssl=1 400w, https:\/\/i0.wp.com\/online.123.clinic\/wp-content\/uploads\/2024\/11\/Capture-decran-2024-11-08-120956.png?resize=700%2C350&amp;ssl=1 700w, https:\/\/i0.wp.com\/online.123.clinic\/wp-content\/uploads\/2024\/11\/Capture-decran-2024-11-08-120956.png?resize=150%2C75&amp;ssl=1 150w\" sizes=\"(max-width: 400px) 100vw, 400px\" \/><\/p><p>D&rsquo;un phototype de peau V- elle est pass\u00e9e \u00e0 un phototype de peau inf\u00e9rieur \u00e0 II. Seul un <a href=\"https:\/\/online.123.clinic\/fr\/product\/fr-injections-plan-2xl\/\" target=\"_blank\" rel=\"noopener\"><strong>plan d&rsquo;injections de blanchiment de la peau 2XL<\/strong><\/a> peut permettre cela.<\/p><p>\u00a0<img loading=\"lazy\" decoding=\"async\" data-recalc-dims=\"1\" class=\"alignnone size-medium wp-image-23027\" src=\"https:\/\/i0.wp.com\/online.123.clinic\/wp-content\/uploads\/2024\/11\/Before-after-photos-having-used-intense-skin-whitening-plans.png?resize=400%2C260&#038;ssl=1\" alt=\"Before after photos having used intense skin whitening plans\" width=\"400\" height=\"260\" srcset=\"https:\/\/i0.wp.com\/online.123.clinic\/wp-content\/uploads\/2024\/11\/Before-after-photos-having-used-intense-skin-whitening-plans.png?w=612&amp;ssl=1 612w, https:\/\/i0.wp.com\/online.123.clinic\/wp-content\/uploads\/2024\/11\/Before-after-photos-having-used-intense-skin-whitening-plans.png?resize=400%2C260&amp;ssl=1 400w, https:\/\/i0.wp.com\/online.123.clinic\/wp-content\/uploads\/2024\/11\/Before-after-photos-having-used-intense-skin-whitening-plans.png?resize=150%2C98&amp;ssl=1 150w\" sizes=\"(max-width: 400px) 100vw, 400px\" \/><\/p><p>Elle a perdu moins de 2 niveaux de phototypes provenant d&rsquo;un phototype moyen. Des comprim\u00e9s de blanchiment de la peau comme <a href=\"https:\/\/online.123.clinic\/fr\/product\/fr-plan-2xl-600\/\" target=\"_blank\" rel=\"noopener\"><strong>un plan 2XL<\/strong><\/a> peuvent suffire dans son cas.<\/p>\t\t\t\t\t\t\t\t<\/div>\n\t\t\t\t<\/div>\n\t\t\t\t\t<\/div>\n\t\t\t\t<\/div>\n\t\t\t\t<\/div>\n\t\t","protected":false},"excerpt":{"rendered":"<p>Photos avant apr\u00e8s de blanchiment de peau Le but n&rsquo;est pas de mettre en ligne des photos d&rsquo;utilisateurs ayant utilis\u00e9<\/p>\n","protected":false},"author":1,"featured_media":0,"parent":0,"menu_order":0,"comment_status":"closed","ping_status":"closed","template":"","meta":{"footnotes":""},"class_list":["post-19301","page","type-page","status-publish","hentry"],"jetpack_sharing_enabled":true,"_links":{"self":[{"href":"https:\/\/online.123.clinic\/fr\/wp-json\/wp\/v2\/pages\/19301","targetHints":{"allow":["GET"]}}],"collection":[{"href":"https:\/\/online.123.clinic\/fr\/wp-json\/wp\/v2\/pages"}],"about":[{"href":"https:\/\/online.123.clinic\/fr\/wp-json\/wp\/v2\/types\/page"}],"author":[{"embeddable":true,"href":"https:\/\/online.123.clinic\/fr\/wp-json\/wp\/v2\/users\/1"}],"replies":[{"embeddable":true,"href":"https:\/\/online.123.clinic\/fr\/wp-json\/wp\/v2\/comments?post=19301"}],"version-history":[{"count":21,"href":"https:\/\/online.123.clinic\/fr\/wp-json\/wp\/v2\/pages\/19301\/revisions"}],"predecessor-version":[{"id":23188,"href":"https:\/\/online.123.clinic\/fr\/wp-json\/wp\/v2\/pages\/19301\/revisions\/23188"}],"wp:attachment":[{"href":"https:\/\/online.123.clinic\/fr\/wp-json\/wp\/v2\/media?parent=19301"}],"curies":[{"name":"wp","href":"https:\/\/api.w.org\/{rel}","templated":true}]}}