{"id":22322,"date":"2024-10-10T19:58:39","date_gmt":"2024-10-10T19:58:39","guid":{"rendered":"https:\/\/online.123.clinic\/?post_type=product&#038;p=22322"},"modified":"2024-11-11T14:01:37","modified_gmt":"2024-11-11T14:01:37","slug":"es-plan-m-240","status":"publish","type":"product","link":"https:\/\/online.123.clinic\/es\/product\/es-plan-m-240\/","title":{"rendered":"Fair240 Plan M \u2013 240 comprimidos para blanquear la piel \u2013 Plan de 80 d\u00edas"},"content":{"rendered":"<p>\u2713 Contiene 240 comprimidos hecho en c\u00e1psula blanda para tomar por v\u00eda oral recubiertos de 650 mg de suplementos naturales<\/p>\n<p>\u2713 Cada comprimido contiene 500 mg de L-Glutati\u00f3n + 50 mg de \u00c1cido Alfa Lipoico + 40 mg de Vitamina C + 50 mg de Extracto de Semilla de Uva + 10 mg de Vitamina E para tomar por v\u00eda oral con un vaso de agua.<\/p>\n<p>\u2713 Valor nutricional de cada comprimido: 4,15 Kcal de energ\u00eda \/ 0,126 gramos de prote\u00ednas \/ 0,060 g de carbohidratos \/ 0,375 g de grasas \/ 0,067 g de \u00e1cidos grasos saturados \/ 0 mg de colesterol<\/p>\n<p>\u2713 Dosis triple de 240 comprimidos durante 80 d\u00edas a raz\u00f3n de 3 comprimidos al d\u00eda por la ma\u00f1ana<\/p>\n<p>\u2713 Productos naturales para reducir tus niveles naturales de melanina y evitar tratar la superficie de la piel.<\/p>\n<p>\u2713 Combinaci\u00f3n para maximizar los efectos blanqueadores.<\/p>\n<p>\u2713 Cada tableta ayuda a purificar la piel, fortalece el sistema inmunol\u00f3gico y tiene muchos otros beneficios comprobados.<\/p>\n<p>\u2713 Asistencia permanente incluida en el precio<\/p>\n<p>\u2713 Gastos de env\u00edo con seguimiento incluido en el precio<\/p>\n<p>\u2713 Cada env\u00edo contiene voluntariamente la cantidad m\u00ednima de embalaje y la caja es reutilizable<\/p>\n<p>\u2713\u00a0\u00a0<img decoding=\"async\" class=\"alignnone wp-image-21497\" src=\"https:\/\/i0.wp.com\/online.123.clinic\/wp-content\/uploads\/2023\/10\/trustpilot.png?resize=53%2C34&amp;ssl=1\" sizes=\"(max-width: 53px) 100vw, 53px\" srcset=\"https:\/\/i0.wp.com\/online.123.clinic\/wp-content\/uploads\/2023\/10\/trustpilot.png?resize=400%2C259&amp;ssl=1 400w, https:\/\/i0.wp.com\/online.123.clinic\/wp-content\/uploads\/2023\/10\/trustpilot.png?resize=150%2C97&amp;ssl=1 150w, https:\/\/i0.wp.com\/online.123.clinic\/wp-content\/uploads\/2023\/10\/trustpilot.png?w=563&amp;ssl=1 563w\" alt=\"\" width=\"53\" height=\"34\" data-recalc-dims=\"1\" \/> productos calificados como \u00abExcellent\u00bb en <strong><a href=\"https:\/\/www.trustpilot.com\/review\/123.clinic\" target=\"_blank\" rel=\"noopener\">Trustpilot<\/a><\/strong><\/p>\n","protected":false},"excerpt":{"rendered":"<p>\u2713 Contiene 240 comprimidos hecho en c\u00e1psula blanda para tomar por v\u00eda oral recubiertos de 650 mg de suplementos naturales<\/p>\n","protected":false},"featured_media":22261,"template":"","meta":[],"pwb-brand":[],"product_brand":[],"product_cat":[180],"product_tag":[],"class_list":{"0":"post-22322","1":"product","2":"type-product","3":"status-publish","4":"has-post-thumbnail","6":"product_cat-comprimidos","8":"first","9":"instock","10":"shipping-taxable","11":"purchasable","12":"product-type-simple"},"jetpack_sharing_enabled":true,"brands":[],"_links":{"self":[{"href":"https:\/\/online.123.clinic\/es\/wp-json\/wp\/v2\/product\/22322","targetHints":{"allow":["GET"]}}],"collection":[{"href":"https:\/\/online.123.clinic\/es\/wp-json\/wp\/v2\/product"}],"about":[{"href":"https:\/\/online.123.clinic\/es\/wp-json\/wp\/v2\/types\/product"}],"version-history":[{"count":2,"href":"https:\/\/online.123.clinic\/es\/wp-json\/wp\/v2\/product\/22322\/revisions"}],"predecessor-version":[{"id":22936,"href":"https:\/\/online.123.clinic\/es\/wp-json\/wp\/v2\/product\/22322\/revisions\/22936"}],"wp:featuredmedia":[{"embeddable":true,"href":"https:\/\/online.123.clinic\/es\/wp-json\/wp\/v2\/media\/22261"}],"wp:attachment":[{"href":"https:\/\/online.123.clinic\/es\/wp-json\/wp\/v2\/media?parent=22322"}],"wp:term":[{"taxonomy":"pwb-brand","embeddable":true,"href":"https:\/\/online.123.clinic\/es\/wp-json\/wp\/v2\/pwb-brand?post=22322"},{"taxonomy":"product_brand","embeddable":true,"href":"https:\/\/online.123.clinic\/es\/wp-json\/wp\/v2\/product_brand?post=22322"},{"taxonomy":"product_cat","embeddable":true,"href":"https:\/\/online.123.clinic\/es\/wp-json\/wp\/v2\/product_cat?post=22322"},{"taxonomy":"product_tag","embeddable":true,"href":"https:\/\/online.123.clinic\/es\/wp-json\/wp\/v2\/product_tag?post=22322"}],"curies":[{"name":"wp","href":"https:\/\/api.w.org\/{rel}","templated":true}]}}