{"id":22104,"date":"2024-10-09T14:27:15","date_gmt":"2024-10-09T14:27:15","guid":{"rendered":"https:\/\/online.123.clinic\/?post_type=product&#038;p=22104"},"modified":"2025-09-23T14:35:50","modified_gmt":"2025-09-23T14:35:50","slug":"plan-xl-inyecciones-para-aclarar-la-piel-40-inyecciones-optimizadas-con-11-ingredientes-10-a-20-semanas-todo-incluido","status":"publish","type":"product","link":"https:\/\/online.123.clinic\/es\/product\/plan-xl-inyecciones-para-aclarar-la-piel-40-inyecciones-optimizadas-con-11-ingredientes-10-a-20-semanas-todo-incluido\/","title":{"rendered":"Plan XL Inyecciones para aclarar la piel \u2013 40 inyecciones optimizadas con 11 ingredientes \u2013 5 semanas \u2013 todo incluido"},"content":{"rendered":"<p>\u2713 El plan est\u00e1 dise\u00f1ado para que recibas los productos en la direcci\u00f3n que elijas con asistencia permanente incluida cuando quieras<\/p>\n<p>\u2713 Los productos no son medicamentos sino que est\u00e1n clasificados en la categor\u00eda de suplementos alimenticios. Al ser antioxidantes, el efecto principal es el blanqueamiento de la piel pero tienen m\u00e1s de 15 beneficios para la salud comprobados desde siempre como refuerzo del sistema inmunol\u00f3gico, elasticidad de la piel, antienvejecimiento, etc.<\/p>\n<p>\u2713 Ayuda a purificar la piel, el plan revela una tez m\u00e1s brillante y radiante mientras se enfoca en la hiperpigmentaci\u00f3n para una piel m\u00e1s suave. Mejora la salud de la piel reponiendo nutrientes y desintoxicando, ayudando a eliminar los radicales libres. Previene las arrugas prematuras y los signos del envejecimiento, asegurando una apariencia juvenil.<\/p>\n<p><strong>Descripci\u00f3n y beneficios de los productos<\/strong><\/p>\n<p><img data-recalc-dims=\"1\" fetchpriority=\"high\" decoding=\"async\" class=\"alignnone wp-image-23285\" src=\"https:\/\/i0.wp.com\/online.123.clinic\/wp-content\/uploads\/2024\/10\/composition.png?resize=591%2C96&#038;ssl=1\" alt=\"\" width=\"591\" height=\"96\" srcset=\"https:\/\/i0.wp.com\/online.123.clinic\/wp-content\/uploads\/2024\/10\/composition.png?resize=400%2C65&amp;ssl=1 400w, https:\/\/i0.wp.com\/online.123.clinic\/wp-content\/uploads\/2024\/10\/composition.png?resize=768%2C125&amp;ssl=1 768w, https:\/\/i0.wp.com\/online.123.clinic\/wp-content\/uploads\/2024\/10\/composition.png?resize=700%2C114&amp;ssl=1 700w, https:\/\/i0.wp.com\/online.123.clinic\/wp-content\/uploads\/2024\/10\/composition.png?resize=150%2C24&amp;ssl=1 150w, https:\/\/i0.wp.com\/online.123.clinic\/wp-content\/uploads\/2024\/10\/composition.png?w=1057&amp;ssl=1 1057w\" sizes=\"(max-width: 591px) 100vw, 591px\" \/><\/p>\n<p>\u2713 El plan incluye 20 ampollas inyectables de 5 ml optimizadas para blanquear la piel que contienen cada una:<\/p>\n<ul>\n<li>1000 mg de glutati\u00f3n liposomal para apoyar el bienestar de la piel al aumentar los niveles de antioxidantes y ayudar con la desintoxicaci\u00f3n<\/li>\n<li>300 mg de inhibidores de melanina SLC24A5 para aclarar las manchas oscuras, la hiperpigmentaci\u00f3n y lograr un tono de piel uniforme<\/li>\n<li>1000 mg de vitamina C liposomal para estimular la producci\u00f3n de col\u00e1geno, reducir la aparici\u00f3n de arrugas y mejorar la elasticidad de la piel<\/li>\n<li>300 mg de \u00e1cido alfa lipoico para revitalizar la piel minimizando las l\u00edneas finas y promoviendo un brillo juvenil<\/li>\n<li>200 mg de coenzima Q10 para revitalizar las c\u00e9lulas de la piel, reducir las arrugas y mejorar la vitalidad general de la piel<\/li>\n<\/ul>\n<p>\u2713 El plan incluye 10 ampollas inyectables m\u00e1s de 5ml optimizadas para blanquear la piel que contienen cada una:<\/p>\n<ul>\n<li>300 mg de N-acetil-L-ciste\u00edna, un poderoso antioxidante que protege tu piel de los efectos del envejecimiento, promueve la hidrataci\u00f3n, reduce el acn\u00e9 y los problemas de pigmentaci\u00f3n<\/li>\n<li>200 mg de antioxidante de cardo mariano que promueve una piel clara y reduce la inflamaci\u00f3n, contribuyendo a una piel m\u00e1s radiante.<\/li>\n<li>100 mg del oligoelemento selenio para estimular los mecanismos de defensa de la piel y reducir la inflamaci\u00f3n. Con glutati\u00f3n fortalece tu piel frente a las agresiones externas<\/li>\n<li>300 mg de \u00e1cido alfa lipoico para revitalizar la piel minimizando las l\u00edneas finas y promoviendo una tez m\u00e1s joven<\/li>\n<li>1000 mg de vitamina C liposomal para combatir los radicales libres, mejorar la s\u00edntesis de col\u00e1geno y ayudar a conseguir un cutis hidratado y uniforme<\/li>\n<li>100 mg de L-glicina esenciales para mantener una piel joven y el\u00e1stica. Ayuda con la producci\u00f3n de col\u00e1geno y repara la piel da\u00f1ada, manteniendo el cutis brillante y resistente<\/li>\n<\/ul>\n<p>\u2713\u00a0 \u00a0El plan incluye luego otras 10 ampollas inyectables de 5 ml optimizadas para blanquear la piel que contienen:<\/p>\n<ul>\n<li>300 mg de \u00e1cido alfa lipoico para reducir las arrugas, neutralizar los radicales libres, mejorar el tono y la textura de la piel y retener la humedad para una apariencia hidratada<\/li>\n<li>200 mg de antioxidante de cardo mariano que promueve una piel clara y una apariencia de tez m\u00e1s luminosa<\/li>\n<li>100 mg de Coenzima Q10 para reducir las l\u00edneas finas y arrugas, estimular la regeneraci\u00f3n celular y proporcionar protecci\u00f3n antioxidante, mejorando la firmeza y elasticidad de la piel<\/li>\n<li>1000 mg de extractos de col\u00e1geno de origen vegetal para reponer los niveles de col\u00e1geno y son esenciales para mantener la elasticidad, fuerza y \u200b\u200bflexibilidad de la piel<\/li>\n<li>1000 mg de vitamina C para la regeneraci\u00f3n natural, repara la piel da\u00f1ada e inhibe la producci\u00f3n de melanina para una piel m\u00e1s brillante y uniforme<\/li>\n<\/ul>\n<p><strong>Dosis, contraindicaciones y Uso<\/strong><\/p>\n<p>\u2713 Cada ampolla debe administrarse por v\u00eda intravenosa. (en las venas) o intramuscular (en los m\u00fasculos) con goteo o jeringas seg\u00fan la pr\u00e1ctica de la enfermera<\/p>\n<p>\u2713 Cada inyecci\u00f3n (bajo supervisi\u00f3n m\u00e9dica y de acuerdo con las regulaciones locales) permite maximizar los efectos blanqueadores con la mayor tasa de absorci\u00f3n<\/p>\n<p>\u2713 Los productos son adecuados para cualquier persona, excepto aquellos que tienen problemas hep\u00e1ticos, alergias a los antioxidantes o mujeres embarazadas<\/p>\n<p><strong>Duraci\u00f3n del plan<\/strong><\/p>\n<p>\u2713 10 sesiones durante 5 semanas (2 sesiones por semana x 4 botellas &#8211; con 1 sesi\u00f3n con el primer tipo de botella + 1 sesi\u00f3n con el segundo o tercer tipo de botella)<\/p>\n<p><strong>Resultados y objetivos<\/strong><\/p>\n<p>\u2713 Recomendado para fototipos de piel alrededor de V<\/p>\n<p>\u2713 Dependiendo de su metabolismo y tipo de piel, el plan est\u00e1 dise\u00f1ado para durar un a\u00f1o y perder aproximadamente dos niveles de tipo de piel<\/p>\n<p><strong>Beneficios del plan<\/strong><\/p>\n<p>\u2713 Ahorra en promedio entre 3110 $ y 6650 $ si lo hace en Cl\u00ednicas como las de Bombay o Estambul y otras m\u00e1s<\/p>\n<p>\u2713 Es una soluci\u00f3n c\u00f3moda y rentable para quienes no pueden hacerlo en las cl\u00ednicas y, al mismo tiempo, se benefician de la asistencia 24 horas, los 7 d\u00edas de la semana incluida en el plan<\/p>\n<p>\u2713 Env\u00edos a todo el mundo con gastos de env\u00edo y seguimiento incluidos<\/p>\n<p>\u2713 Somos clasificados como n\u00famero 1 en muchos pa\u00edses y nuestros productos tienen la calificaci\u00f3n de Excelente en Trustpilot<\/p>\n<p>\u2713\u00a0\u00a0<img decoding=\"async\" class=\"alignnone wp-image-21497\" src=\"https:\/\/i0.wp.com\/online.123.clinic\/wp-content\/uploads\/2023\/10\/trustpilot.png?resize=53%2C34&amp;ssl=1\" sizes=\"(max-width: 53px) 100vw, 53px\" srcset=\"https:\/\/i0.wp.com\/online.123.clinic\/wp-content\/uploads\/2023\/10\/trustpilot.png?resize=400%2C259&amp;ssl=1 400w, https:\/\/i0.wp.com\/online.123.clinic\/wp-content\/uploads\/2023\/10\/trustpilot.png?resize=150%2C97&amp;ssl=1 150w, https:\/\/i0.wp.com\/online.123.clinic\/wp-content\/uploads\/2023\/10\/trustpilot.png?w=563&amp;ssl=1 563w\" alt=\"\" width=\"53\" height=\"34\" data-recalc-dims=\"1\" \/> Somos clasificados como n\u00famero 1 en muchos pa\u00edses y nuestros productos tienen la calificaci\u00f3n de Excelente en\u00a0 <a href=\"https:\/\/www.trustpilot.com\/review\/123.clinic?languages=es\" target=\"_blank\" rel=\"noopener\"><strong>Trustpilot<\/strong><\/a><\/p>\n","protected":false},"excerpt":{"rendered":"<p>\u2713 El plan est\u00e1 dise\u00f1ado para que recibas los productos en la direcci\u00f3n que elijas con asistencia permanente incluida cuando<\/p>\n","protected":false},"featured_media":21976,"template":"","meta":[],"pwb-brand":[],"product_brand":[],"product_cat":[128],"product_tag":[],"class_list":{"0":"post-22104","1":"product","2":"type-product","3":"status-publish","4":"has-post-thumbnail","6":"product_cat-inyeccion-para-blanquear-la-piel","8":"first","9":"instock","10":"shipping-taxable","11":"purchasable","12":"product-type-simple"},"jetpack_sharing_enabled":true,"brands":[],"_links":{"self":[{"href":"https:\/\/online.123.clinic\/es\/wp-json\/wp\/v2\/product\/22104","targetHints":{"allow":["GET"]}}],"collection":[{"href":"https:\/\/online.123.clinic\/es\/wp-json\/wp\/v2\/product"}],"about":[{"href":"https:\/\/online.123.clinic\/es\/wp-json\/wp\/v2\/types\/product"}],"version-history":[{"count":8,"href":"https:\/\/online.123.clinic\/es\/wp-json\/wp\/v2\/product\/22104\/revisions"}],"predecessor-version":[{"id":23479,"href":"https:\/\/online.123.clinic\/es\/wp-json\/wp\/v2\/product\/22104\/revisions\/23479"}],"wp:featuredmedia":[{"embeddable":true,"href":"https:\/\/online.123.clinic\/es\/wp-json\/wp\/v2\/media\/21976"}],"wp:attachment":[{"href":"https:\/\/online.123.clinic\/es\/wp-json\/wp\/v2\/media?parent=22104"}],"wp:term":[{"taxonomy":"pwb-brand","embeddable":true,"href":"https:\/\/online.123.clinic\/es\/wp-json\/wp\/v2\/pwb-brand?post=22104"},{"taxonomy":"product_brand","embeddable":true,"href":"https:\/\/online.123.clinic\/es\/wp-json\/wp\/v2\/product_brand?post=22104"},{"taxonomy":"product_cat","embeddable":true,"href":"https:\/\/online.123.clinic\/es\/wp-json\/wp\/v2\/product_cat?post=22104"},{"taxonomy":"product_tag","embeddable":true,"href":"https:\/\/online.123.clinic\/es\/wp-json\/wp\/v2\/product_tag?post=22104"}],"curies":[{"name":"wp","href":"https:\/\/api.w.org\/{rel}","templated":true}]}}