{"id":22075,"date":"2024-10-09T13:10:59","date_gmt":"2024-10-09T13:10:59","guid":{"rendered":"https:\/\/online.123.clinic\/?post_type=product&#038;p=22075"},"modified":"2025-06-02T10:59:32","modified_gmt":"2025-06-02T10:59:32","slug":"es-inyecciones-plan-xs","status":"publish","type":"product","link":"https:\/\/online.123.clinic\/es\/product\/es-inyecciones-plan-xs\/","title":{"rendered":"Plan XS Inyecciones para aclarar la piel \u2013 10 inyecciones optimizadas con 6 ingredientes \u2013 3 semanas \u2013 todo incluido"},"content":{"rendered":"<p>El plan incluye 10 ampollas de 5 ml optimizadas para blanquear la piel. Cada inyecci\u00f3n contiene:<\/p>\n<ul>\n<li>300 mg de N-acetil-L-ciste\u00edna, un potente antioxidante que protege la piel de los efectos del envejecimiento, favorece la hidrataci\u00f3n y es vital para reducir el acn\u00e9 y los problemas de pigmentaci\u00f3n<\/li>\n<li>200 mg de cardo mariano, un antioxidante que promueve una piel tersa y alivia la inflamaci\u00f3n, contribuyendo a una apariencia calmada y radiante<\/li>\n<li>100 mg de selenio, un oligoelemento que refuerza las defensas de la piel y reduce la inflamaci\u00f3n. Act\u00faa sin\u00e9rgicamente con el glutati\u00f3n para fortalecer la piel contra las agresiones externas<\/li>\n<li>300 mg de \u00e1cido alfa lipoico para ayudar a combatir los primeros signos del envejecimiento, reducir los poros y equilibrar la producci\u00f3n de grasa, manteniendo la piel suave y limpia<\/li>\n<li>1000 mg de vitamina C liposomal para combatir los radicales libres, potenciar la s\u00edntesis de col\u00e1geno y ayudar a lograr una tez hidratada y uniforme.<br \/>\n100 mg de L-glicina esencial para mantener una piel joven y el\u00e1stica. Favorece la producci\u00f3n de col\u00e1geno y repara la piel da\u00f1ada, manteniendo la tez radiante y resistente<\/li>\n<\/ul>\n<p>\u2713 Cada ampolla est\u00e1 hecha con suplementos naturales para administraci\u00f3n intravenosa. Inyecci\u00f3n intravenosa o intramuscular (en los m\u00fasculos) con goteo o jeringas.<\/p>\n<p>\u2713 Cada inyecci\u00f3n (bajo supervisi\u00f3n m\u00e9dica y de acuerdo con la normativa local) permite maximizar los efectos blanqueadores con la m\u00e1xima tasa de absorci\u00f3n.<\/p>\n<p>\u2713 Ayuda a purificar la piel y fortalecer el sistema inmunitario. El plan revela una tez m\u00e1s luminosa y radiante, a la vez que combate la hiperpigmentaci\u00f3n para una piel m\u00e1s suave. Mejora la salud de la piel al reponer nutrientes y desintoxicarla, ayudando a eliminar los radicales libres. Previene las arrugas prematuras y los signos de la edad, asegurando una apariencia juvenil.<\/p>\n<p>\u2713 3 sesiones durante 3 semanas (1 sesi\u00f3n por semana de 3 inyecciones hasta agotar las 10 ampollas).<\/p>\n<p>\u2713 Recomendado para fototipos de piel en torno a II\/III.<\/p>\n<p>\u2713 Ahorra de media entre 180 y 410 $ si lo realiza en cl\u00ednicas como Bombay o Estambul.<\/p>\n<p>\u2713\u00a0\u00a0<img decoding=\"async\" class=\"alignnone wp-image-21497\" src=\"https:\/\/i0.wp.com\/online.123.clinic\/wp-content\/uploads\/2023\/10\/trustpilot.png?resize=53%2C34&amp;ssl=1\" sizes=\"(max-width: 53px) 100vw, 53px\" srcset=\"https:\/\/i0.wp.com\/online.123.clinic\/wp-content\/uploads\/2023\/10\/trustpilot.png?resize=400%2C259&amp;ssl=1 400w, https:\/\/i0.wp.com\/online.123.clinic\/wp-content\/uploads\/2023\/10\/trustpilot.png?resize=150%2C97&amp;ssl=1 150w, https:\/\/i0.wp.com\/online.123.clinic\/wp-content\/uploads\/2023\/10\/trustpilot.png?w=563&amp;ssl=1 563w\" alt=\"\" width=\"53\" height=\"34\" data-recalc-dims=\"1\" \/> Productos calificados como Excelente en <strong><a href=\"https:\/\/www.trustpilot.com\/review\/123.clinic\" target=\"_blank\" rel=\"noopener\">Trustpilot<\/a><\/strong><\/p>\n<p>\u2713 Asistencia permanente incluida en el plan<\/p>\n<p>\u2713 Gastos de env\u00edo con seguimiento incluido en el precio<\/p>\n<p>\u2713 Embalajes minimizados y envases de cart\u00f3n reutilizables<\/p>\n","protected":false},"excerpt":{"rendered":"<p>El plan incluye 10 ampollas de 5 ml optimizadas para blanquear la piel. Cada inyecci\u00f3n contiene: 300 mg de N-acetil-L-ciste\u00edna,<\/p>\n","protected":false},"featured_media":21912,"template":"","meta":[],"pwb-brand":[],"product_brand":[],"product_cat":[128],"product_tag":[],"class_list":{"0":"post-22075","1":"product","2":"type-product","3":"status-publish","4":"has-post-thumbnail","6":"product_cat-inyeccion-para-blanquear-la-piel","8":"first","9":"instock","10":"shipping-taxable","11":"purchasable","12":"product-type-simple"},"jetpack_sharing_enabled":true,"brands":[],"_links":{"self":[{"href":"https:\/\/online.123.clinic\/es\/wp-json\/wp\/v2\/product\/22075","targetHints":{"allow":["GET"]}}],"collection":[{"href":"https:\/\/online.123.clinic\/es\/wp-json\/wp\/v2\/product"}],"about":[{"href":"https:\/\/online.123.clinic\/es\/wp-json\/wp\/v2\/types\/product"}],"version-history":[{"count":5,"href":"https:\/\/online.123.clinic\/es\/wp-json\/wp\/v2\/product\/22075\/revisions"}],"predecessor-version":[{"id":23601,"href":"https:\/\/online.123.clinic\/es\/wp-json\/wp\/v2\/product\/22075\/revisions\/23601"}],"wp:featuredmedia":[{"embeddable":true,"href":"https:\/\/online.123.clinic\/es\/wp-json\/wp\/v2\/media\/21912"}],"wp:attachment":[{"href":"https:\/\/online.123.clinic\/es\/wp-json\/wp\/v2\/media?parent=22075"}],"wp:term":[{"taxonomy":"pwb-brand","embeddable":true,"href":"https:\/\/online.123.clinic\/es\/wp-json\/wp\/v2\/pwb-brand?post=22075"},{"taxonomy":"product_brand","embeddable":true,"href":"https:\/\/online.123.clinic\/es\/wp-json\/wp\/v2\/product_brand?post=22075"},{"taxonomy":"product_cat","embeddable":true,"href":"https:\/\/online.123.clinic\/es\/wp-json\/wp\/v2\/product_cat?post=22075"},{"taxonomy":"product_tag","embeddable":true,"href":"https:\/\/online.123.clinic\/es\/wp-json\/wp\/v2\/product_tag?post=22075"}],"curies":[{"name":"wp","href":"https:\/\/api.w.org\/{rel}","templated":true}]}}