{"id":19501,"date":"2023-10-09T23:54:36","date_gmt":"2023-10-09T23:54:36","guid":{"rendered":"https:\/\/www.online.123.clinic\/informacion-de-entrega\/"},"modified":"2024-10-14T13:54:19","modified_gmt":"2024-10-14T13:54:19","slug":"how-to-choose","status":"publish","type":"page","link":"https:\/\/online.123.clinic\/es\/how-to-choose\/","title":{"rendered":"C\u00f3mo elegir mi plan"},"content":{"rendered":"\t\t<div data-elementor-type=\"wp-page\" data-elementor-id=\"19501\" class=\"elementor elementor-19501 elementor-15634\">\n\t\t\t\t<div class=\"elementor-element elementor-element-3cd13d0 e-grid e-con-boxed wd-section-disabled e-con e-parent\" data-id=\"3cd13d0\" data-element_type=\"container\" data-e-type=\"container\">\n\t\t\t\t\t<div class=\"e-con-inner\">\n\t\t\t\t<div class=\"elementor-element elementor-element-636d7d2 elementor-widget elementor-widget-wd_text_block\" data-id=\"636d7d2\" data-element_type=\"widget\" data-e-type=\"widget\" data-widget_type=\"wd_text_block.default\">\n\t\t\t\t<div class=\"elementor-widget-container\">\n\t\t\t\t\t\t\t<div class=\"wd-text-block reset-last-child text-left\">\n\t\t\t\n\t\t\t<p>\u00bfVes diferentes productos, cantidades o planes pero no sabes cu\u00e1l es el adecuado para ti? \u00a1No te preocupes, estamos aqu\u00ed para ayudarte!<\/p>\n\t\t\t\t\t<\/div>\n\t\t\t\t\t\t<\/div>\n\t\t\t\t<\/div>\n\t\t\t\t<div class=\"elementor-element elementor-element-cec9032 elementor-widget elementor-widget-wd_text_block\" data-id=\"cec9032\" data-element_type=\"widget\" data-e-type=\"widget\" data-widget_type=\"wd_text_block.default\">\n\t\t\t\t<div class=\"elementor-widget-container\">\n\t\t\t\t\t\t\t<div class=\"wd-text-block reset-last-child text-left\">\n\t\t\t\n\t\t\t<p>En caso contrario, compruebas t\u00fa mismo tu fototipo de piel desde el tipo I hasta el tipo VI y el plano que le acompa\u00f1a, ya sea mediante comprimidos orales o mediante inyecciones.<\/p>\n\t\t\t\t\t<\/div>\n\t\t\t\t\t\t<\/div>\n\t\t\t\t<\/div>\n\t\t\t\t<div class=\"elementor-element elementor-element-9724ca7 elementor-widget elementor-widget-wd_text_block\" data-id=\"9724ca7\" data-element_type=\"widget\" data-e-type=\"widget\" data-widget_type=\"wd_text_block.default\">\n\t\t\t\t<div class=\"elementor-widget-container\">\n\t\t\t\t\t\t\t<div class=\"wd-text-block reset-last-child text-left\">\n\t\t\t\n\t\t\t<p>Si deseas contactarnos directamente, est\u00e1 aqu\u00ed en Whatsapp:<\/p>\n\t\t\t\t\t<\/div>\n\t\t\t\t\t\t<\/div>\n\t\t\t\t<\/div>\n\t\t\t\t\t<\/div>\n\t\t\t\t<\/div>\n\t\t<div class=\"elementor-element elementor-element-39b5c03 e-flex e-con-boxed wd-section-disabled e-con e-parent\" data-id=\"39b5c03\" data-element_type=\"container\" data-e-type=\"container\">\n\t\t\t\t\t<div class=\"e-con-inner\">\n\t\t\t\t<div class=\"elementor-element elementor-element-deb6379 elementor-widget elementor-widget-wd_text_block\" data-id=\"deb6379\" data-element_type=\"widget\" data-e-type=\"widget\" data-widget_type=\"wd_text_block.default\">\n\t\t\t\t<div class=\"elementor-widget-container\">\n\t\t\t\t\t\t\t<div class=\"wd-text-block reset-last-child text-left\">\n\t\t\t\n\t\t\t<p><strong>Tipo de piel I<\/strong>: tez siempre p\u00e1lida, marfile\u00f1a, no puedes permanecer m\u00e1s de unos minutos al sol sin quemarte. No se recomiendan las inyecciones y se requieren tabletas para blanquear la piel en peque\u00f1as cantidades, el objetivo principal no es blanquear la piel sino aumentar la inmunidad de la piel.<\/p><p><strong>Planes recomendados<\/strong>: <a href=\"https:\/\/online.123.clinic\/es\/product\/es-plan-s-120\/\" target=\"_blank\" rel=\"noopener\"><span style=\"text-decoration: underline;\"><strong>Plan S con comprimidos<\/strong><\/span><\/a> o <a href=\"https:\/\/online.123.clinic\/es\/product\/es-plan-m-240\/\" target=\"_blank\" rel=\"noopener\"><span style=\"text-decoration: underline;\"><strong>Plan M con comprimidos<\/strong><\/span><\/a>\u00a0<b>\u00a0<\/b><\/p><p><strong>Tipo de piel II<\/strong>: tez clara est\u00e1ndar que requiere entre un 30 y un 50 % de protecci\u00f3n solar, pero no puede broncearse. Las inyecciones ayudar\u00edan, pero los comprimidos para blanquear la piel podr\u00edan ser suficientes.<\/p><p><strong>Planes recomendados<\/strong>: <a href=\"https:\/\/online.123.clinic\/es\/product\/es-plan-m-240\/\" target=\"_blank\" rel=\"noopener\"><span style=\"text-decoration: underline;\"><strong>Plan M con comprimidos<\/strong><\/span><\/a> - <a href=\"https:\/\/online.123.clinic\/es\/product\/es-plan-l-270\/\" target=\"_blank\" rel=\"noopener\"><span style=\"text-decoration: underline;\"><strong>Plan L con comprimidos<\/strong><\/span><\/a> o <a href=\"https:\/\/online.123.clinic\/es\/product\/es-inyecciones-plan-xs\/\" target=\"_blank\" rel=\"noopener\"><span style=\"text-decoration: underline;\"><strong>Plan XS con inyecciones<\/strong><\/span><\/a> - <a href=\"https:\/\/online.123.clinic\/es\/product\/es-inyecciones-plan-s\/\" target=\"_blank\" rel=\"noopener\"><span style=\"text-decoration: underline;\"><strong>Plan S con inyecciones<\/strong><\/span><\/a><\/p><p><strong>Tipo de piel III<\/strong>: tipo de piel miel, dorada o morena, puedes broncearte pero no quemarte con el sol. No se requieren inyecciones, pero las necesitar\u00edas.<\/p><p><strong>Planes recomendados<\/strong>: <a href=\"https:\/\/online.123.clinic\/es\/product\/es-plan-l-270\/\" target=\"_blank\" rel=\"noopener\"><span style=\"text-decoration: underline;\"><strong>Plan L con comprimidos<\/strong><\/span><\/a> o <a href=\"https:\/\/online.123.clinic\/es\/product\/es-inyecciones-plan-m\/\" target=\"_blank\" rel=\"noopener\"><span style=\"text-decoration: underline;\"><strong>Plan M con inyecciones<\/strong><\/span><\/a><\/p><p><strong>Tipo de piel IV<\/strong>: Tu piel se broncea f\u00e1cilmente sin quemarse y, a menudo, se considera de color marr\u00f3n medio.<\/p><p><strong>Planes recomendados<\/strong>: <a href=\"https:\/\/online.123.clinic\/es\/product\/es-plan-l-270\/\" target=\"_blank\" rel=\"noopener\"><span style=\"text-decoration: underline;\"><strong>Plan L con comprimidos<\/strong><\/span><\/a> - <a href=\"https:\/\/online.123.clinic\/es\/product\/es-plan-xl-360\/\" target=\"_blank\" rel=\"noopener\"><span style=\"text-decoration: underline;\"><strong>Plan XL con comprimidos<\/strong><\/span><\/a> o <a href=\"https:\/\/online.123.clinic\/es\/product\/es-inyecciones-plan-m\/\" target=\"_blank\" rel=\"noopener\"><span style=\"text-decoration: underline;\"><strong>Plan M con inyecciones<\/strong><\/span><\/a> - <a href=\"https:\/\/online.123.clinic\/es\/product\/es-inyecciones-l-plan\/\" target=\"_blank\" rel=\"noopener\"><span style=\"text-decoration: underline;\"><strong>Plan L con inyecciones<\/strong><\/span><\/a><\/p><p><strong>Tipo de piel V<\/strong>: te bronceas f\u00e1cil y r\u00e1pidamente sin quemarte. Tu color de piel marr\u00f3n oscuro requiere inyecciones o muchos comprimidos.<\/p><p><strong>Planes recomendados<\/strong>: <a href=\"https:\/\/online.123.clinic\/es\/product\/es-plan-xl-360\/\" target=\"_blank\" rel=\"noopener\"><span style=\"text-decoration: underline;\"><strong>Plan XL con comprimidos<\/strong><\/span><\/a> - <a href=\"https:\/\/online.123.clinic\/es\/product\/es-plan-2xl-600\/\" target=\"_blank\" rel=\"noopener\"><span style=\"text-decoration: underline;\"><strong>Plan 2XL con comprimidos<\/strong><\/span><\/a> o <a href=\"https:\/\/online.123.clinic\/es\/product\/es-inyecciones-l-plan\/\" target=\"_blank\" rel=\"noopener\"><span style=\"text-decoration: underline;\"><strong>Plan L con inyecciones<\/strong><\/span><\/a> - <a href=\"https:\/\/online.123.clinic\/es\/product\/plan-xl-inyecciones-para-aclarar-la-piel-40-inyecciones-optimizadas-con-11-ingredientes-10-a-20-semanas-todo-incluido\/\" target=\"_blank\" rel=\"noopener\"><span style=\"text-decoration: underline;\"><strong>Plan XL con inyecciones<\/strong><\/span><\/a><\/p><p><strong>Piel tipo VI<\/strong>: se broncea f\u00e1cil y r\u00e1pidamente sin quemarse. Tu color de piel oscuro requiere inyecciones o muchos comprimidos.<\/p><p><strong>Planes recomendados<\/strong>: <a href=\"https:\/\/online.123.clinic\/es\/product\/es-plan-xl-360\/\" target=\"_blank\" rel=\"noopener\"><span style=\"text-decoration: underline;\"><strong>Plan XL con comprimidos<\/strong><\/span><\/a> - <a href=\"https:\/\/online.123.clinic\/es\/product\/es-plan-2xl-600\/\" target=\"_blank\" rel=\"noopener\"><span style=\"text-decoration: underline;\"><strong>Plan 2XL con comprimidos<\/strong><\/span><\/a> o <a href=\"https:\/\/online.123.clinic\/es\/product\/plan-xl-inyecciones-para-aclarar-la-piel-40-inyecciones-optimizadas-con-11-ingredientes-10-a-20-semanas-todo-incluido\/\" target=\"_blank\" rel=\"noopener\"><span style=\"text-decoration: underline;\"><strong>Plan XL con inyecciones<\/strong><\/span><\/a> - <a href=\"https:\/\/online.123.clinic\/es\/product\/es-inyecciones-plan-2xl\/\" target=\"_blank\" rel=\"noopener\"><span style=\"text-decoration: underline;\"><strong>Plan 2XL con inyecciones<\/strong><\/span><\/a><\/p>\n\t\t\t\t\t<\/div>\n\t\t\t\t\t\t<\/div>\n\t\t\t\t<\/div>\n\t\t\t\t\t<\/div>\n\t\t\t\t<\/div>\n\t\t<div class=\"elementor-element elementor-element-0f96e3e e-flex e-con-boxed wd-section-disabled e-con e-parent\" data-id=\"0f96e3e\" data-element_type=\"container\" data-e-type=\"container\">\n\t\t\t\t\t<div class=\"e-con-inner\">\n\t\t\t\t<div class=\"elementor-element elementor-element-02b6432 elementor-widget elementor-widget-wd_image_or_svg\" data-id=\"02b6432\" data-element_type=\"widget\" data-e-type=\"widget\" data-widget_type=\"wd_image_or_svg.default\">\n\t\t\t\t<div class=\"elementor-widget-container\">\n\t\t\t\t\t\n\t\t<div class=\"wd-image text-left\">\n\t\t\t\t\t\t\t\t<img fetchpriority=\"high\" decoding=\"async\" width=\"1073\" height=\"409\" src=\"https:\/\/i0.wp.com\/online.123.clinic\/wp-content\/uploads\/2024\/10\/Filtzpatrick2.png?fit=1073%2C409&amp;ssl=1\" class=\"attachment-full size-full\" alt=\"\" srcset=\"https:\/\/i0.wp.com\/online.123.clinic\/wp-content\/uploads\/2024\/10\/Filtzpatrick2.png?w=1073&amp;ssl=1 1073w, https:\/\/i0.wp.com\/online.123.clinic\/wp-content\/uploads\/2024\/10\/Filtzpatrick2.png?resize=400%2C152&amp;ssl=1 400w, https:\/\/i0.wp.com\/online.123.clinic\/wp-content\/uploads\/2024\/10\/Filtzpatrick2.png?resize=768%2C293&amp;ssl=1 768w, https:\/\/i0.wp.com\/online.123.clinic\/wp-content\/uploads\/2024\/10\/Filtzpatrick2.png?resize=700%2C267&amp;ssl=1 700w, https:\/\/i0.wp.com\/online.123.clinic\/wp-content\/uploads\/2024\/10\/Filtzpatrick2.png?resize=150%2C57&amp;ssl=1 150w\" sizes=\"(max-width: 1000px) 100vw, 1000px\" \/>\t\t\t\t\t<\/div>\n\n\t\t\t\t\t\t<\/div>\n\t\t\t\t<\/div>\n\t\t\t\t\t<\/div>\n\t\t\t\t<\/div>\n\t\t\t\t<\/div>\n\t\t","protected":false},"excerpt":{"rendered":"<p>\u00bfVes diferentes productos, cantidades o planes pero no sabes cu\u00e1l es el adecuado para ti? \u00a1No te preocupes, estamos aqu\u00ed<\/p>\n","protected":false},"author":1,"featured_media":0,"parent":0,"menu_order":0,"comment_status":"closed","ping_status":"closed","template":"","meta":{"footnotes":""},"class_list":["post-19501","page","type-page","status-publish","hentry"],"jetpack_sharing_enabled":true,"_links":{"self":[{"href":"https:\/\/online.123.clinic\/es\/wp-json\/wp\/v2\/pages\/19501","targetHints":{"allow":["GET"]}}],"collection":[{"href":"https:\/\/online.123.clinic\/es\/wp-json\/wp\/v2\/pages"}],"about":[{"href":"https:\/\/online.123.clinic\/es\/wp-json\/wp\/v2\/types\/page"}],"author":[{"embeddable":true,"href":"https:\/\/online.123.clinic\/es\/wp-json\/wp\/v2\/users\/1"}],"replies":[{"embeddable":true,"href":"https:\/\/online.123.clinic\/es\/wp-json\/wp\/v2\/comments?post=19501"}],"version-history":[{"count":21,"href":"https:\/\/online.123.clinic\/es\/wp-json\/wp\/v2\/pages\/19501\/revisions"}],"predecessor-version":[{"id":22775,"href":"https:\/\/online.123.clinic\/es\/wp-json\/wp\/v2\/pages\/19501\/revisions\/22775"}],"wp:attachment":[{"href":"https:\/\/online.123.clinic\/es\/wp-json\/wp\/v2\/media?parent=19501"}],"curies":[{"name":"wp","href":"https:\/\/api.w.org\/{rel}","templated":true}]}}