{"id":19442,"date":"2021-10-12T15:51:09","date_gmt":"2021-10-12T15:51:09","guid":{"rendered":"https:\/\/www.online.123.clinic\/quienes-somos\/"},"modified":"2025-12-09T16:37:10","modified_gmt":"2025-12-09T16:37:10","slug":"quienes-somos","status":"publish","type":"page","link":"https:\/\/online.123.clinic\/es\/quienes-somos\/","title":{"rendered":"Qui\u00e9nes somos"},"content":{"rendered":"\t\t<div data-elementor-type=\"wp-page\" data-elementor-id=\"19442\" class=\"elementor elementor-19442 elementor-4400\">\n\t\t\t\t\t\t<section class=\"elementor-section elementor-top-section elementor-element elementor-element-3c548bca elementor-reverse-tablet elementor-reverse-mobile elementor-section-boxed elementor-section-height-default elementor-section-height-default wd-section-disabled\" data-id=\"3c548bca\" data-element_type=\"section\" data-e-type=\"section\">\n\t\t\t\t\t\t<div class=\"elementor-container elementor-column-gap-default\">\n\t\t\t\t\t<div class=\"elementor-column elementor-col-50 elementor-top-column elementor-element elementor-element-1d354ed7\" data-id=\"1d354ed7\" data-element_type=\"column\" data-e-type=\"column\">\n\t\t\t<div class=\"elementor-widget-wrap elementor-element-populated\">\n\t\t\t\t\t\t<div class=\"elementor-element elementor-element-3b8f1c6 elementor-widget elementor-widget-wd_image_or_svg\" data-id=\"3b8f1c6\" data-element_type=\"widget\" data-e-type=\"widget\" data-widget_type=\"wd_image_or_svg.default\">\n\t\t\t\t<div class=\"elementor-widget-container\">\n\t\t\t\t\t\n\t\t<div class=\"wd-image text-left\">\n\t\t\t\t\t\t\t\t<img fetchpriority=\"high\" decoding=\"async\" width=\"1920\" height=\"1033\" src=\"https:\/\/i0.wp.com\/online.123.clinic\/wp-content\/uploads\/2023\/10\/skin-whitening-123-clinic.png?fit=1920%2C1033&amp;ssl=1\" class=\"attachment-full size-full\" alt=\"\" srcset=\"https:\/\/i0.wp.com\/online.123.clinic\/wp-content\/uploads\/2023\/10\/skin-whitening-123-clinic.png?w=1920&amp;ssl=1 1920w, https:\/\/i0.wp.com\/online.123.clinic\/wp-content\/uploads\/2023\/10\/skin-whitening-123-clinic.png?resize=150%2C81&amp;ssl=1 150w, https:\/\/i0.wp.com\/online.123.clinic\/wp-content\/uploads\/2023\/10\/skin-whitening-123-clinic.png?resize=700%2C377&amp;ssl=1 700w, https:\/\/i0.wp.com\/online.123.clinic\/wp-content\/uploads\/2023\/10\/skin-whitening-123-clinic.png?resize=400%2C215&amp;ssl=1 400w, https:\/\/i0.wp.com\/online.123.clinic\/wp-content\/uploads\/2023\/10\/skin-whitening-123-clinic.png?resize=1300%2C699&amp;ssl=1 1300w, https:\/\/i0.wp.com\/online.123.clinic\/wp-content\/uploads\/2023\/10\/skin-whitening-123-clinic.png?resize=768%2C413&amp;ssl=1 768w, https:\/\/i0.wp.com\/online.123.clinic\/wp-content\/uploads\/2023\/10\/skin-whitening-123-clinic.png?resize=1536%2C826&amp;ssl=1 1536w, https:\/\/i0.wp.com\/online.123.clinic\/wp-content\/uploads\/2023\/10\/skin-whitening-123-clinic.png?resize=860%2C463&amp;ssl=1 860w\" sizes=\"(max-width: 1000px) 100vw, 1000px\" \/>\t\t\t\t\t<\/div>\n\n\t\t\t\t\t\t<\/div>\n\t\t\t\t<\/div>\n\t\t\t\t\t<\/div>\n\t\t<\/div>\n\t\t\t\t<div class=\"elementor-column elementor-col-50 elementor-top-column elementor-element elementor-element-7a9daa7\" data-id=\"7a9daa7\" data-element_type=\"column\" data-e-type=\"column\">\n\t\t\t<div class=\"elementor-widget-wrap elementor-element-populated\">\n\t\t\t\t\t\t<div class=\"elementor-element elementor-element-18566191 elementor-widget elementor-widget-wd_title\" data-id=\"18566191\" data-element_type=\"widget\" data-e-type=\"widget\" data-widget_type=\"wd_title.default\">\n\t\t\t\t<div class=\"elementor-widget-container\">\n\t\t\t\t\t\t\t<div class=\"title-wrapper set-mb-s reset-last-child wd-title-color-primary wd-title-style-default wd-title-size-large text-left\">\n\n\t\t\t\n\t\t\t<div class=\"liner-continer\">\n\t\t\t\t<h4 class=\"woodmart-title-container title wd-fontsize-xxl\">Acerca de nuestro laboratorio en l\u00ednea<\/h4> \n\t\t\t\t\t\t\t<\/div>\n\n\t\t\t\t\t<\/div>\n\t\t\t\t\t\t<\/div>\n\t\t\t\t<\/div>\n\t\t\t\t<div class=\"elementor-element elementor-element-cf34ae6 elementor-widget elementor-widget-wd_text_block\" data-id=\"cf34ae6\" data-element_type=\"widget\" data-e-type=\"widget\" data-widget_type=\"wd_text_block.default\">\n\t\t\t\t<div class=\"elementor-widget-container\">\n\t\t\t\t\t\t\t<div class=\"wd-text-block reset-last-child text-left\">\n\t\t\t\n\t\t\t<p>La tienda de blanqueamiento cut\u00e1neo 123.clinic es un laboratorio independiente dedicado a las soluciones de blanqueamiento cut\u00e1neo.<\/p><p>La red de cl\u00ednicas 123.clinic ayuda a cualquier persona con distintos tipos de tratamiento.<\/p><p data-start=\"2750\" data-end=\"3155\">Este laboratorio online es especialmente \u00fatil cuando las cl\u00ednicas locales ya no ofrecen tratamientos para aclarar la piel, cuando el acceso es limitado en su pa\u00eds o cuando prefiere seguir su plan de manera remota desde casa.<\/p>\n\t\t\t\t\t<\/div>\n\t\t\t\t\t\t<\/div>\n\t\t\t\t<\/div>\n\t\t\t\t\t<\/div>\n\t\t<\/div>\n\t\t\t\t\t<\/div>\n\t\t<\/section>\n\t\t\t\t<section class=\"elementor-section elementor-top-section elementor-element elementor-element-ae7f701 elementor-reverse-tablet elementor-reverse-mobile elementor-section-boxed elementor-section-height-default elementor-section-height-default wd-section-disabled\" data-id=\"ae7f701\" data-element_type=\"section\" data-e-type=\"section\">\n\t\t\t\t\t\t<div class=\"elementor-container elementor-column-gap-default\">\n\t\t\t\t\t<div class=\"elementor-column elementor-col-100 elementor-top-column elementor-element elementor-element-63ffdb8\" data-id=\"63ffdb8\" data-element_type=\"column\" data-e-type=\"column\">\n\t\t\t<div class=\"elementor-widget-wrap elementor-element-populated\">\n\t\t\t\t\t\t<div class=\"elementor-element elementor-element-25aea95 elementor-widget elementor-widget-wd_text_block\" data-id=\"25aea95\" data-element_type=\"widget\" data-e-type=\"widget\" data-widget_type=\"wd_text_block.default\">\n\t\t\t\t<div class=\"elementor-widget-container\">\n\t\t\t\t\t\t\t<div class=\"wd-text-block reset-last-child text-left\">\n\t\t\t\n\t\t\t<p data-start=\"2750\" data-end=\"3155\" style=\"margin-bottom: 20px; font-style: normal; font-variant-ligatures: normal; font-variant-caps: normal; font-family: &quot;Lucida Sans Unicode&quot;, &quot;Lucida Grande&quot;, sans-serif; font-size: 16px;\"><span style=\"font-weight: 400;\">Muc<\/span>hos de nuestros usuarios iniciaron su tratamiento en el extranjero y solo necesitan un seguimiento constante, dosis adicionales o un plan completo entregado.<\/p><p data-start=\"3157\" data-end=\"3390\" style=\"margin-bottom: 0px; font-style: normal; font-variant-ligatures: normal; font-variant-caps: normal; font-family: &quot;Lucida Sans Unicode&quot;, &quot;Lucida Grande&quot;, sans-serif; font-size: 16px;\">Nos dedicamos exclusivamente a soluciones para aclarar la piel, no a medicamentos ni servicios m\u00e9dicos.<b><br data-start=\"3260\" data-end=\"3263\"><\/b>\nNuestro papel es proporcionar productos de alta calidad, instrucciones claras y orientaci\u00f3n personalizada cuando sea necesario.<\/p><br><p><span style=\"font-family: &quot;Lucida Sans Unicode&quot;, &quot;Lucida Grande&quot;, sans-serif; font-size: 16px; font-style: normal; font-variant-ligatures: normal; font-variant-caps: normal;\"> <\/span><span style=\"font-size: 16px;\">Si lo desea, puede enviarnos una foto antes de realizar su pedido. Analizamos cada caso individualmente y respondemos personalmente para ayudarle a elegir el plan m\u00e1s adecuado y comprender c\u00f3mo funciona la suplementaci\u00f3n para aclarar la piel.<\/span><\/p>\n<p data-start=\"3636\" data-end=\"3647\">Creemos en:<\/p><b>\n<\/b><ul data-start=\"3649\" data-end=\"3978\"><b>\n<\/b><li data-start=\"3649\" data-end=\"3730\"><b>\n<\/b><p data-start=\"3651\" data-end=\"3730\"><b>Formulaciones naturales y seguras en lugar de alternativas qu\u00edmicas agresivas<\/b><\/p><b>\n<\/b><\/li><b>\n<\/b><li data-start=\"3731\" data-end=\"3807\"><b>\n<\/b><p data-start=\"3733\" data-end=\"3807\"><b>Productos que aportan beneficios adicionales para la piel y el bienestar<\/b><\/p><b>\n<\/b><\/li><b>\n<\/b><li data-start=\"3808\" data-end=\"3890\"><b>\n<\/b><p data-start=\"3810\" data-end=\"3890\"><b>Reducir la producci\u00f3n de melanina desde dentro, y no solo tratar la superficie<\/b><\/p><b>\n<\/b><\/li><b>\n<\/b><li data-start=\"3891\" data-end=\"3978\"><b>\n<\/b><p data-start=\"3893\" data-end=\"3978\"><b>Hacer accesible el aclaramiento de la piel de nivel profesional a quien lo necesite<\/b><\/p><\/li><\/ul>\n\t\t\t\t\t<\/div>\n\t\t\t\t\t\t<\/div>\n\t\t\t\t<\/div>\n\t\t\t\t\t<\/div>\n\t\t<\/div>\n\t\t\t\t\t<\/div>\n\t\t<\/section>\n\t\t\t\t<\/div>\n\t\t","protected":false},"excerpt":{"rendered":"<p>Acerca de nuestro laboratorio en l\u00ednea La tienda de blanqueamiento cut\u00e1neo 123.clinic es un laboratorio independiente dedicado a las soluciones<\/p>\n","protected":false},"author":1,"featured_media":0,"parent":0,"menu_order":0,"comment_status":"closed","ping_status":"closed","template":"","meta":{"footnotes":""},"class_list":["post-19442","page","type-page","status-publish","hentry"],"jetpack_sharing_enabled":true,"_links":{"self":[{"href":"https:\/\/online.123.clinic\/es\/wp-json\/wp\/v2\/pages\/19442","targetHints":{"allow":["GET"]}}],"collection":[{"href":"https:\/\/online.123.clinic\/es\/wp-json\/wp\/v2\/pages"}],"about":[{"href":"https:\/\/online.123.clinic\/es\/wp-json\/wp\/v2\/types\/page"}],"author":[{"embeddable":true,"href":"https:\/\/online.123.clinic\/es\/wp-json\/wp\/v2\/users\/1"}],"replies":[{"embeddable":true,"href":"https:\/\/online.123.clinic\/es\/wp-json\/wp\/v2\/comments?post=19442"}],"version-history":[{"count":3,"href":"https:\/\/online.123.clinic\/es\/wp-json\/wp\/v2\/pages\/19442\/revisions"}],"predecessor-version":[{"id":23832,"href":"https:\/\/online.123.clinic\/es\/wp-json\/wp\/v2\/pages\/19442\/revisions\/23832"}],"wp:attachment":[{"href":"https:\/\/online.123.clinic\/es\/wp-json\/wp\/v2\/media?parent=19442"}],"curies":[{"name":"wp","href":"https:\/\/api.w.org\/{rel}","templated":true}]}}