{"id":19298,"date":"2023-10-09T10:23:10","date_gmt":"2023-10-09T10:23:10","guid":{"rendered":"https:\/\/www.online.123.clinic\/politica-de-privacidad\/"},"modified":"2024-11-14T20:16:04","modified_gmt":"2024-11-14T20:16:04","slug":"fotos","status":"publish","type":"page","link":"https:\/\/online.123.clinic\/es\/fotos\/","title":{"rendered":"Fotos de antes y despu\u00e9s del blanqueamiento de la piel"},"content":{"rendered":"\t\t<div data-elementor-type=\"wp-page\" data-elementor-id=\"19298\" class=\"elementor elementor-19298 elementor-3\">\n\t\t\t\t<div class=\"elementor-element elementor-element-43a96ad7 e-flex e-con-boxed wd-section-disabled e-con e-parent\" data-id=\"43a96ad7\" data-element_type=\"container\" data-e-type=\"container\">\n\t\t\t\t\t<div class=\"e-con-inner\">\n\t\t\t\t<div class=\"elementor-element elementor-element-67ce747f color-scheme-inherit text-left elementor-widget elementor-widget-text-editor\" data-id=\"67ce747f\" data-element_type=\"widget\" data-e-type=\"widget\" data-widget_type=\"text-editor.default\">\n\t\t\t\t<div class=\"elementor-widget-container\">\n\t\t\t\t\t\t\t\t\t<h1>Fotos de antes y despu\u00e9s del blanqueamiento de la piel<\/h1><p>El objetivo no es mostrar en Internet fotos de usuarios que hayan utilizado nuestros productos. No se trata s\u00f3lo de una cuesti\u00f3n de privacidad, sino tambi\u00e9n de que, al ser el metabolismo de cada persona diferente, no tendr\u00eda ning\u00fan sentido. Por eso, en general, en Internet no se ven tantas fotos de antes y despu\u00e9s, salvo de famosos (que \u00abno tienen elecci\u00f3n\u00bb). Es imposible publicar en Internet una foto de cada usuario con sus indicadores metab\u00f3licos y sus objetivos individuales. Por eso, hemos decidido comentar las fotos de antes y despu\u00e9s de los famosos y analizar qu\u00e9 tipo de tratamiento utilizan.<\/p><h2>Fotos de antes y despu\u00e9s de haber utilizado planes de blanqueamiento intenso de la piel.<\/h2><p>Por planes de blanqueamiento intenso de la piel nos referimos necesariamente a inyecciones y usuarios que han perdido varios fototipos de piel o con resultados de piel m\u00e1s de un +50% m\u00e1s luminosa.<\/p><p><img fetchpriority=\"high\" decoding=\"async\" data-recalc-dims=\"1\" class=\"alignnone size-medium wp-image-22958\" src=\"https:\/\/i0.wp.com\/online.123.clinic\/wp-content\/uploads\/2024\/11\/online-123-clinic.png?resize=306%2C300&#038;ssl=1\" alt=\"skin whitening before after photo\" width=\"306\" height=\"300\" srcset=\"https:\/\/i0.wp.com\/online.123.clinic\/wp-content\/uploads\/2024\/11\/online-123-clinic.png?w=473&amp;ssl=1 473w, https:\/\/i0.wp.com\/online.123.clinic\/wp-content\/uploads\/2024\/11\/online-123-clinic.png?resize=306%2C300&amp;ssl=1 306w, https:\/\/i0.wp.com\/online.123.clinic\/wp-content\/uploads\/2024\/11\/online-123-clinic.png?resize=150%2C147&amp;ssl=1 150w\" sizes=\"(max-width: 306px) 100vw, 306px\" \/> <img decoding=\"async\" data-recalc-dims=\"1\" class=\"alignnone size-medium wp-image-22966\" src=\"https:\/\/i0.wp.com\/online.123.clinic\/wp-content\/uploads\/2024\/11\/skin-whitening-before-after-photo.png?resize=400%2C195&#038;ssl=1\" alt=\"skin whitening before after photo\" width=\"400\" height=\"195\" srcset=\"https:\/\/i0.wp.com\/online.123.clinic\/wp-content\/uploads\/2024\/11\/skin-whitening-before-after-photo.png?w=564&amp;ssl=1 564w, https:\/\/i0.wp.com\/online.123.clinic\/wp-content\/uploads\/2024\/11\/skin-whitening-before-after-photo.png?resize=400%2C195&amp;ssl=1 400w, https:\/\/i0.wp.com\/online.123.clinic\/wp-content\/uploads\/2024\/11\/skin-whitening-before-after-photo.png?resize=150%2C73&amp;ssl=1 150w\" sizes=\"(max-width: 400px) 100vw, 400px\" \/><\/p><p><img decoding=\"async\" data-recalc-dims=\"1\" class=\"alignnone size-medium wp-image-22982\" src=\"https:\/\/i0.wp.com\/online.123.clinic\/wp-content\/uploads\/2024\/11\/skin-whitening-before-after-photo-2.png?resize=400%2C247&#038;ssl=1\" alt=\"skin whitening before after photo\" width=\"400\" height=\"247\" srcset=\"https:\/\/i0.wp.com\/online.123.clinic\/wp-content\/uploads\/2024\/11\/skin-whitening-before-after-photo-2.png?w=588&amp;ssl=1 588w, https:\/\/i0.wp.com\/online.123.clinic\/wp-content\/uploads\/2024\/11\/skin-whitening-before-after-photo-2.png?resize=400%2C247&amp;ssl=1 400w, https:\/\/i0.wp.com\/online.123.clinic\/wp-content\/uploads\/2024\/11\/skin-whitening-before-after-photo-2.png?resize=150%2C93&amp;ssl=1 150w\" sizes=\"(max-width: 400px) 100vw, 400px\" \/><\/p><p>Estas celebridades son muy conocidas y todas ellas partieron de un nivel de color de piel muy alto, es decir, con un fototipo V o VI. La primera ha perdido alrededor de 4 fototipos mientras que la segunda 5 y la tercera 4.<\/p><p>Seguramente utilizaron un plan de tratamiento inicial y un plan de mantenimiento. Puede ser similar <a href=\"https:\/\/online.123.clinic\/es\/product\/es-inyecciones-plan-2xl\/\" target=\"_blank\" rel=\"noopener\"><strong>al plan de inyecciones para blanquear la piel 2XL<\/strong><\/a>.<\/p><h2>Fotos de antes y despu\u00e9s con planes de blanqueamiento de piel promedio o de fototipos inferiores al tipo V<\/h2><p><img loading=\"lazy\" decoding=\"async\" data-recalc-dims=\"1\" class=\"alignnone size-medium wp-image-22995\" src=\"https:\/\/i0.wp.com\/online.123.clinic\/wp-content\/uploads\/2024\/11\/Before-after-photos-having-used-average-skin-whitening-plans.png?resize=339%2C300&#038;ssl=1\" alt=\"Before after photos having used average skin whitening plans\" width=\"339\" height=\"300\" srcset=\"https:\/\/i0.wp.com\/online.123.clinic\/wp-content\/uploads\/2024\/11\/Before-after-photos-having-used-average-skin-whitening-plans.png?w=566&amp;ssl=1 566w, https:\/\/i0.wp.com\/online.123.clinic\/wp-content\/uploads\/2024\/11\/Before-after-photos-having-used-average-skin-whitening-plans.png?resize=339%2C300&amp;ssl=1 339w, https:\/\/i0.wp.com\/online.123.clinic\/wp-content\/uploads\/2024\/11\/Before-after-photos-having-used-average-skin-whitening-plans.png?resize=150%2C133&amp;ssl=1 150w\" sizes=\"(max-width: 339px) 100vw, 339px\" \/><\/p><p>Quiz\u00e1s haya usado inyecciones para perder alrededor de 2 niveles de color de piel, pero podr\u00eda haber usado <a href=\"https:\/\/online.123.clinic\/es\/product\/es-plan-xl-360\/\" target=\"_blank\" rel=\"noopener\"><strong>planes diarios de pastillas para blanquear la piel<\/strong><\/a>.<\/p><p><img loading=\"lazy\" decoding=\"async\" data-recalc-dims=\"1\" class=\"alignnone size-medium wp-image-23003\" src=\"https:\/\/i0.wp.com\/online.123.clinic\/wp-content\/uploads\/2024\/11\/Capture-decran-2024-11-08-120437.png?resize=344%2C300&#038;ssl=1\" alt=\"\" width=\"344\" height=\"300\" srcset=\"https:\/\/i0.wp.com\/online.123.clinic\/wp-content\/uploads\/2024\/11\/Capture-decran-2024-11-08-120437.png?w=391&amp;ssl=1 391w, https:\/\/i0.wp.com\/online.123.clinic\/wp-content\/uploads\/2024\/11\/Capture-decran-2024-11-08-120437.png?resize=344%2C300&amp;ssl=1 344w, https:\/\/i0.wp.com\/online.123.clinic\/wp-content\/uploads\/2024\/11\/Capture-decran-2024-11-08-120437.png?resize=150%2C131&amp;ssl=1 150w\" sizes=\"(max-width: 344px) 100vw, 344px\" \/><\/p><p>De un fototipo de piel V- ha llegado a un II+. Podr\u00eda haber utilizado un plan similar a <a href=\"https:\/\/online.123.clinic\/es\/product\/plan-xl-inyecciones-para-aclarar-la-piel-40-inyecciones-optimizadas-con-11-ingredientes-10-a-20-semanas-todo-incluido\/\" target=\"_blank\" rel=\"noopener\"><strong>un plan de inyecci\u00f3n de piel XL<\/strong><\/a>.<\/p><p><img loading=\"lazy\" decoding=\"async\" data-recalc-dims=\"1\" class=\"alignnone size-medium wp-image-23011\" src=\"https:\/\/i0.wp.com\/online.123.clinic\/wp-content\/uploads\/2024\/11\/Capture-decran-2024-11-08-120956.png?resize=400%2C200&#038;ssl=1\" alt=\"Before after photos having used average skin whitening plans\" width=\"400\" height=\"200\" srcset=\"https:\/\/i0.wp.com\/online.123.clinic\/wp-content\/uploads\/2024\/11\/Capture-decran-2024-11-08-120956.png?w=739&amp;ssl=1 739w, https:\/\/i0.wp.com\/online.123.clinic\/wp-content\/uploads\/2024\/11\/Capture-decran-2024-11-08-120956.png?resize=400%2C200&amp;ssl=1 400w, https:\/\/i0.wp.com\/online.123.clinic\/wp-content\/uploads\/2024\/11\/Capture-decran-2024-11-08-120956.png?resize=700%2C350&amp;ssl=1 700w, https:\/\/i0.wp.com\/online.123.clinic\/wp-content\/uploads\/2024\/11\/Capture-decran-2024-11-08-120956.png?resize=150%2C75&amp;ssl=1 150w\" sizes=\"(max-width: 400px) 100vw, 400px\" \/><\/p><p>De un fototipo de piel V- ha pasado a un fototipo de piel inferior a II. Solo un <a href=\"https:\/\/online.123.clinic\/es\/product\/es-inyecciones-plan-2xl\/\" target=\"_blank\" rel=\"noopener\"><strong>plan de inyecciones de blanqueamiento de piel 2XL<\/strong><\/a> puede permitirlo.<\/p><p><img loading=\"lazy\" decoding=\"async\" data-recalc-dims=\"1\" class=\"alignnone size-medium wp-image-23027\" src=\"https:\/\/i0.wp.com\/online.123.clinic\/wp-content\/uploads\/2024\/11\/Before-after-photos-having-used-intense-skin-whitening-plans.png?resize=400%2C260&#038;ssl=1\" alt=\"Before after photos having used intense skin whitening plans\" width=\"400\" height=\"260\" srcset=\"https:\/\/i0.wp.com\/online.123.clinic\/wp-content\/uploads\/2024\/11\/Before-after-photos-having-used-intense-skin-whitening-plans.png?w=612&amp;ssl=1 612w, https:\/\/i0.wp.com\/online.123.clinic\/wp-content\/uploads\/2024\/11\/Before-after-photos-having-used-intense-skin-whitening-plans.png?resize=400%2C260&amp;ssl=1 400w, https:\/\/i0.wp.com\/online.123.clinic\/wp-content\/uploads\/2024\/11\/Before-after-photos-having-used-intense-skin-whitening-plans.png?resize=150%2C98&amp;ssl=1 150w\" sizes=\"(max-width: 400px) 100vw, 400px\" \/><\/p><p>Ha perdido menos de 2 niveles de fototipos, en comparaci\u00f3n con un fototipo promedio. En su caso, <a href=\"https:\/\/online.123.clinic\/es\/product\/es-plan-2xl-600\/\" target=\"_blank\" rel=\"noopener\"><strong>las tabletas blanqueadoras de la piel, como el plan 2XL<\/strong><\/a>, pueden ser suficientes.<\/p>\t\t\t\t\t\t\t\t<\/div>\n\t\t\t\t<\/div>\n\t\t\t\t\t<\/div>\n\t\t\t\t<\/div>\n\t\t\t\t<\/div>\n\t\t","protected":false},"excerpt":{"rendered":"<p>Fotos de antes y despu\u00e9s del blanqueamiento de la piel El objetivo no es mostrar en Internet fotos de usuarios<\/p>\n","protected":false},"author":1,"featured_media":0,"parent":0,"menu_order":0,"comment_status":"closed","ping_status":"closed","template":"","meta":{"footnotes":""},"class_list":["post-19298","page","type-page","status-publish","hentry"],"jetpack_sharing_enabled":true,"_links":{"self":[{"href":"https:\/\/online.123.clinic\/es\/wp-json\/wp\/v2\/pages\/19298","targetHints":{"allow":["GET"]}}],"collection":[{"href":"https:\/\/online.123.clinic\/es\/wp-json\/wp\/v2\/pages"}],"about":[{"href":"https:\/\/online.123.clinic\/es\/wp-json\/wp\/v2\/types\/page"}],"author":[{"embeddable":true,"href":"https:\/\/online.123.clinic\/es\/wp-json\/wp\/v2\/users\/1"}],"replies":[{"embeddable":true,"href":"https:\/\/online.123.clinic\/es\/wp-json\/wp\/v2\/comments?post=19298"}],"version-history":[{"count":25,"href":"https:\/\/online.123.clinic\/es\/wp-json\/wp\/v2\/pages\/19298\/revisions"}],"predecessor-version":[{"id":23203,"href":"https:\/\/online.123.clinic\/es\/wp-json\/wp\/v2\/pages\/19298\/revisions\/23203"}],"wp:attachment":[{"href":"https:\/\/online.123.clinic\/es\/wp-json\/wp\/v2\/media?parent=19298"}],"curies":[{"name":"wp","href":"https:\/\/api.w.org\/{rel}","templated":true}]}}