{"id":22483,"date":"2024-10-11T15:48:01","date_gmt":"2024-10-11T15:48:01","guid":{"rendered":"https:\/\/online.123.clinic\/?post_type=product&#038;p=22483"},"modified":"2025-06-02T12:53:58","modified_gmt":"2025-06-02T12:53:58","slug":"hautaufhellungs-injektionsplan-2xl","status":"publish","type":"product","link":"https:\/\/online.123.clinic\/de\/product\/hautaufhellungs-injektionsplan-2xl\/","title":{"rendered":"Hautaufhellungs-Injektionsplan 2XL \u2013 60 Injektionen optimiert mit 11 Inhaltsstoffen \u2013 5 Wochen \u2013 alles inklusive"},"content":{"rendered":"<p>\u2713 Der Plan ist so gestaltet, dass Sie die Produkte an der Adresse Ihrer Wahl erhalten, inklusive permanenter Unterst\u00fctzung, wann immer Sie m\u00f6chten<\/p>\n<p>\u2713 Die Produkte sind keine Arzneimittel, sondern in die Kategorie Nahrungserg\u00e4nzungsmittel einzuordnen. Da es sich um Antioxidantien handelt, ist ihre Hauptwirkung die Aufhellung der Haut, sie haben jedoch seit jeher mehr als 15 nachgewiesene gesundheitliche Vorteile, wie z. B. St\u00e4rkung des Immunsystems, Hautelastizit\u00e4t, Anti-Aging usw.<\/p>\n<p>\u2713 Hilft bei der Reinigung der Haut. Der Plan sorgt f\u00fcr einen helleren, strahlenderen Teint und bek\u00e4mpft gleichzeitig Hyperpigmentierung f\u00fcr eine glattere Haut. Es verbessert die Gesundheit der Haut, indem es N\u00e4hrstoffe auff\u00fcllt, entgiftet und dabei hilft, freie Radikale zu eliminieren. Es beugt vorzeitiger Faltenbildung und Alterserscheinungen vor und sorgt f\u00fcr ein jugendliches Aussehen.<\/p>\n<p><strong>Produktbeschreibung und Vorteile<\/strong><\/p>\n<p>\u2713 Der Plan umfasst 20 injizierbare Ampullen zu je 5 ml, die f\u00fcr die Hautaufhellung optimiert sind und jeweils Folgendes enthalten:<\/p>\n<ul>\n<li>1.000 mg liposomales Glutathion unterst\u00fctzen das Wohlbefinden der Haut, indem sie den Antioxidantienspiegel erh\u00f6hen und bei der Entgiftung helfen<\/li>\n<li>300 mg SLC24A5-Melaninhemmer zur Aufhellung dunkler Flecken und Hyperpigmentierung und zur Erzielung eines gleichm\u00e4\u00dfigen Hauttons<\/li>\n<li>1000 mg liposomales Vitamin C stimulieren die Kollagenproduktion, reduzieren das Auftreten von Falten und verbessern die Hautelastizit\u00e4t<\/li>\n<li>300 mg Alpha-Lipons\u00e4ure zur Revitalisierung der Haut durch Minimierung feiner Linien und F\u00f6rderung eines jugendlicheren Teints<\/li>\n<li>200 mg Coenzym Q10 zur Revitalisierung der Hautzellen, zur Reduzierung von Falten und zur Verbesserung der allgemeinen Hautvitalit\u00e4t<\/li>\n<\/ul>\n<p>\u2713 Der Plan umfasst weitere 20 injizierbare 5-ml-Ampullen, die f\u00fcr die Hautaufhellung optimiert sind und jeweils Folgendes enthalten:<\/p>\n<ul>\n<li>300 mg N-Acetyl-L-Cystein, ein starkes Antioxidans, das Ihre Haut vor den Auswirkungen des Alterns sch\u00fctzt, die Hydratation f\u00f6rdert, Akne und Pigmentierungsprobleme reduziert<\/li>\n<li>200 mg Mariendistel-Antioxidans, das eine klare Haut f\u00f6rdert, Entz\u00fcndungen reduziert und zu einer strahlenderen Haut beitr\u00e4gt<\/li>\n<li>100 mg des Spurenelements Selen stimulieren die Abwehrmechanismen der Haut und reduzieren Entz\u00fcndungen. Mit Glutathion st\u00e4rkt es Ihre Haut gegen \u00e4u\u00dfere Einfl\u00fcsse<\/li>\n<li>300 mg Alpha-Lipons\u00e4ure zur Revitalisierung der Haut durch Minimierung feiner Linien und F\u00f6rderung eines jugendlicheren Teints<\/li>\n<li>1000 mg liposomales Vitamin C bek\u00e4mpfen freie Radikale, verbessern die Kollagensynthese und sorgen f\u00fcr einen hydratisierten, ebenm\u00e4\u00dfigen Teint<\/li>\n<li>100 mg L-Glycin sind f\u00fcr die Erhaltung einer jungen und elastischen Haut unerl\u00e4sslich. Es hilft bei der Kollagenproduktion und repariert gesch\u00e4digte Haut, sodass Ihr Teint strahlend und widerstandsf\u00e4hig bleibt<\/li>\n<\/ul>\n<p>\u2713 Der Plan umfasst dann 20 weitere 5-ml-Injektionsampullen, die f\u00fcr die Hautaufhellung optimiert sind und jeweils Folgendes enthalten:<\/p>\n<ul>\n<li>300 mg Alpha-Lipons\u00e4ure zur Faltenreduzierung, Neutralisierung freier Radikale, Verbesserung des Hauttons und der Hautstruktur, Speicherung der Feuchtigkeit f\u00fcr ein hydratisiertes Aussehen<\/li>\n<li>200 mg Mariendistel-Antioxidans, das eine klare Haut und ein strahlenderes Erscheinungsbild des Teints f\u00f6rdert<\/li>\n<li>100 mg Coenzym Q10 reduzieren feine Linien und Falten, stimulieren die Zellregeneration und bieten antioxidativen Schutz, wodurch die Festigkeit und Elastizit\u00e4t der Haut verbessert wird<\/li>\n<li>1000 mg pflanzliche Kollagenextrakte zur Auff\u00fcllung des Kollagenspiegels und unerl\u00e4sslich f\u00fcr die Aufrechterhaltung der Elastizit\u00e4t, St\u00e4rke und Geschmeidigkeit der Haut<\/li>\n<li>1000 mg Vitamin C f\u00fcr die nat\u00fcrliche Regeneration, reparieren gesch\u00e4digte Haut und hemmen die Melaninproduktion f\u00fcr eine strahlendere, gleichm\u00e4\u00dfigere Haut<\/li>\n<\/ul>\n<p><strong>Dosierung, Kontraindikationen und Anwendung<\/strong><\/p>\n<p>\u2713 Jede Ampulle ist je nach Praxis der Krankenschwester als intraven\u00f6se (in die Venen) oder intraven\u00f6se (in die Muskeln) Injektion mit einem Tropf oder einer Spritze einzunehmen<\/p>\n<p>\u2713 Jede Injektion (unter \u00e4rztlicher Aufsicht und gem\u00e4\u00df den \u00f6rtlichen Vorschriften) erm\u00f6glicht eine Maximierung der Aufhellungseffekte bei h\u00f6chster Absorptionsrate<\/p>\n<p>\u2713 Die Produkte sind f\u00fcr alle geeignet, au\u00dfer f\u00fcr Personen mit Leberproblemen, Antioxidantien-Allergien oder schwangeren Frauen<\/p>\n<p><strong>Laufzeit des Plans<\/strong><\/p>\n<p>\u2713 5 Sitzungen f\u00fcr 5 Wochen (1 oder 2 Sitzungen pro Woche basierend auf Ihrer Planung mit 12 Ampullen, die pro Woche verwendet werden sollen) mit 4 Ampullen jedes Typs.<\/p>\n<p><strong>Ergebnisse und Ziele<\/strong><\/p>\n<p>\u2713 Empfohlen f\u00fcr Hautfototyp um VI<\/p>\n<p>\u2713 Je nach Stoffwechsel und Hauttyp ist der Plan darauf ausgelegt, ein Jahr lang zu halten und etwa zwei Hauttypen zu verlieren<\/p>\n<p><strong>Vorteile des Plans<\/strong><\/p>\n<p>\u2713 Sie sparen im Durchschnitt 4.740 bis 10.250 US-Dollar, wenn Sie die Behandlung in Kliniken wie in Mumbai oder Istanbul und anderswo durchf\u00fchren<\/p>\n<p>\u2713 Es ist eine bequeme und kosteng\u00fcnstige L\u00f6sung f\u00fcr diejenigen, die dies in Kliniken nicht tun k\u00f6nnen, und profitiert gleichzeitig von der im Plan enthaltenen Unterst\u00fctzung rund um die Uhr<\/p>\n<p>\u2713 Weltweiter Versand inklusive Versandkosten und Sendungsverfolgung<\/p>\n<p>\u2713\u00a0\u00a0<img decoding=\"async\" class=\"alignnone wp-image-21497\" src=\"https:\/\/i0.wp.com\/online.123.clinic\/wp-content\/uploads\/2023\/10\/trustpilot.png?resize=53%2C34&amp;ssl=1\" sizes=\"(max-width: 53px) 100vw, 53px\" srcset=\"https:\/\/i0.wp.com\/online.123.clinic\/wp-content\/uploads\/2023\/10\/trustpilot.png?resize=400%2C259&amp;ssl=1 400w, https:\/\/i0.wp.com\/online.123.clinic\/wp-content\/uploads\/2023\/10\/trustpilot.png?resize=150%2C97&amp;ssl=1 150w, https:\/\/i0.wp.com\/online.123.clinic\/wp-content\/uploads\/2023\/10\/trustpilot.png?w=563&amp;ssl=1 563w\" alt=\"\" width=\"53\" height=\"34\" data-recalc-dims=\"1\" \/> Wir sind in vielen L\u00e4ndern die Nummer 1 und unsere Produkte wurden auf Trustpilot mit \u201eAusgezeichnet\u201c bewertet <a href=\"https:\/\/www.trustpilot.com\/review\/123.clinic?languages=de\" target=\"_blank\" rel=\"noopener\"><strong>Trustpilot<\/strong><\/a><\/p>\n","protected":false},"excerpt":{"rendered":"<p>\u2713 Der Plan ist so gestaltet, dass Sie die Produkte an der Adresse Ihrer Wahl erhalten, inklusive permanenter Unterst\u00fctzung, wann<\/p>\n","protected":false},"featured_media":21982,"template":"","meta":[],"pwb-brand":[],"product_brand":[],"product_cat":[123],"product_tag":[],"class_list":{"0":"post-22483","1":"product","2":"type-product","3":"status-publish","4":"has-post-thumbnail","6":"product_cat-injektion-zur-hautaufhellung","8":"first","9":"instock","10":"shipping-taxable","11":"purchasable","12":"product-type-simple"},"jetpack_sharing_enabled":true,"brands":[],"_links":{"self":[{"href":"https:\/\/online.123.clinic\/de\/wp-json\/wp\/v2\/product\/22483","targetHints":{"allow":["GET"]}}],"collection":[{"href":"https:\/\/online.123.clinic\/de\/wp-json\/wp\/v2\/product"}],"about":[{"href":"https:\/\/online.123.clinic\/de\/wp-json\/wp\/v2\/types\/product"}],"version-history":[{"count":7,"href":"https:\/\/online.123.clinic\/de\/wp-json\/wp\/v2\/product\/22483\/revisions"}],"predecessor-version":[{"id":23629,"href":"https:\/\/online.123.clinic\/de\/wp-json\/wp\/v2\/product\/22483\/revisions\/23629"}],"wp:featuredmedia":[{"embeddable":true,"href":"https:\/\/online.123.clinic\/de\/wp-json\/wp\/v2\/media\/21982"}],"wp:attachment":[{"href":"https:\/\/online.123.clinic\/de\/wp-json\/wp\/v2\/media?parent=22483"}],"wp:term":[{"taxonomy":"pwb-brand","embeddable":true,"href":"https:\/\/online.123.clinic\/de\/wp-json\/wp\/v2\/pwb-brand?post=22483"},{"taxonomy":"product_brand","embeddable":true,"href":"https:\/\/online.123.clinic\/de\/wp-json\/wp\/v2\/product_brand?post=22483"},{"taxonomy":"product_cat","embeddable":true,"href":"https:\/\/online.123.clinic\/de\/wp-json\/wp\/v2\/product_cat?post=22483"},{"taxonomy":"product_tag","embeddable":true,"href":"https:\/\/online.123.clinic\/de\/wp-json\/wp\/v2\/product_tag?post=22483"}],"curies":[{"name":"wp","href":"https:\/\/api.w.org\/{rel}","templated":true}]}}