{"id":22470,"date":"2024-10-11T14:42:22","date_gmt":"2024-10-11T14:42:22","guid":{"rendered":"https:\/\/online.123.clinic\/?post_type=product&#038;p=22470"},"modified":"2025-06-02T11:01:24","modified_gmt":"2025-06-02T11:01:24","slug":"de-hautaufhellungs-injektionsplan-xs","status":"publish","type":"product","link":"https:\/\/online.123.clinic\/de\/product\/de-hautaufhellungs-injektionsplan-xs\/","title":{"rendered":"Hautaufhellungs-Injektionsplan XS \u2013 10 Injektionen optimiert mit 6 Inhaltsstoffen \u2013 3 Wochen \u2013 alles inklusive"},"content":{"rendered":"<p>\u2713 Der Plan umfasst 10 Injektionsampullen \u00e0 5 ml, optimiert f\u00fcr die Hautaufhellung. Jede Injektion enth\u00e4lt:<\/p>\n<ul>\n<li>300 mg N-Acetyl-L-Cystein \u2013 ein starkes Antioxidans zum Schutz Ihrer Haut vor Alterung, unterst\u00fctzt die Feuchtigkeitsversorgung und ist wichtig zur Reduzierung von Akne und Pigmentst\u00f6rungen<\/li>\n<li>200 mg Mariendistel-Antioxidans f\u00f6rdert reine Haut, lindert Entz\u00fcndungen und tr\u00e4gt zu einem ruhigen und strahlenden Aussehen bei<\/li>\n<li>100 mg Selen-Spurenelement st\u00e4rkt die Abwehrkr\u00e4fte der Haut und reduziert Entz\u00fcndungen. Wirkt synergetisch mit Glutathion, um Ihre Haut gegen \u00e4u\u00dfere Einfl\u00fcsse zu st\u00e4rken<\/li>\n<li>300 mg Alpha-Lipons\u00e4ure bek\u00e4mpft fr\u00fche Zeichen der Hautalterung, verfeinert die Poren und reguliert die \u00d6lproduktion, damit Ihre Haut glatt und rein bleibt<\/li>\n<li>1000 mg liposomales Vitamin C bek\u00e4mpft freie Radikale, f\u00f6rdert die Kollagensynthese und sorgt f\u00fcr einen hydratisierten, ebenm\u00e4\u00dfigen Teint<\/li>\n<li>100 mg L-Glycin \u2013 essentiell f\u00fcr jugendliche und elastische Haut. Es f\u00f6rdert die Kollagenproduktion und repariert gesch\u00e4digte Haut. So bleibt Ihr Teint strahlend und widerstandsf\u00e4hig.<\/li>\n<\/ul>\n<p>\u2713 Jede Ampulle enth\u00e4lt nat\u00fcrliche Nahrungserg\u00e4nzungsmittel und kann intraven\u00f6s (in die Venen) oder intramuskul\u00e4r (in die Muskeln) mit einer Infusion oder Serynges eingenommen werden.<\/p>\n<p>\u2713 Jede Injektion (unter \u00e4rztlicher Aufsicht und gem\u00e4\u00df den \u00f6rtlichen Vorschriften) maximiert die aufhellende Wirkung und sorgt f\u00fcr eine optimale Absorption.<\/p>\n<p>\u2713 Es reinigt die Haut und st\u00e4rkt das Immunsystem. Die Formel sorgt f\u00fcr einen strahlenderen Teint und bek\u00e4mpft gleichzeitig Hyperpigmentierung f\u00fcr glattere Haut. Es verbessert die Hautgesundheit durch N\u00e4hrstoffversorgung und Entgiftung und hilft, freie Radikale zu eliminieren. Es beugt vorzeitiger F\u00e4ltchen und Zeichen der Hautalterung vor und sorgt f\u00fcr ein jugendliches Aussehen.<\/p>\n<p>\u2713 3 Sitzungen \u00fcber 3 Wochen (1 Sitzung pro Woche mit 3 Injektionen, bis die 10 Ampullen aufgebraucht sind)<\/p>\n<p>\u2713 Empfohlen f\u00fcr Hauttyp II\/III<\/p>\n<p>\u2713 Sie sparen durchschnittlich 180 $ bis 410 $, wenn Sie die Behandlung in Kliniken wie Mumbai oder Istanbul durchf\u00fchren lassen<\/p>\n<p>\u2713\u00a0\u00a0<img decoding=\"async\" class=\"alignnone wp-image-21497\" src=\"https:\/\/i0.wp.com\/online.123.clinic\/wp-content\/uploads\/2023\/10\/trustpilot.png?resize=53%2C34&amp;ssl=1\" sizes=\"(max-width: 53px) 100vw, 53px\" srcset=\"https:\/\/i0.wp.com\/online.123.clinic\/wp-content\/uploads\/2023\/10\/trustpilot.png?resize=400%2C259&amp;ssl=1 400w, https:\/\/i0.wp.com\/online.123.clinic\/wp-content\/uploads\/2023\/10\/trustpilot.png?resize=150%2C97&amp;ssl=1 150w, https:\/\/i0.wp.com\/online.123.clinic\/wp-content\/uploads\/2023\/10\/trustpilot.png?w=563&amp;ssl=1 563w\" alt=\"\" width=\"53\" height=\"34\" data-recalc-dims=\"1\" \/> Produkte wurden laut Trustpilot mit &#8222;Excellent&#8220; bewertet\u00a0 <strong><a href=\"https:\/\/www.trustpilot.com\/review\/123.clinic\" target=\"_blank\" rel=\"noopener\">Trustpilot<\/a><\/strong><\/p>\n<p>\u2713 Permanente Unterst\u00fctzung im Plan enthalten<\/p>\n<p>\u2713 Versandkosten mit Sendungsverfolgung im Preis inbegriffen<\/p>\n<p>\u2713 Minimierte Verpackung und wiederverwendbare Kartonverpackungen<\/p>\n","protected":false},"excerpt":{"rendered":"<p>\u2713 Der Plan umfasst 10 Injektionsampullen \u00e0 5 ml, optimiert f\u00fcr die Hautaufhellung. Jede Injektion enth\u00e4lt: 300 mg N-Acetyl-L-Cystein \u2013<\/p>\n","protected":false},"featured_media":22361,"template":"","meta":[],"pwb-brand":[],"product_brand":[],"product_cat":[123],"product_tag":[],"class_list":{"0":"post-22470","1":"product","2":"type-product","3":"status-publish","4":"has-post-thumbnail","6":"product_cat-injektion-zur-hautaufhellung","8":"first","9":"instock","10":"shipping-taxable","11":"purchasable","12":"product-type-simple"},"jetpack_sharing_enabled":true,"brands":[],"_links":{"self":[{"href":"https:\/\/online.123.clinic\/de\/wp-json\/wp\/v2\/product\/22470","targetHints":{"allow":["GET"]}}],"collection":[{"href":"https:\/\/online.123.clinic\/de\/wp-json\/wp\/v2\/product"}],"about":[{"href":"https:\/\/online.123.clinic\/de\/wp-json\/wp\/v2\/types\/product"}],"version-history":[{"count":4,"href":"https:\/\/online.123.clinic\/de\/wp-json\/wp\/v2\/product\/22470\/revisions"}],"predecessor-version":[{"id":23604,"href":"https:\/\/online.123.clinic\/de\/wp-json\/wp\/v2\/product\/22470\/revisions\/23604"}],"wp:featuredmedia":[{"embeddable":true,"href":"https:\/\/online.123.clinic\/de\/wp-json\/wp\/v2\/media\/22361"}],"wp:attachment":[{"href":"https:\/\/online.123.clinic\/de\/wp-json\/wp\/v2\/media?parent=22470"}],"wp:term":[{"taxonomy":"pwb-brand","embeddable":true,"href":"https:\/\/online.123.clinic\/de\/wp-json\/wp\/v2\/pwb-brand?post=22470"},{"taxonomy":"product_brand","embeddable":true,"href":"https:\/\/online.123.clinic\/de\/wp-json\/wp\/v2\/product_brand?post=22470"},{"taxonomy":"product_cat","embeddable":true,"href":"https:\/\/online.123.clinic\/de\/wp-json\/wp\/v2\/product_cat?post=22470"},{"taxonomy":"product_tag","embeddable":true,"href":"https:\/\/online.123.clinic\/de\/wp-json\/wp\/v2\/product_tag?post=22470"}],"curies":[{"name":"wp","href":"https:\/\/api.w.org\/{rel}","templated":true}]}}