{"id":19500,"date":"2023-10-09T23:54:36","date_gmt":"2023-10-09T23:54:36","guid":{"rendered":"https:\/\/www.online.123.clinic\/informationen-zur-lieferung\/"},"modified":"2024-10-14T14:53:09","modified_gmt":"2024-10-14T14:53:09","slug":"how-to-choose","status":"publish","type":"page","link":"https:\/\/online.123.clinic\/de\/how-to-choose\/","title":{"rendered":"Wie w\u00e4hle ich meinen Plan aus?"},"content":{"rendered":"\t\t<div data-elementor-type=\"wp-page\" data-elementor-id=\"19500\" class=\"elementor elementor-19500 elementor-15634\">\n\t\t\t\t<div class=\"elementor-element elementor-element-3b6394a e-flex e-con-boxed wd-section-disabled e-con e-parent\" data-id=\"3b6394a\" data-element_type=\"container\" data-e-type=\"container\">\n\t\t\t\t\t<div class=\"e-con-inner\">\n\t\t\t\t<div class=\"elementor-element elementor-element-a1d6a76 elementor-widget elementor-widget-wd_text_block\" data-id=\"a1d6a76\" data-element_type=\"widget\" data-e-type=\"widget\" data-widget_type=\"wd_text_block.default\">\n\t\t\t\t<div class=\"elementor-widget-container\">\n\t\t\t\t\t\t\t<div class=\"wd-text-block reset-last-child text-left\">\n\t\t\t\n\t\t\t<p>Sehen Sie verschiedene Produkte, Mengen oder Pl\u00e4ne, wissen aber nicht, was f\u00fcr Sie das Richtige ist? Keine Sorge, wir sind hier, um Ihnen zu helfen!<\/p><p>Wenn Sie uns direkt kontaktieren m\u00f6chten, finden Sie es hier auf WhatsApp:<\/p><p>Andernfalls \u00fcberpr\u00fcfen Sie selbst Ihren Hautfototyp von Typ I bis Typ VI und das dazugeh\u00f6rige Bild, entweder durch orale Tabletten oder durch Injektionen.<\/p>\n\t\t\t\t\t<\/div>\n\t\t\t\t\t\t<\/div>\n\t\t\t\t<\/div>\n\t\t\t\t\t<\/div>\n\t\t\t\t<\/div>\n\t\t<div class=\"elementor-element elementor-element-9440992 e-flex e-con-boxed wd-section-disabled e-con e-parent\" data-id=\"9440992\" data-element_type=\"container\" data-e-type=\"container\">\n\t\t\t\t\t<div class=\"e-con-inner\">\n\t\t\t\t<div class=\"elementor-element elementor-element-ad73f84 elementor-widget elementor-widget-wd_image_or_svg\" data-id=\"ad73f84\" data-element_type=\"widget\" data-e-type=\"widget\" data-widget_type=\"wd_image_or_svg.default\">\n\t\t\t\t<div class=\"elementor-widget-container\">\n\t\t\t\t\t\n\t\t<div class=\"wd-image text-left\">\n\t\t\t\t\t\t\t\t<img fetchpriority=\"high\" decoding=\"async\" width=\"1073\" height=\"409\" src=\"https:\/\/i0.wp.com\/online.123.clinic\/wp-content\/uploads\/2024\/10\/Filtzpatrick2.png?fit=1073%2C409&amp;ssl=1\" class=\"attachment-full size-full\" alt=\"\" srcset=\"https:\/\/i0.wp.com\/online.123.clinic\/wp-content\/uploads\/2024\/10\/Filtzpatrick2.png?w=1073&amp;ssl=1 1073w, https:\/\/i0.wp.com\/online.123.clinic\/wp-content\/uploads\/2024\/10\/Filtzpatrick2.png?resize=400%2C152&amp;ssl=1 400w, https:\/\/i0.wp.com\/online.123.clinic\/wp-content\/uploads\/2024\/10\/Filtzpatrick2.png?resize=768%2C293&amp;ssl=1 768w, https:\/\/i0.wp.com\/online.123.clinic\/wp-content\/uploads\/2024\/10\/Filtzpatrick2.png?resize=700%2C267&amp;ssl=1 700w, https:\/\/i0.wp.com\/online.123.clinic\/wp-content\/uploads\/2024\/10\/Filtzpatrick2.png?resize=150%2C57&amp;ssl=1 150w\" sizes=\"(max-width: 1000px) 100vw, 1000px\" \/>\t\t\t\t\t<\/div>\n\n\t\t\t\t\t\t<\/div>\n\t\t\t\t<\/div>\n\t\t\t\t\t<\/div>\n\t\t\t\t<\/div>\n\t\t<div class=\"elementor-element elementor-element-9303ef0 e-flex e-con-boxed wd-section-disabled e-con e-parent\" data-id=\"9303ef0\" data-element_type=\"container\" data-e-type=\"container\">\n\t\t\t\t\t<div class=\"e-con-inner\">\n\t\t\t\t<div class=\"elementor-element elementor-element-e960ad1 elementor-widget elementor-widget-wd_text_block\" data-id=\"e960ad1\" data-element_type=\"widget\" data-e-type=\"widget\" data-widget_type=\"wd_text_block.default\">\n\t\t\t\t<div class=\"elementor-widget-container\">\n\t\t\t\t\t\t\t<div class=\"wd-text-block reset-last-child text-left\">\n\t\t\t\n\t\t\t<p><strong>Hauttyp I<\/strong>: immer blasser, elfenbeinfarbener Teint, man kann sich nicht l\u00e4nger als ein paar Minuten in der Sonne aufhalten, ohne zu brennen. Injektionen werden nicht empfohlen und Hautaufhellungstabletten sind in kleinen Mengen erforderlich. Das Hauptziel besteht nicht darin, die Haut aufzuhellen, sondern die Immunit\u00e4t der Haut zu st\u00e4rken.<\/p><p><strong>Empfohlene Pl\u00e4ne<\/strong>: <a href=\"https:\/\/online.123.clinic\/de\/product\/de-plan-s-120-hautaufhellungstabletten\/\" target=\"_blank\" rel=\"noopener\"><strong><span style=\"text-decoration: underline;\">Plan S mit Tabletten<\/span><\/strong><\/a> oder <a href=\"https:\/\/online.123.clinic\/de\/product\/de-plan-m-240-hautaufhellungstabletten\/\" target=\"_blank\" rel=\"noopener\"><span style=\"text-decoration: underline;\"><strong>Plan M mit Tabletten<\/strong><\/span><\/a><\/p><p><strong>Hauttyp II<\/strong>: normaler heller Teint, der 30\u201350 % Sonnenschutz ben\u00f6tigt, aber nicht br\u00e4unen kann. Injektionen w\u00fcrden helfen, aber Hautaufhellungstabletten k\u00f6nnten ausreichen.<\/p><p><strong>Empfohlene Pl\u00e4ne<\/strong>: <a href=\"https:\/\/online.123.clinic\/de\/product\/de-plan-m-240-hautaufhellungstabletten\/\" target=\"_blank\" rel=\"noopener\"><span style=\"text-decoration: underline;\"><strong>Plan M mit Tabletten<\/strong><\/span><\/a> \u2013 <a href=\"https:\/\/online.123.clinic\/de\/product\/plan-l-270-hautaufhellungstabletten\/\" target=\"_blank\" rel=\"noopener\"><span style=\"text-decoration: underline;\"><strong>Plan L mit Tabletten<\/strong><\/span><\/a> oder <a href=\"https:\/\/online.123.clinic\/de\/product\/de-hautaufhellungs-injektionsplan-xs\/\" target=\"_blank\" rel=\"noopener\"><span style=\"text-decoration: underline;\"><strong>Plan XS mit Injektionen<\/strong><\/span><\/a> \u2013 <a href=\"https:\/\/online.123.clinic\/de\/product\/hautaufhellungs-injektionsplan-s\/\" target=\"_blank\" rel=\"noopener\"><span style=\"text-decoration: underline;\"><strong>Plan S mit Injektionen<\/strong><\/span><\/a><\/p><p><strong>Hauttyp III<\/strong>: honigfarbener, goldener oder brauner Hauttyp, man kann sich br\u00e4unen, aber keinen Sonnenbrand bekommen. Injektionen sind nicht erforderlich, aber Sie w\u00fcrden sie brauchen.<\/p><p><strong>Empfohlene Pl\u00e4ne<\/strong>: <a href=\"https:\/\/online.123.clinic\/de\/product\/plan-l-270-hautaufhellungstabletten\/\" target=\"_blank\" rel=\"noopener\">Plan L mit Tabletten<\/a> oder <a href=\"https:\/\/online.123.clinic\/de\/product\/hautaufhellungs-injektionsplan-m\/\" target=\"_blank\" rel=\"noopener\"><span style=\"text-decoration: underline;\"><strong>Plan M mit Injektionen<\/strong><\/span><\/a><\/p><p><strong>Hauttyp IV<\/strong>: Ihre Haut br\u00e4unt leicht, ohne zu brennen, und wird oft als mittelbraun angesehen.<\/p><p><strong>Empfohlene Pl\u00e4ne<\/strong>: <a href=\"https:\/\/online.123.clinic\/de\/product\/plan-l-270-hautaufhellungstabletten\/\" target=\"_blank\" rel=\"noopener\"><span style=\"text-decoration: underline;\"><strong>Plan L mit Tabletten<\/strong><\/span><\/a> \u2013 <a href=\"https:\/\/online.123.clinic\/de\/product\/plan-xl-360-hautaufhellungstabletten\/\" target=\"_blank\" rel=\"noopener\"><span style=\"text-decoration: underline;\"><strong>Plan XL mit Tabletten<\/strong><\/span><\/a> oder <a href=\"https:\/\/online.123.clinic\/de\/product\/hautaufhellungs-injektionsplan-m\/\" target=\"_blank\" rel=\"noopener\"><span style=\"text-decoration: underline;\"><strong>Plan M mit Injektionen<\/strong><\/span><\/a> \u2013 <a href=\"https:\/\/online.123.clinic\/de\/product\/hautaufhellungs-injektionsplan-l\/\" target=\"_blank\" rel=\"noopener\"><span style=\"text-decoration: underline;\"><strong>Plan L mit Injektionen<\/strong><\/span><\/a><\/p><p><strong>Hauttyp V<\/strong>: Sie br\u00e4unen einfach und schnell, ohne zu brennen. Ihre dunkelbraune Hautfarbe erfordert Injektionen oder viele Tabletten.<\/p><p><strong>Empfohlene Pl\u00e4ne<\/strong>: <a href=\"https:\/\/online.123.clinic\/de\/product\/plan-xl-360-hautaufhellungstabletten\/\" target=\"_blank\" rel=\"noopener\">Plan XL mit Tabletten<\/a> \u2013 <a href=\"https:\/\/online.123.clinic\/de\/product\/plan-2xl-600-hautaufhellungstabletten\/\" target=\"_blank\" rel=\"noopener\"><span style=\"text-decoration: underline;\"><strong>Plan 2XL mit Tabletten<\/strong><\/span><\/a> oder <a href=\"https:\/\/online.123.clinic\/de\/product\/hautaufhellungs-injektionsplan-l\/\" target=\"_blank\" rel=\"noopener\"><span style=\"text-decoration: underline;\"><strong>Plan L mit Injektionen<\/strong><\/span><\/a> \u2013 <a href=\"https:\/\/online.123.clinic\/de\/product\/hautaufhellungs-injektionsplan-xl\/\" target=\"_blank\" rel=\"noopener\"><span style=\"text-decoration: underline;\"><strong>Plan XL mit Injektionen<\/strong><\/span><\/a><\/p><p><strong>Hauttyp VI<\/strong>: Sie br\u00e4unen einfach und schnell, ohne zu brennen. Ihre dunkle Hautfarbe erfordert Injektionen oder viele Aufhellungstabletten.<\/p><p><strong>Empfohlene Pl\u00e4ne<\/strong>: <a href=\"https:\/\/online.123.clinic\/de\/product\/plan-xl-360-hautaufhellungstabletten\/\" target=\"_blank\" rel=\"noopener\"><span style=\"text-decoration: underline;\"><strong>Plan XL mit Tabletten<\/strong><\/span><\/a> \u2013 <a href=\"https:\/\/online.123.clinic\/de\/product\/plan-2xl-600-hautaufhellungstabletten\/\" target=\"_blank\" rel=\"noopener\"><span style=\"text-decoration: underline;\"><strong>Plan 2XL mit Tabletten<\/strong><\/span><\/a> oder <a href=\"https:\/\/online.123.clinic\/de\/product\/hautaufhellungs-injektionsplan-xl\/\" target=\"_blank\" rel=\"noopener\"><span style=\"text-decoration: underline;\"><strong>Plan XL mit Injektionen<\/strong><\/span><\/a> \u2013 <span style=\"text-decoration: underline;\"><a href=\"https:\/\/online.123.clinic\/de\/product\/hautaufhellungs-injektionsplan-2xl\/\" target=\"_blank\" rel=\"noopener\"><strong>Plan 2XL mit Injektionen<\/strong><\/a><\/span><\/p>\n\t\t\t\t\t<\/div>\n\t\t\t\t\t\t<\/div>\n\t\t\t\t<\/div>\n\t\t\t\t\t<\/div>\n\t\t\t\t<\/div>\n\t\t<div class=\"elementor-element elementor-element-a46e277 e-flex e-con-boxed wd-section-disabled e-con e-parent\" data-id=\"a46e277\" data-element_type=\"container\" data-e-type=\"container\">\n\t\t\t\t\t<div class=\"e-con-inner\">\n\t\t\t\t\t<\/div>\n\t\t\t\t<\/div>\n\t\t\t\t<\/div>\n\t\t","protected":false},"excerpt":{"rendered":"<p>Sehen Sie verschiedene Produkte, Mengen oder Pl\u00e4ne, wissen aber nicht, was f\u00fcr Sie das Richtige ist? Keine Sorge, wir sind<\/p>\n","protected":false},"author":1,"featured_media":0,"parent":0,"menu_order":0,"comment_status":"closed","ping_status":"closed","template":"","meta":{"footnotes":""},"class_list":["post-19500","page","type-page","status-publish","hentry"],"jetpack_sharing_enabled":true,"_links":{"self":[{"href":"https:\/\/online.123.clinic\/de\/wp-json\/wp\/v2\/pages\/19500","targetHints":{"allow":["GET"]}}],"collection":[{"href":"https:\/\/online.123.clinic\/de\/wp-json\/wp\/v2\/pages"}],"about":[{"href":"https:\/\/online.123.clinic\/de\/wp-json\/wp\/v2\/types\/page"}],"author":[{"embeddable":true,"href":"https:\/\/online.123.clinic\/de\/wp-json\/wp\/v2\/users\/1"}],"replies":[{"embeddable":true,"href":"https:\/\/online.123.clinic\/de\/wp-json\/wp\/v2\/comments?post=19500"}],"version-history":[{"count":23,"href":"https:\/\/online.123.clinic\/de\/wp-json\/wp\/v2\/pages\/19500\/revisions"}],"predecessor-version":[{"id":22796,"href":"https:\/\/online.123.clinic\/de\/wp-json\/wp\/v2\/pages\/19500\/revisions\/22796"}],"wp:attachment":[{"href":"https:\/\/online.123.clinic\/de\/wp-json\/wp\/v2\/media?parent=19500"}],"curies":[{"name":"wp","href":"https:\/\/api.w.org\/{rel}","templated":true}]}}