{"id":19435,"date":"2021-10-12T15:51:09","date_gmt":"2021-10-12T15:51:09","guid":{"rendered":"https:\/\/www.online.123.clinic\/ueber-uns\/"},"modified":"2025-12-09T16:41:54","modified_gmt":"2025-12-09T16:41:54","slug":"ueber-uns","status":"publish","type":"page","link":"https:\/\/online.123.clinic\/de\/ueber-uns\/","title":{"rendered":"\u00dcber uns"},"content":{"rendered":"\t\t<div data-elementor-type=\"wp-page\" data-elementor-id=\"19435\" class=\"elementor elementor-19435 elementor-4400\">\n\t\t\t\t\t\t<section class=\"elementor-section elementor-top-section elementor-element elementor-element-3c548bca elementor-reverse-tablet elementor-reverse-mobile elementor-section-boxed elementor-section-height-default elementor-section-height-default wd-section-disabled\" data-id=\"3c548bca\" data-element_type=\"section\" data-e-type=\"section\">\n\t\t\t\t\t\t<div class=\"elementor-container elementor-column-gap-default\">\n\t\t\t\t\t<div class=\"elementor-column elementor-col-50 elementor-top-column elementor-element elementor-element-1d354ed7\" data-id=\"1d354ed7\" data-element_type=\"column\" data-e-type=\"column\">\n\t\t\t<div class=\"elementor-widget-wrap elementor-element-populated\">\n\t\t\t\t\t\t<div class=\"elementor-element elementor-element-3b8f1c6 elementor-widget elementor-widget-wd_image_or_svg\" data-id=\"3b8f1c6\" data-element_type=\"widget\" data-e-type=\"widget\" data-widget_type=\"wd_image_or_svg.default\">\n\t\t\t\t<div class=\"elementor-widget-container\">\n\t\t\t\t\t\n\t\t<div class=\"wd-image text-left\">\n\t\t\t\t\t\t\t\t<img fetchpriority=\"high\" decoding=\"async\" width=\"1920\" height=\"1033\" src=\"https:\/\/i0.wp.com\/online.123.clinic\/wp-content\/uploads\/2023\/10\/skin-whitening-123-clinic.png?fit=1920%2C1033&amp;ssl=1\" class=\"attachment-full size-full\" alt=\"\" srcset=\"https:\/\/i0.wp.com\/online.123.clinic\/wp-content\/uploads\/2023\/10\/skin-whitening-123-clinic.png?w=1920&amp;ssl=1 1920w, https:\/\/i0.wp.com\/online.123.clinic\/wp-content\/uploads\/2023\/10\/skin-whitening-123-clinic.png?resize=150%2C81&amp;ssl=1 150w, https:\/\/i0.wp.com\/online.123.clinic\/wp-content\/uploads\/2023\/10\/skin-whitening-123-clinic.png?resize=700%2C377&amp;ssl=1 700w, https:\/\/i0.wp.com\/online.123.clinic\/wp-content\/uploads\/2023\/10\/skin-whitening-123-clinic.png?resize=400%2C215&amp;ssl=1 400w, https:\/\/i0.wp.com\/online.123.clinic\/wp-content\/uploads\/2023\/10\/skin-whitening-123-clinic.png?resize=1300%2C699&amp;ssl=1 1300w, https:\/\/i0.wp.com\/online.123.clinic\/wp-content\/uploads\/2023\/10\/skin-whitening-123-clinic.png?resize=768%2C413&amp;ssl=1 768w, https:\/\/i0.wp.com\/online.123.clinic\/wp-content\/uploads\/2023\/10\/skin-whitening-123-clinic.png?resize=1536%2C826&amp;ssl=1 1536w, https:\/\/i0.wp.com\/online.123.clinic\/wp-content\/uploads\/2023\/10\/skin-whitening-123-clinic.png?resize=860%2C463&amp;ssl=1 860w\" sizes=\"(max-width: 1000px) 100vw, 1000px\" \/>\t\t\t\t\t<\/div>\n\n\t\t\t\t\t\t<\/div>\n\t\t\t\t<\/div>\n\t\t\t\t\t<\/div>\n\t\t<\/div>\n\t\t\t\t<div class=\"elementor-column elementor-col-50 elementor-top-column elementor-element elementor-element-7a9daa7\" data-id=\"7a9daa7\" data-element_type=\"column\" data-e-type=\"column\">\n\t\t\t<div class=\"elementor-widget-wrap elementor-element-populated\">\n\t\t\t\t\t\t<div class=\"elementor-element elementor-element-18566191 elementor-widget elementor-widget-wd_title\" data-id=\"18566191\" data-element_type=\"widget\" data-e-type=\"widget\" data-widget_type=\"wd_title.default\">\n\t\t\t\t<div class=\"elementor-widget-container\">\n\t\t\t\t\t\t\t<div class=\"title-wrapper set-mb-s reset-last-child wd-title-color-primary wd-title-style-default wd-title-size-large text-left\">\n\n\t\t\t\n\t\t\t<div class=\"liner-continer\">\n\t\t\t\t<h4 class=\"woodmart-title-container title wd-fontsize-xxl\">\u00dcber unser Online-Labor<\/h4> \n\t\t\t\t\t\t\t<\/div>\n\n\t\t\t\t\t<\/div>\n\t\t\t\t\t\t<\/div>\n\t\t\t\t<\/div>\n\t\t\t\t<div class=\"elementor-element elementor-element-cf34ae6 elementor-widget elementor-widget-wd_text_block\" data-id=\"cf34ae6\" data-element_type=\"widget\" data-e-type=\"widget\" data-widget_type=\"wd_text_block.default\">\n\t\t\t\t<div class=\"elementor-widget-container\">\n\t\t\t\t\t\t\t<div class=\"wd-text-block reset-last-child text-left\">\n\t\t\t\n\t\t\t<p>Der 123.clinic skin whitening store ist ein unabh\u00e4ngiges Labor, das sich auf L\u00f6sungen zur Hautaufhellung spezialisiert hat.<\/p><p>Das 123.clinic-Kliniknetzwerk hilft jedem mit verschiedenen Arten von Behandlungen.<\/p>\n\t\t\t\t\t<\/div>\n\t\t\t\t\t\t<\/div>\n\t\t\t\t<\/div>\n\t\t\t\t\t<\/div>\n\t\t<\/div>\n\t\t\t\t\t<\/div>\n\t\t<\/section>\n\t\t\t\t<section class=\"elementor-section elementor-top-section elementor-element elementor-element-ae7f701 elementor-reverse-tablet elementor-reverse-mobile elementor-section-boxed elementor-section-height-default elementor-section-height-default wd-section-disabled\" data-id=\"ae7f701\" data-element_type=\"section\" data-e-type=\"section\">\n\t\t\t\t\t\t<div class=\"elementor-container elementor-column-gap-default\">\n\t\t\t\t\t<div class=\"elementor-column elementor-col-100 elementor-top-column elementor-element elementor-element-63ffdb8\" data-id=\"63ffdb8\" data-element_type=\"column\" data-e-type=\"column\">\n\t\t\t<div class=\"elementor-widget-wrap elementor-element-populated\">\n\t\t\t\t\t\t<div class=\"elementor-element elementor-element-25aea95 elementor-widget elementor-widget-wd_text_block\" data-id=\"25aea95\" data-element_type=\"widget\" data-e-type=\"widget\" data-widget_type=\"wd_text_block.default\">\n\t\t\t\t<div class=\"elementor-widget-container\">\n\t\t\t\t\t\t\t<div class=\"wd-text-block reset-last-child text-left\">\n\t\t\t\n\t\t\t<span style=\"font-family: &quot;Lucida Sans Unicode&quot;, &quot;Lucida Grande&quot;, sans-serif; font-size: 16px; font-style: normal; font-variant-ligatures: normal; font-variant-caps: normal; font-weight: 400;\">Dieses Online-Labor ist besonders hilfreich, wenn lokale Kliniken keine Hautaufhellungsbehandlungen mehr anbieten, der Zugang in Ihrem Land eingeschr\u00e4nkt ist oder Sie Ihren Plan lieber bequem von zu Hause aus fortf\u00fchren m\u00f6chten.<\/span><br data-start=\"4245\" data-end=\"4248\"><p style=\"margin-bottom: 20px; font-style: normal; font-variant-ligatures: normal; font-variant-caps: normal; font-weight: 400; font-family: 'Lucida Sans Unicode', 'Lucida Grande', sans-serif; font-size: 16px;\"><span style=\"font-family: &quot;Lucida Sans Unicode&quot;, &quot;Lucida Grande&quot;, sans-serif; font-size: 16px; font-style: normal; font-variant-ligatures: normal; font-variant-caps: normal; font-weight: 400;\">Viele unserer Nutzer haben ihre Behandlung im Ausland begonnen und ben\u00f6tigen lediglich eine kontinuierliche Nachversorgung, zus\u00e4tzliche Dosen oder einen vollst\u00e4ndigen, diskret gelieferten Plan.<\/span><\/p><br><p style=\"margin-bottom: 20px; font-style: normal; font-variant-ligatures: normal; font-variant-caps: normal; font-weight: 400; font-family: 'Lucida Sans Unicode', 'Lucida Grande', sans-serif; font-size: 16px;\"><span style=\"font-size: 16px;\">Wir konzentrieren uns ausschlie\u00dflich auf L\u00f6sungen zur Hautaufhellung \u2013 nicht auf Medikamente oder medizinische Dienstleistungen.<\/span><\/p><p style=\"font-style: normal; font-variant-ligatures: normal; font-variant-caps: normal; font-weight: 400; font-family: 'Lucida Sans Unicode', 'Lucida Grande', sans-serif; font-size: 16px;\" data-start=\"4443\" data-end=\"4683\">Unsere Aufgabe ist es, hochwertige Produkte, klare Anweisungen und pers\u00f6nliche Unterst\u00fctzung bereitzustellen.<\/p><p>&nbsp;<\/p><p data-start=\"4685\" data-end=\"4937\">Wenn Sie m\u00f6chten, k\u00f6nnen Sie uns vor der Bestellung ein Foto schicken. Wir pr\u00fcfen jeden Fall individuell und antworten pers\u00f6nlich, um Ihnen bei der Auswahl des passenden Plans zu helfen und zu erkl\u00e4ren, wie Hautaufhellungs-Supplementation funktioniert.<\/p><p data-start=\"4939\" data-end=\"4954\">Wir glauben an:<\/p><ul data-start=\"4956\" data-end=\"5281\"><li style=\"list-style-type: none;\"><ul data-start=\"4956\" data-end=\"5281\"><li data-start=\"4956\" data-end=\"5039\"><p data-start=\"4958\" data-end=\"5039\"><b>Nat\u00fcrliche und sichere Formulierungen statt aggressiver chemischer Alternativen<\/b><span style=\"font-size: 16px;\">&nbsp;<\/span><\/p><\/li><\/ul><\/li><\/ul><ul data-start=\"4956\" data-end=\"5281\"><li style=\"list-style-type: none;\"><ul data-start=\"4956\" data-end=\"5281\"><li data-start=\"5040\" data-end=\"5105\"><p data-start=\"5042\" data-end=\"5105\"><b>Produkte mit zus\u00e4tzlichen Vorteilen f\u00fcr Haut und Wohlbefinden<\/b><\/p><\/li><li data-start=\"5106\" data-end=\"5198\"><p data-start=\"5108\" data-end=\"5198\"><b>Eine Verringerung der Melaninproduktion von innen statt nur oberfl\u00e4chlicher Behandlungen<\/b><\/p><\/li><\/ul><\/li><\/ul>\n\t\t\t\t\t<\/div>\n\t\t\t\t\t\t<\/div>\n\t\t\t\t<\/div>\n\t\t\t\t\t<\/div>\n\t\t<\/div>\n\t\t\t\t\t<\/div>\n\t\t<\/section>\n\t\t\t\t<\/div>\n\t\t","protected":false},"excerpt":{"rendered":"<p>\u00dcber unser Online-Labor Der 123.clinic skin whitening store ist ein unabh\u00e4ngiges Labor, das sich auf L\u00f6sungen zur Hautaufhellung spezialisiert hat.<\/p>\n","protected":false},"author":1,"featured_media":0,"parent":0,"menu_order":0,"comment_status":"closed","ping_status":"closed","template":"","meta":{"footnotes":""},"class_list":["post-19435","page","type-page","status-publish","hentry"],"jetpack_sharing_enabled":true,"_links":{"self":[{"href":"https:\/\/online.123.clinic\/de\/wp-json\/wp\/v2\/pages\/19435","targetHints":{"allow":["GET"]}}],"collection":[{"href":"https:\/\/online.123.clinic\/de\/wp-json\/wp\/v2\/pages"}],"about":[{"href":"https:\/\/online.123.clinic\/de\/wp-json\/wp\/v2\/types\/page"}],"author":[{"embeddable":true,"href":"https:\/\/online.123.clinic\/de\/wp-json\/wp\/v2\/users\/1"}],"replies":[{"embeddable":true,"href":"https:\/\/online.123.clinic\/de\/wp-json\/wp\/v2\/comments?post=19435"}],"version-history":[{"count":9,"href":"https:\/\/online.123.clinic\/de\/wp-json\/wp\/v2\/pages\/19435\/revisions"}],"predecessor-version":[{"id":23841,"href":"https:\/\/online.123.clinic\/de\/wp-json\/wp\/v2\/pages\/19435\/revisions\/23841"}],"wp:attachment":[{"href":"https:\/\/online.123.clinic\/de\/wp-json\/wp\/v2\/media?parent=19435"}],"curies":[{"name":"wp","href":"https:\/\/api.w.org\/{rel}","templated":true}]}}