{"id":19321,"date":"2023-10-09T10:23:10","date_gmt":"2023-10-09T10:23:10","guid":{"rendered":"https:\/\/www.online.123.clinic\/datenschutzbestimmungen\/"},"modified":"2024-03-05T09:41:58","modified_gmt":"2024-03-05T09:41:58","slug":"private-daten","status":"publish","type":"page","link":"https:\/\/online.123.clinic\/de\/private-daten\/","title":{"rendered":"Datenschutzbestimmungen"},"content":{"rendered":"\r\n<h1 class=\"wp-block-heading\">Wer wir sind<\/h1>\r\n<p>Unsere Website-Adresse lautet: https:\/\/www.online.123.clinic. Unsere Informationswebsite ist <a href=\"https:\/\/www.123.clinic\/de\/behandlungen\/skin-whitening-solutions-at-home\">https:\/\/www.123.clinic\/en\/treatments\/skin-whitening-solutions-at-home<\/a><\/p>\r\n<h2>Cookies<\/h2>\r\n<p>Wenn Sie unsere Anmeldeseite besuchen, setzen wir ein tempor\u00e4res Cookie, um festzustellen, ob Ihr Browser Cookies akzeptiert. Dieses Cookie enth\u00e4lt keine personenbezogenen Daten und wird verworfen, wenn Sie Ihren Browser schlie\u00dfen.<\/p>\r\n<p>Wenn Sie sich anmelden, richten wir au\u00dferdem mehrere Cookies ein, um Ihre Anmeldeinformationen und Ihre Bildschirmanzeigeoptionen zu speichern. Anmelde-Cookies sind zwei Tage lang g\u00fcltig und Cookies f\u00fcr Bildschirmoptionen sind ein Jahr lang g\u00fcltig. Wenn Sie \u201eAngemeldet bleiben\u201c ausw\u00e4hlen, bleibt Ihr Login zwei Wochen lang bestehen. Wenn Sie sich von Ihrem Konto abmelden, werden die Anmeldecookies entfernt.<\/p>\r\n<p>&nbsp;<\/p>\r\n<h3>Mit wem wir Ihre Daten teilen<\/h3>\r\n<p>Wir geben keine Daten weiter und werden dies auch niemals tun. Wir verwenden Cookies nicht f\u00fcr Marketingzwecke.<\/p>\r\n<h4>Wie lange wir Ihre Daten aufbewahren<\/h4>\r\n<p>F\u00fcr Nutzer, die sich auf unserer Website registrieren (falls vorhanden), speichern wir auch die von ihnen angegebenen personenbezogenen Daten in ihrem Nutzerprofil. Alle Benutzer k\u00f6nnen ihre pers\u00f6nlichen Daten jederzeit einsehen, bearbeiten oder l\u00f6schen (au\u00dfer dass sie ihren Benutzernamen nicht \u00e4ndern k\u00f6nnen). Website-Administratoren k\u00f6nnen diese Informationen auch sehen und bearbeiten.<\/p>\r\n<h2>Welche Rechte Sie an Ihren Daten haben<\/h2>\r\n<p>Wenn Sie ein Konto auf dieser Website haben oder Kommentare hinterlassen haben, k\u00f6nnen Sie den Erhalt einer exportierten Datei der personenbezogenen Daten anfordern, die wir \u00fcber Sie gespeichert haben, einschlie\u00dflich aller Daten, die Sie uns zur Verf\u00fcgung gestellt haben. Sie k\u00f6nnen auch verlangen, dass wir alle personenbezogenen Daten, die wir \u00fcber Sie gespeichert haben, l\u00f6schen. Hiervon ausgenommen sind Daten, zu deren Aufbewahrung wir aus administrativen, rechtlichen oder Sicherheitsgr\u00fcnden verpflichtet sind.<\/p>\r\n","protected":false},"excerpt":{"rendered":"<p>Wer wir sind Unsere Website-Adresse lautet: https:\/\/www.online.123.clinic. Unsere Informationswebsite ist https:\/\/www.123.clinic\/en\/treatments\/skin-whitening-solutions-at-home Cookies Wenn Sie unsere Anmeldeseite besuchen, setzen wir ein<\/p>\n","protected":false},"author":1,"featured_media":0,"parent":0,"menu_order":0,"comment_status":"closed","ping_status":"closed","template":"","meta":{"footnotes":""},"class_list":["post-19321","page","type-page","status-publish","hentry"],"jetpack_sharing_enabled":true,"_links":{"self":[{"href":"https:\/\/online.123.clinic\/de\/wp-json\/wp\/v2\/pages\/19321","targetHints":{"allow":["GET"]}}],"collection":[{"href":"https:\/\/online.123.clinic\/de\/wp-json\/wp\/v2\/pages"}],"about":[{"href":"https:\/\/online.123.clinic\/de\/wp-json\/wp\/v2\/types\/page"}],"author":[{"embeddable":true,"href":"https:\/\/online.123.clinic\/de\/wp-json\/wp\/v2\/users\/1"}],"replies":[{"embeddable":true,"href":"https:\/\/online.123.clinic\/de\/wp-json\/wp\/v2\/comments?post=19321"}],"version-history":[{"count":3,"href":"https:\/\/online.123.clinic\/de\/wp-json\/wp\/v2\/pages\/19321\/revisions"}],"predecessor-version":[{"id":20680,"href":"https:\/\/online.123.clinic\/de\/wp-json\/wp\/v2\/pages\/19321\/revisions\/20680"}],"wp:attachment":[{"href":"https:\/\/online.123.clinic\/de\/wp-json\/wp\/v2\/media?parent=19321"}],"curies":[{"name":"wp","href":"https:\/\/api.w.org\/{rel}","templated":true}]}}